{"id":3752,"date":"2022-11-16T20:45:31","date_gmt":"2022-11-16T22:45:31","guid":{"rendered":"http:\/\/ltim.lt\/?page_id=3752"},"modified":"2022-11-16T20:45:32","modified_gmt":"2022-11-16T22:45:32","slug":"svente-raiziu-kaime","status":"publish","type":"page","link":"https:\/\/ltim.lt\/en\/galerija\/vietoves\/alytus\/svente-raiziu-kaime\/","title":{"rendered":"\u0160vent\u0117 Rai\u017ei\u0173 kaime"},"content":{"rendered":"\n<p><img loading=\"lazy\" class=\"aligncenter size-medium\" src=\"https:\/\/pirmynpopasauli.files.wordpress.com\/2022\/11\/image-43.png\" width=\"849\" height=\"653\" \/><\/p>\n<p style=\"text-align: center;\">\u0160vent\u0117 Rai\u017ei\u0173 kaime (Jakubausk\u0173, Makulavi\u010di\u0173 ir \u0160afranavi\u010di\u0173 \u0161eimos), XX a. 6 de\u0161.<\/p>\n","protected":false},"excerpt":{"rendered":"<p>\u0160vent\u0117 Rai\u017ei\u0173 kaime (Jakubausk\u0173, Makulavi\u010di\u0173 ir \u0160afranavi\u010di\u0173 \u0161eimos), XX a. 6 de\u0161.<\/p>\n","protected":false},"author":1,"featured_media":0,"parent":153,"menu_order":0,"comment_status":"closed","ping_status":"closed","template":"page-text.php","meta":[],"_links":{"self":[{"href":"https:\/\/ltim.lt\/en\/wp-json\/wp\/v2\/pages\/3752"}],"collection":[{"href":"https:\/\/ltim.lt\/en\/wp-json\/wp\/v2\/pages"}],"about":[{"href":"https:\/\/ltim.lt\/en\/wp-json\/wp\/v2\/types\/page"}],"author":[{"embeddable":true,"href":"https:\/\/ltim.lt\/en\/wp-json\/wp\/v2\/users\/1"}],"replies":[{"embeddable":true,"href":"https:\/\/ltim.lt\/en\/wp-json\/wp\/v2\/comments?post=3752"}],"version-history":[{"count":1,"href":"https:\/\/ltim.lt\/en\/wp-json\/wp\/v2\/pages\/3752\/revisions"}],"predecessor-version":[{"id":3753,"href":"https:\/\/ltim.lt\/en\/wp-json\/wp\/v2\/pages\/3752\/revisions\/3753"}],"up":[{"embeddable":true,"href":"https:\/\/ltim.lt\/en\/wp-json\/wp\/v2\/pages\/153"}],"wp:attachment":[{"href":"https:\/\/ltim.lt\/en\/wp-json\/wp\/v2\/media?parent=3752"}],"curies":[{"name":"wp","href":"https:\/\/api.w.org\/{rel}","templated":true}]}}