{"id":3749,"date":"2022-11-16T20:43:20","date_gmt":"2022-11-16T22:43:20","guid":{"rendered":"http:\/\/ltim.lt\/?page_id=3749"},"modified":"2022-11-16T20:43:21","modified_gmt":"2022-11-16T22:43:21","slug":"butrimoniu-miestelio-gyventoju-krinicku-seimos-nuotrauka","status":"publish","type":"page","link":"https:\/\/ltim.lt\/en\/galerija\/vietoves\/butrimonys\/butrimoniu-miestelio-gyventoju-krinicku-seimos-nuotrauka\/","title":{"rendered":"Butrimoni\u0173 miestelio gyventoj\u0173 Krinick\u0173 \u0161eimos nuotrauka"},"content":{"rendered":"\n<p><img loading=\"lazy\" class=\"aligncenter size-medium\" src=\"https:\/\/pirmynpopasauli.files.wordpress.com\/2022\/11\/image-42.png\" width=\"659\" height=\"858\" \/><\/p>\n<p style=\"text-align: center;\">Butrimoni\u0173 miestelio gyventoj\u0173 Krinick\u0173 \u0161eimos nuotrauka, XX a. 5 de\u0161.<\/p>\n","protected":false},"excerpt":{"rendered":"<p>Butrimoni\u0173 miestelio gyventoj\u0173 Krinick\u0173 \u0161eimos nuotrauka, XX a. 5 de\u0161.<\/p>\n","protected":false},"author":1,"featured_media":0,"parent":3747,"menu_order":0,"comment_status":"closed","ping_status":"closed","template":"page-text.php","meta":[],"_links":{"self":[{"href":"https:\/\/ltim.lt\/en\/wp-json\/wp\/v2\/pages\/3749"}],"collection":[{"href":"https:\/\/ltim.lt\/en\/wp-json\/wp\/v2\/pages"}],"about":[{"href":"https:\/\/ltim.lt\/en\/wp-json\/wp\/v2\/types\/page"}],"author":[{"embeddable":true,"href":"https:\/\/ltim.lt\/en\/wp-json\/wp\/v2\/users\/1"}],"replies":[{"embeddable":true,"href":"https:\/\/ltim.lt\/en\/wp-json\/wp\/v2\/comments?post=3749"}],"version-history":[{"count":2,"href":"https:\/\/ltim.lt\/en\/wp-json\/wp\/v2\/pages\/3749\/revisions"}],"predecessor-version":[{"id":3751,"href":"https:\/\/ltim.lt\/en\/wp-json\/wp\/v2\/pages\/3749\/revisions\/3751"}],"up":[{"embeddable":true,"href":"https:\/\/ltim.lt\/en\/wp-json\/wp\/v2\/pages\/3747"}],"wp:attachment":[{"href":"https:\/\/ltim.lt\/en\/wp-json\/wp\/v2\/media?parent=3749"}],"curies":[{"name":"wp","href":"https:\/\/api.w.org\/{rel}","templated":true}]}}