{"id":3745,"date":"2022-11-16T20:40:44","date_gmt":"2022-11-16T22:40:44","guid":{"rendered":"http:\/\/ltim.lt\/?page_id=3745"},"modified":"2022-11-16T20:40:44","modified_gmt":"2022-11-16T22:40:44","slug":"danielius-makulavicius-raiziu-kaimo-gyventojas","status":"publish","type":"page","link":"https:\/\/ltim.lt\/en\/galerija\/vietoves\/alytus\/danielius-makulavicius-raiziu-kaimo-gyventojas\/","title":{"rendered":"Danielius Makulavi\u010dius Rai\u017ei\u0173 kaimo gyventojas"},"content":{"rendered":"\n<p><img loading=\"lazy\" class=\"aligncenter size-medium\" src=\"https:\/\/pirmynpopasauli.files.wordpress.com\/2022\/11\/image-41.png\" width=\"676\" height=\"898\" \/><\/p>\n<p style=\"text-align: center;\">Danielius Makulavi\u010dius Rai\u017ei\u0173 kaimo gyventojas, XX a. 6 de\u0161.<\/p>\n<p>\u00a0<\/p>\n","protected":false},"excerpt":{"rendered":"<p>Danielius Makulavi\u010dius Rai\u017ei\u0173 kaimo gyventojas, XX a. 6 de\u0161. \u00a0<\/p>\n","protected":false},"author":1,"featured_media":0,"parent":153,"menu_order":0,"comment_status":"closed","ping_status":"closed","template":"page-text.php","meta":[],"_links":{"self":[{"href":"https:\/\/ltim.lt\/en\/wp-json\/wp\/v2\/pages\/3745"}],"collection":[{"href":"https:\/\/ltim.lt\/en\/wp-json\/wp\/v2\/pages"}],"about":[{"href":"https:\/\/ltim.lt\/en\/wp-json\/wp\/v2\/types\/page"}],"author":[{"embeddable":true,"href":"https:\/\/ltim.lt\/en\/wp-json\/wp\/v2\/users\/1"}],"replies":[{"embeddable":true,"href":"https:\/\/ltim.lt\/en\/wp-json\/wp\/v2\/comments?post=3745"}],"version-history":[{"count":1,"href":"https:\/\/ltim.lt\/en\/wp-json\/wp\/v2\/pages\/3745\/revisions"}],"predecessor-version":[{"id":3746,"href":"https:\/\/ltim.lt\/en\/wp-json\/wp\/v2\/pages\/3745\/revisions\/3746"}],"up":[{"embeddable":true,"href":"https:\/\/ltim.lt\/en\/wp-json\/wp\/v2\/pages\/153"}],"wp:attachment":[{"href":"https:\/\/ltim.lt\/en\/wp-json\/wp\/v2\/media?parent=3745"}],"curies":[{"name":"wp","href":"https:\/\/api.w.org\/{rel}","templated":true}]}}