{"id":3738,"date":"2022-11-16T20:35:30","date_gmt":"2022-11-16T22:35:30","guid":{"rendered":"http:\/\/ltim.lt\/?page_id=3738"},"modified":"2022-11-16T20:35:31","modified_gmt":"2022-11-16T22:35:31","slug":"vakarone-raiziu-kaime","status":"publish","type":"page","link":"https:\/\/ltim.lt\/en\/galerija\/vietoves\/alytus\/vakarone-raiziu-kaime\/","title":{"rendered":"Vakaron\u0117 Rai\u017ei\u0173 kaime"},"content":{"rendered":"\n<p><img loading=\"lazy\" class=\"aligncenter size-medium\" src=\"https:\/\/pirmynpopasauli.files.wordpress.com\/2022\/11\/image-38.png\" width=\"651\" height=\"426\" \/><\/p>\n<p style=\"text-align: center;\">Vakaron\u0117 Rai\u017ei\u0173 kaime, XX a. 5 de\u0161.<\/p>\n","protected":false},"excerpt":{"rendered":"<p>Vakaron\u0117 Rai\u017ei\u0173 kaime, XX a. 5 de\u0161.<\/p>\n","protected":false},"author":1,"featured_media":0,"parent":153,"menu_order":0,"comment_status":"closed","ping_status":"closed","template":"page-text.php","meta":[],"_links":{"self":[{"href":"https:\/\/ltim.lt\/en\/wp-json\/wp\/v2\/pages\/3738"}],"collection":[{"href":"https:\/\/ltim.lt\/en\/wp-json\/wp\/v2\/pages"}],"about":[{"href":"https:\/\/ltim.lt\/en\/wp-json\/wp\/v2\/types\/page"}],"author":[{"embeddable":true,"href":"https:\/\/ltim.lt\/en\/wp-json\/wp\/v2\/users\/1"}],"replies":[{"embeddable":true,"href":"https:\/\/ltim.lt\/en\/wp-json\/wp\/v2\/comments?post=3738"}],"version-history":[{"count":1,"href":"https:\/\/ltim.lt\/en\/wp-json\/wp\/v2\/pages\/3738\/revisions"}],"predecessor-version":[{"id":3740,"href":"https:\/\/ltim.lt\/en\/wp-json\/wp\/v2\/pages\/3738\/revisions\/3740"}],"up":[{"embeddable":true,"href":"https:\/\/ltim.lt\/en\/wp-json\/wp\/v2\/pages\/153"}],"wp:attachment":[{"href":"https:\/\/ltim.lt\/en\/wp-json\/wp\/v2\/media?parent=3738"}],"curies":[{"name":"wp","href":"https:\/\/api.w.org\/{rel}","templated":true}]}}