{"id":3737,"date":"2022-11-16T20:34:26","date_gmt":"2022-11-16T22:34:26","guid":{"rendered":"http:\/\/ltim.lt\/?page_id=3737"},"modified":"2022-11-16T20:34:26","modified_gmt":"2022-11-16T22:34:26","slug":"bazoro-kaimo-gyventojos-gamina-tradinicius-totoriskus-koldunus","status":"publish","type":"page","link":"https:\/\/ltim.lt\/en\/galerija\/amatai\/totoriska-kulinarija\/bazoro-kaimo-gyventojos-gamina-tradinicius-totoriskus-koldunus\/","title":{"rendered":"Bazoro kaimo gyventojos gamina tradinicius totori\u0161kus kold\u016bnus"},"content":{"rendered":"\n<p><img loading=\"lazy\" class=\"aligncenter size-medium\" src=\"https:\/\/pirmynpopasauli.files.wordpress.com\/2022\/11\/image-37.png\" width=\"612\" height=\"441\" \/><\/p>\n<p style=\"text-align: center;\">Bazoro kaimo gyventojos gamina tradinicius totori\u0161kus kold\u016bnus, XXa. 5-6 de\u0161.<\/p>\n","protected":false},"excerpt":{"rendered":"<p>Bazoro kaimo gyventojos gamina tradinicius totori\u0161kus kold\u016bnus, XXa. 5-6 de\u0161.<\/p>\n","protected":false},"author":1,"featured_media":0,"parent":1338,"menu_order":0,"comment_status":"closed","ping_status":"closed","template":"page-text.php","meta":[],"_links":{"self":[{"href":"https:\/\/ltim.lt\/en\/wp-json\/wp\/v2\/pages\/3737"}],"collection":[{"href":"https:\/\/ltim.lt\/en\/wp-json\/wp\/v2\/pages"}],"about":[{"href":"https:\/\/ltim.lt\/en\/wp-json\/wp\/v2\/types\/page"}],"author":[{"embeddable":true,"href":"https:\/\/ltim.lt\/en\/wp-json\/wp\/v2\/users\/1"}],"replies":[{"embeddable":true,"href":"https:\/\/ltim.lt\/en\/wp-json\/wp\/v2\/comments?post=3737"}],"version-history":[{"count":1,"href":"https:\/\/ltim.lt\/en\/wp-json\/wp\/v2\/pages\/3737\/revisions"}],"predecessor-version":[{"id":3739,"href":"https:\/\/ltim.lt\/en\/wp-json\/wp\/v2\/pages\/3737\/revisions\/3739"}],"up":[{"embeddable":true,"href":"https:\/\/ltim.lt\/en\/wp-json\/wp\/v2\/pages\/1338"}],"wp:attachment":[{"href":"https:\/\/ltim.lt\/en\/wp-json\/wp\/v2\/media?parent=3737"}],"curies":[{"name":"wp","href":"https:\/\/api.w.org\/{rel}","templated":true}]}}