{"id":3730,"date":"2022-11-16T20:25:32","date_gmt":"2022-11-16T22:25:32","guid":{"rendered":"http:\/\/ltim.lt\/?page_id=3730"},"modified":"2022-11-16T20:25:33","modified_gmt":"2022-11-16T22:25:33","slug":"bazoru-kaimo-gyventoju-nuotrauka-2","status":"publish","type":"page","link":"https:\/\/ltim.lt\/en\/galerija\/vietoves\/bazorai\/bazoru-kaimo-gyventoju-nuotrauka-2\/","title":{"rendered":"Bazor\u0173 kaimo gyventoj\u0173 nuotrauka"},"content":{"rendered":"\n<p><img loading=\"lazy\" class=\"aligncenter size-medium\" src=\"https:\/\/pirmynpopasauli.files.wordpress.com\/2022\/11\/image-34.png?w=1024\" width=\"1023\" height=\"760\" \/><\/p>\n<p style=\"text-align: center;\">Bazor\u0173 kaimo gyventoj\u0173 nuotrauka, XX a. 6 de\u0161.<\/p>\n","protected":false},"excerpt":{"rendered":"<p>Bazor\u0173 kaimo gyventoj\u0173 nuotrauka, XX a. 6 de\u0161.<\/p>\n","protected":false},"author":1,"featured_media":0,"parent":3202,"menu_order":0,"comment_status":"closed","ping_status":"closed","template":"page-text.php","meta":[],"_links":{"self":[{"href":"https:\/\/ltim.lt\/en\/wp-json\/wp\/v2\/pages\/3730"}],"collection":[{"href":"https:\/\/ltim.lt\/en\/wp-json\/wp\/v2\/pages"}],"about":[{"href":"https:\/\/ltim.lt\/en\/wp-json\/wp\/v2\/types\/page"}],"author":[{"embeddable":true,"href":"https:\/\/ltim.lt\/en\/wp-json\/wp\/v2\/users\/1"}],"replies":[{"embeddable":true,"href":"https:\/\/ltim.lt\/en\/wp-json\/wp\/v2\/comments?post=3730"}],"version-history":[{"count":1,"href":"https:\/\/ltim.lt\/en\/wp-json\/wp\/v2\/pages\/3730\/revisions"}],"predecessor-version":[{"id":3731,"href":"https:\/\/ltim.lt\/en\/wp-json\/wp\/v2\/pages\/3730\/revisions\/3731"}],"up":[{"embeddable":true,"href":"https:\/\/ltim.lt\/en\/wp-json\/wp\/v2\/pages\/3202"}],"wp:attachment":[{"href":"https:\/\/ltim.lt\/en\/wp-json\/wp\/v2\/media?parent=3730"}],"curies":[{"name":"wp","href":"https:\/\/api.w.org\/{rel}","templated":true}]}}