{"id":3721,"date":"2022-11-16T20:15:20","date_gmt":"2022-11-16T22:15:20","guid":{"rendered":"http:\/\/ltim.lt\/?page_id=3721"},"modified":"2022-11-16T20:15:21","modified_gmt":"2022-11-16T22:15:21","slug":"bazoru-kaimo-bagdonaviciu-seima","status":"publish","type":"page","link":"https:\/\/ltim.lt\/en\/galerija\/vietoves\/bazorai\/bazoru-kaimo-bagdonaviciu-seima\/","title":{"rendered":"Bazor\u0173 kaimo Bagdonavi\u010di\u0173 \u0161eima"},"content":{"rendered":"\n<p><img loading=\"lazy\" class=\"aligncenter size-medium\" src=\"https:\/\/pirmynpopasauli.files.wordpress.com\/2022\/11\/image-28.png\" width=\"598\" height=\"875\" \/><\/p>\n<p style=\"text-align: center;\">Bazor\u0173 kaimo Bagdonavi\u010di\u0173 \u0161eima, XX a. 6 de\u0161.<\/p>\n","protected":false},"excerpt":{"rendered":"<p>Bazor\u0173 kaimo Bagdonavi\u010di\u0173 \u0161eima, XX a. 6 de\u0161.<\/p>\n","protected":false},"author":1,"featured_media":0,"parent":3202,"menu_order":0,"comment_status":"closed","ping_status":"closed","template":"page-text.php","meta":[],"_links":{"self":[{"href":"https:\/\/ltim.lt\/en\/wp-json\/wp\/v2\/pages\/3721"}],"collection":[{"href":"https:\/\/ltim.lt\/en\/wp-json\/wp\/v2\/pages"}],"about":[{"href":"https:\/\/ltim.lt\/en\/wp-json\/wp\/v2\/types\/page"}],"author":[{"embeddable":true,"href":"https:\/\/ltim.lt\/en\/wp-json\/wp\/v2\/users\/1"}],"replies":[{"embeddable":true,"href":"https:\/\/ltim.lt\/en\/wp-json\/wp\/v2\/comments?post=3721"}],"version-history":[{"count":1,"href":"https:\/\/ltim.lt\/en\/wp-json\/wp\/v2\/pages\/3721\/revisions"}],"predecessor-version":[{"id":3722,"href":"https:\/\/ltim.lt\/en\/wp-json\/wp\/v2\/pages\/3721\/revisions\/3722"}],"up":[{"embeddable":true,"href":"https:\/\/ltim.lt\/en\/wp-json\/wp\/v2\/pages\/3202"}],"wp:attachment":[{"href":"https:\/\/ltim.lt\/en\/wp-json\/wp\/v2\/media?parent=3721"}],"curies":[{"name":"wp","href":"https:\/\/api.w.org\/{rel}","templated":true}]}}