{"id":3707,"date":"2022-11-14T21:54:07","date_gmt":"2022-11-14T23:54:07","guid":{"rendered":"http:\/\/ltim.lt\/?page_id=3707"},"modified":"2022-11-14T21:54:07","modified_gmt":"2022-11-14T23:54:07","slug":"prancuzijos-kariuomenes-imperatoriaus-gvardijos-lietuviskuju-ekleru-pulko-kavaleristai-2","status":"publish","type":"page","link":"https:\/\/ltim.lt\/en\/galerija\/karyba\/regimentai\/prancuzijos-kariuomenes-imperatoriaus-gvardijos-lietuviskuju-ekleru-pulko-kavaleristai-2\/","title":{"rendered":"Pranc\u016bzijos kariuomen\u0117s imperatoriaus gvardijos lietuvi\u0161k\u0173j\u0173 ekler\u0173 pulko kavaleristai"},"content":{"rendered":"\n<p><img loading=\"lazy\" class=\"aligncenter size-medium\" src=\"https:\/\/pirmynpopasauli.files.wordpress.com\/2022\/11\/screenshot_2-1.png\" width=\"425\" height=\"607\" \/><\/p>\n<p style=\"text-align: center;\">Pranc\u016bzijos kariuomen\u0117s imperatoriaus gvardijos lietuvi\u0161k\u0173j\u0173 ekler\u0173 pulko kavaleristai. 1813 m.<\/p>\n","protected":false},"excerpt":{"rendered":"<p>Pranc\u016bzijos kariuomen\u0117s imperatoriaus gvardijos lietuvi\u0161k\u0173j\u0173 ekler\u0173 pulko kavaleristai. 1813 m.<\/p>\n","protected":false},"author":1,"featured_media":0,"parent":158,"menu_order":0,"comment_status":"closed","ping_status":"closed","template":"page-text.php","meta":[],"_links":{"self":[{"href":"https:\/\/ltim.lt\/en\/wp-json\/wp\/v2\/pages\/3707"}],"collection":[{"href":"https:\/\/ltim.lt\/en\/wp-json\/wp\/v2\/pages"}],"about":[{"href":"https:\/\/ltim.lt\/en\/wp-json\/wp\/v2\/types\/page"}],"author":[{"embeddable":true,"href":"https:\/\/ltim.lt\/en\/wp-json\/wp\/v2\/users\/1"}],"replies":[{"embeddable":true,"href":"https:\/\/ltim.lt\/en\/wp-json\/wp\/v2\/comments?post=3707"}],"version-history":[{"count":1,"href":"https:\/\/ltim.lt\/en\/wp-json\/wp\/v2\/pages\/3707\/revisions"}],"predecessor-version":[{"id":3708,"href":"https:\/\/ltim.lt\/en\/wp-json\/wp\/v2\/pages\/3707\/revisions\/3708"}],"up":[{"embeddable":true,"href":"https:\/\/ltim.lt\/en\/wp-json\/wp\/v2\/pages\/158"}],"wp:attachment":[{"href":"https:\/\/ltim.lt\/en\/wp-json\/wp\/v2\/media?parent=3707"}],"curies":[{"name":"wp","href":"https:\/\/api.w.org\/{rel}","templated":true}]}}