{"id":3701,"date":"2022-11-14T21:49:50","date_gmt":"2022-11-14T23:49:50","guid":{"rendered":"http:\/\/ltim.lt\/?page_id=3701"},"modified":"2022-11-14T21:49:51","modified_gmt":"2022-11-14T23:49:51","slug":"lietuvos-totoriu-eskadrono-imperatoriaus-gvardijoje-3-ekleru-regimentas","status":"publish","type":"page","link":"https:\/\/ltim.lt\/en\/galerija\/karyba\/regimentai\/lietuvos-totoriu-eskadrono-imperatoriaus-gvardijoje-3-ekleru-regimentas\/","title":{"rendered":"Lietuvos totori\u0173 eskadrono imperatoriaus gvardijoje 3 ekler\u0173 regimentas"},"content":{"rendered":"\n<p><img loading=\"lazy\" class=\"aligncenter size-medium\" src=\"https:\/\/pirmynpopasauli.files.wordpress.com\/2022\/11\/screenshot_5-1.png?w=875&amp;h=\" width=\"445\" height=\"611\" \/><\/p>\n<p style=\"text-align: center;\">Lietuvos totori\u0173 eskadrono imperatoriaus gvardijoje 3 ekler\u0173 regimentas, 1813 m. I\u0161 priva\u010dios kolekcijos.<\/p>\n","protected":false},"excerpt":{"rendered":"<p>Lietuvos totori\u0173 eskadrono imperatoriaus gvardijoje 3 ekler\u0173 regimentas, 1813 m. I\u0161 priva\u010dios kolekcijos.<\/p>\n","protected":false},"author":1,"featured_media":0,"parent":158,"menu_order":0,"comment_status":"closed","ping_status":"closed","template":"page-text.php","meta":[],"_links":{"self":[{"href":"https:\/\/ltim.lt\/en\/wp-json\/wp\/v2\/pages\/3701"}],"collection":[{"href":"https:\/\/ltim.lt\/en\/wp-json\/wp\/v2\/pages"}],"about":[{"href":"https:\/\/ltim.lt\/en\/wp-json\/wp\/v2\/types\/page"}],"author":[{"embeddable":true,"href":"https:\/\/ltim.lt\/en\/wp-json\/wp\/v2\/users\/1"}],"replies":[{"embeddable":true,"href":"https:\/\/ltim.lt\/en\/wp-json\/wp\/v2\/comments?post=3701"}],"version-history":[{"count":1,"href":"https:\/\/ltim.lt\/en\/wp-json\/wp\/v2\/pages\/3701\/revisions"}],"predecessor-version":[{"id":3702,"href":"https:\/\/ltim.lt\/en\/wp-json\/wp\/v2\/pages\/3701\/revisions\/3702"}],"up":[{"embeddable":true,"href":"https:\/\/ltim.lt\/en\/wp-json\/wp\/v2\/pages\/158"}],"wp:attachment":[{"href":"https:\/\/ltim.lt\/en\/wp-json\/wp\/v2\/media?parent=3701"}],"curies":[{"name":"wp","href":"https:\/\/api.w.org\/{rel}","templated":true}]}}