{"id":3694,"date":"2022-11-14T21:21:21","date_gmt":"2022-11-14T23:21:21","guid":{"rendered":"http:\/\/ltim.lt\/?page_id=3694"},"modified":"2022-11-14T21:21:49","modified_gmt":"2022-11-14T23:21:49","slug":"kiemenai","status":"publish","type":"page","link":"https:\/\/ltim.lt\/en\/galerija\/vietoves\/kiemenai\/","title":{"rendered":"Kiem\u0117nai"},"content":{"rendered":"\t\t<div data-elementor-type=\"wp-page\" data-elementor-id=\"3694\" class=\"elementor elementor-3694\" data-elementor-settings=\"[]\">\n\t\t\t\t\t\t<div class=\"elementor-inner\">\n\t\t\t\t\t\t\t<div class=\"elementor-section-wrap\">\n\t\t\t\t\t\t\t<section class=\"elementor-section elementor-top-section elementor-element elementor-element-9f8e1dc elementor-section-boxed elementor-section-height-default elementor-section-height-default\" data-id=\"9f8e1dc\" data-element_type=\"section\">\n\t\t\t\t\t\t<div class=\"elementor-container elementor-column-gap-default\">\n\t\t\t\t\t\t\t<div class=\"elementor-row\">\n\t\t\t\t\t<div class=\"elementor-column elementor-col-100 elementor-top-column elementor-element elementor-element-6b5a08c\" data-id=\"6b5a08c\" data-element_type=\"column\">\n\t\t\t<div class=\"elementor-column-wrap elementor-element-populated\">\n\t\t\t\t\t\t\t<div class=\"elementor-widget-wrap\">\n\t\t\t\t\t\t<div class=\"elementor-element elementor-element-e50d3c2 elementor-view-default elementor-widget elementor-widget-icon\" data-id=\"e50d3c2\" data-element_type=\"widget\" data-widget_type=\"icon.default\">\n\t\t\t\t<div class=\"elementor-widget-container\">\n\t\t\t\t\t<div class=\"elementor-icon-wrapper\">\n\t\t\t<div class=\"elementor-icon\">\n\t\t\t<i aria-hidden=\"true\" class=\"fas fa-star-and-crescent\"><\/i>\t\t\t<\/div>\n\t\t<\/div>\n\t\t\t\t<\/div>\n\t\t\t\t<\/div>\n\t\t\t\t\t\t<\/div>\n\t\t\t\t\t<\/div>\n\t\t<\/div>\n\t\t\t\t\t\t\t\t<\/div>\n\t\t\t\t\t<\/div>\n\t\t<\/section>\n\t\t\t\t<section class=\"elementor-section elementor-top-section elementor-element elementor-element-13871208 elementor-section-boxed elementor-section-height-default elementor-section-height-default\" data-id=\"13871208\" data-element_type=\"section\">\n\t\t\t\t\t\t<div class=\"elementor-container elementor-column-gap-default\">\n\t\t\t\t\t\t\t<div class=\"elementor-row\">\n\t\t\t\t\t<div class=\"elementor-column elementor-col-100 elementor-top-column elementor-element elementor-element-3e3d8ff5\" data-id=\"3e3d8ff5\" data-element_type=\"column\">\n\t\t\t<div class=\"elementor-column-wrap elementor-element-populated\">\n\t\t\t\t\t\t\t<div class=\"elementor-widget-wrap\">\n\t\t\t\t\t\t<div class=\"elementor-element elementor-element-3fa19805 elementor-widget elementor-widget-text-editor\" data-id=\"3fa19805\" data-element_type=\"widget\" data-widget_type=\"text-editor.default\">\n\t\t\t\t<div class=\"elementor-widget-container\">\n\t\t\t\t\t<div class=\"elementor-text-editor elementor-clearfix\"><!-- wp:tadv\/classic-paragraph -->\n<p>Pasvalio rajone, Nami\u0161i\u0173 seni\u016bnijoje, Kiem\u0117n\u0173 kaime 0,3 km \u012f \u0161iaur\u0117s vakarus nuo Kiem\u0117n\u0173, \u012f rytus nuo kelio Nami\u0161ia-\u0160alna, yra apskritos formos kalva, vadinama Totorkalniu. Kalvos plotas u\u017eima 1 hektar\u0105. Auk\u0161tis apie 55 metrai. Matyti i\u0161kasto \u017evyto duob\u0117s, randama \u017emoni\u0173 kaul\u0173. \u017dmon\u0117s pasakoja, kad \u010dia buvo totori\u0173 kapai ir \u0161\u012f kaln\u0105 totoriai supyl\u0117 sune\u0161dami grunt\u0105 kepur\u0117mis. Tai atliko vietoje esnatys totoriai.<\/p>\n<!-- \/wp:tadv\/classic-paragraph --><\/div>\n\t\t\t\t<\/div>\n\t\t\t\t<\/div>\n\t\t\t\t\t\t<\/div>\n\t\t\t\t\t<\/div>\n\t\t<\/div>\n\t\t\t\t\t\t\t\t<\/div>\n\t\t\t\t\t<\/div>\n\t\t<\/section>\n\t\t\t\t\t\t<\/div>\n\t\t\t\t\t\t<\/div>\n\t\t\t\t\t<\/div>\n\t\t","protected":false},"excerpt":{"rendered":"<p>Pasvalio rajone, Nami\u0161i\u0173 seni\u016bnijoje, Kiem\u0117n\u0173 kaime 0,3 km \u012f \u0161iaur\u0117s vakarus nuo Kiem\u0117n\u0173, \u012f rytus nuo kelio Nami\u0161ia-\u0160alna, yra apskritos formos kalva, vadinama Totorkalniu. Kalvos plotas u\u017eima 1 hektar\u0105. Auk\u0161tis apie 55 metrai. Matyti i\u0161kasto \u017evyto duob\u0117s, randama \u017emoni\u0173 kaul\u0173. \u017dmon\u0117s pasakoja, kad \u010dia buvo totori\u0173 kapai ir \u0161\u012f kaln\u0105 totoriai supyl\u0117 sune\u0161dami grunt\u0105 kepur\u0117mis. [&hellip;]<\/p>\n","protected":false},"author":1,"featured_media":0,"parent":99,"menu_order":0,"comment_status":"closed","ping_status":"closed","template":"page-text.php","meta":[],"_links":{"self":[{"href":"https:\/\/ltim.lt\/en\/wp-json\/wp\/v2\/pages\/3694"}],"collection":[{"href":"https:\/\/ltim.lt\/en\/wp-json\/wp\/v2\/pages"}],"about":[{"href":"https:\/\/ltim.lt\/en\/wp-json\/wp\/v2\/types\/page"}],"author":[{"embeddable":true,"href":"https:\/\/ltim.lt\/en\/wp-json\/wp\/v2\/users\/1"}],"replies":[{"embeddable":true,"href":"https:\/\/ltim.lt\/en\/wp-json\/wp\/v2\/comments?post=3694"}],"version-history":[{"count":4,"href":"https:\/\/ltim.lt\/en\/wp-json\/wp\/v2\/pages\/3694\/revisions"}],"predecessor-version":[{"id":3698,"href":"https:\/\/ltim.lt\/en\/wp-json\/wp\/v2\/pages\/3694\/revisions\/3698"}],"up":[{"embeddable":true,"href":"https:\/\/ltim.lt\/en\/wp-json\/wp\/v2\/pages\/99"}],"wp:attachment":[{"href":"https:\/\/ltim.lt\/en\/wp-json\/wp\/v2\/media?parent=3694"}],"curies":[{"name":"wp","href":"https:\/\/api.w.org\/{rel}","templated":true}]}}