{"id":3671,"date":"2022-11-14T19:11:01","date_gmt":"2022-11-14T21:11:01","guid":{"rendered":"http:\/\/ltim.lt\/?page_id=3671"},"modified":"2022-11-14T19:11:02","modified_gmt":"2022-11-14T21:11:02","slug":"rusijos-kariuomenes-lietuvos-totoriu-ulonu-pulko-puskarininkis","status":"publish","type":"page","link":"https:\/\/ltim.lt\/en\/galerija\/karyba\/regimentai\/rusijos-kariuomenes-lietuvos-totoriu-ulonu-pulko-puskarininkis\/","title":{"rendered":"Rusijos kariuomen\u0117s Lietuvos totori\u0173 ulon\u0173 pulko puskarininkis"},"content":{"rendered":"\n<p><img loading=\"lazy\" class=\"aligncenter size-medium\" src=\"https:\/\/pirmynpopasauli.files.wordpress.com\/2022\/11\/img_20221114_220247.jpg?w=460&amp;h=&amp;zoom=2\" width=\"920\" height=\"1297\" \/><\/p>\n<p style=\"text-align: center;\">Rusijos kariuomen\u0117s Lietuvos totori\u0173 ulon\u0173 pulko puskarininkis, 1818-1819 m.<\/p>\n","protected":false},"excerpt":{"rendered":"<p>Rusijos kariuomen\u0117s Lietuvos totori\u0173 ulon\u0173 pulko puskarininkis, 1818-1819 m.<\/p>\n","protected":false},"author":1,"featured_media":0,"parent":158,"menu_order":0,"comment_status":"closed","ping_status":"closed","template":"page-text.php","meta":[],"_links":{"self":[{"href":"https:\/\/ltim.lt\/en\/wp-json\/wp\/v2\/pages\/3671"}],"collection":[{"href":"https:\/\/ltim.lt\/en\/wp-json\/wp\/v2\/pages"}],"about":[{"href":"https:\/\/ltim.lt\/en\/wp-json\/wp\/v2\/types\/page"}],"author":[{"embeddable":true,"href":"https:\/\/ltim.lt\/en\/wp-json\/wp\/v2\/users\/1"}],"replies":[{"embeddable":true,"href":"https:\/\/ltim.lt\/en\/wp-json\/wp\/v2\/comments?post=3671"}],"version-history":[{"count":1,"href":"https:\/\/ltim.lt\/en\/wp-json\/wp\/v2\/pages\/3671\/revisions"}],"predecessor-version":[{"id":3672,"href":"https:\/\/ltim.lt\/en\/wp-json\/wp\/v2\/pages\/3671\/revisions\/3672"}],"up":[{"embeddable":true,"href":"https:\/\/ltim.lt\/en\/wp-json\/wp\/v2\/pages\/158"}],"wp:attachment":[{"href":"https:\/\/ltim.lt\/en\/wp-json\/wp\/v2\/media?parent=3671"}],"curies":[{"name":"wp","href":"https:\/\/api.w.org\/{rel}","templated":true}]}}