{"id":3666,"date":"2022-11-14T19:06:30","date_gmt":"2022-11-14T21:06:30","guid":{"rendered":"http:\/\/ltim.lt\/?page_id=3666"},"modified":"2022-11-14T19:06:31","modified_gmt":"2022-11-14T21:06:31","slug":"rusijos-kariuomenes-lietuviskojo-ir-totoriskojo-raituju-pulku-raiteliai","status":"publish","type":"page","link":"https:\/\/ltim.lt\/en\/galerija\/karyba\/regimentai\/rusijos-kariuomenes-lietuviskojo-ir-totoriskojo-raituju-pulku-raiteliai\/","title":{"rendered":"Rusijos kariuomen\u0117s Lietuvi\u0161kojo ir Totori\u0161kojo rait\u0173j\u0173 pulk\u0173 raiteliai"},"content":{"rendered":"\n<p><img loading=\"lazy\" class=\"aligncenter size-medium\" src=\"https:\/\/pirmynpopasauli.files.wordpress.com\/2022\/11\/img_20221114_220057.jpg?w=481&amp;h=&amp;zoom=2\" width=\"962\" height=\"1297\" \/><\/p>\n<p style=\"text-align: center;\">Rusijos kariuomen\u0117s Lietuvi\u0161kojo ir Totori\u0161kojo rait\u0173j\u0173 pulk\u0173 raiteliai, 1803-1806m.<\/p>\n","protected":false},"excerpt":{"rendered":"<p>Rusijos kariuomen\u0117s Lietuvi\u0161kojo ir Totori\u0161kojo rait\u0173j\u0173 pulk\u0173 raiteliai, 1803-1806m.<\/p>\n","protected":false},"author":1,"featured_media":0,"parent":158,"menu_order":0,"comment_status":"closed","ping_status":"closed","template":"page-text.php","meta":[],"_links":{"self":[{"href":"https:\/\/ltim.lt\/en\/wp-json\/wp\/v2\/pages\/3666"}],"collection":[{"href":"https:\/\/ltim.lt\/en\/wp-json\/wp\/v2\/pages"}],"about":[{"href":"https:\/\/ltim.lt\/en\/wp-json\/wp\/v2\/types\/page"}],"author":[{"embeddable":true,"href":"https:\/\/ltim.lt\/en\/wp-json\/wp\/v2\/users\/1"}],"replies":[{"embeddable":true,"href":"https:\/\/ltim.lt\/en\/wp-json\/wp\/v2\/comments?post=3666"}],"version-history":[{"count":1,"href":"https:\/\/ltim.lt\/en\/wp-json\/wp\/v2\/pages\/3666\/revisions"}],"predecessor-version":[{"id":3667,"href":"https:\/\/ltim.lt\/en\/wp-json\/wp\/v2\/pages\/3666\/revisions\/3667"}],"up":[{"embeddable":true,"href":"https:\/\/ltim.lt\/en\/wp-json\/wp\/v2\/pages\/158"}],"wp:attachment":[{"href":"https:\/\/ltim.lt\/en\/wp-json\/wp\/v2\/media?parent=3666"}],"curies":[{"name":"wp","href":"https:\/\/api.w.org\/{rel}","templated":true}]}}