{"id":3658,"date":"2022-11-14T19:00:00","date_gmt":"2022-11-14T21:00:00","guid":{"rendered":"http:\/\/ltim.lt\/?page_id=3658"},"modified":"2022-11-14T19:00:00","modified_gmt":"2022-11-14T21:00:00","slug":"lietuvos-totoriai-prusijos-kariuomeneje","status":"publish","type":"page","link":"https:\/\/ltim.lt\/en\/galerija\/karyba\/regimentai\/lietuvos-totoriai-prusijos-kariuomeneje\/","title":{"rendered":"Lietuvos totoriai Pr\u016bsijos kariuomen\u0117je"},"content":{"rendered":"\n<p><img loading=\"lazy\" class=\"aligncenter size-medium\" src=\"https:\/\/pirmynpopasauli.files.wordpress.com\/2022\/11\/img_20221114_215825.jpg?w=465&amp;h=&amp;zoom=2\" width=\"930\" height=\"1296\" \/><\/p>\n<p style=\"text-align: center;\">Lietuvos totoriai Pr\u016bsijos kariuomen\u0117je. Litografija, 1806 m. Vytauto Did\u017eiojo karo muziejus.<\/p>\n","protected":false},"excerpt":{"rendered":"<p>Lietuvos totoriai Pr\u016bsijos kariuomen\u0117je. Litografija, 1806 m. Vytauto Did\u017eiojo karo muziejus.<\/p>\n","protected":false},"author":1,"featured_media":0,"parent":158,"menu_order":0,"comment_status":"closed","ping_status":"closed","template":"page-text.php","meta":[],"_links":{"self":[{"href":"https:\/\/ltim.lt\/en\/wp-json\/wp\/v2\/pages\/3658"}],"collection":[{"href":"https:\/\/ltim.lt\/en\/wp-json\/wp\/v2\/pages"}],"about":[{"href":"https:\/\/ltim.lt\/en\/wp-json\/wp\/v2\/types\/page"}],"author":[{"embeddable":true,"href":"https:\/\/ltim.lt\/en\/wp-json\/wp\/v2\/users\/1"}],"replies":[{"embeddable":true,"href":"https:\/\/ltim.lt\/en\/wp-json\/wp\/v2\/comments?post=3658"}],"version-history":[{"count":1,"href":"https:\/\/ltim.lt\/en\/wp-json\/wp\/v2\/pages\/3658\/revisions"}],"predecessor-version":[{"id":3659,"href":"https:\/\/ltim.lt\/en\/wp-json\/wp\/v2\/pages\/3658\/revisions\/3659"}],"up":[{"embeddable":true,"href":"https:\/\/ltim.lt\/en\/wp-json\/wp\/v2\/pages\/158"}],"wp:attachment":[{"href":"https:\/\/ltim.lt\/en\/wp-json\/wp\/v2\/media?parent=3658"}],"curies":[{"name":"wp","href":"https:\/\/api.w.org\/{rel}","templated":true}]}}