{"id":3652,"date":"2022-11-14T18:48:32","date_gmt":"2022-11-14T20:48:32","guid":{"rendered":"http:\/\/ltim.lt\/?page_id=3652"},"modified":"2022-11-14T18:48:33","modified_gmt":"2022-11-14T20:48:33","slug":"senosios-raiziu-kaimo-lietuvos-totoriu-kapines","status":"publish","type":"page","link":"https:\/\/ltim.lt\/en\/galerija\/vietoves\/alytus\/senosios-raiziu-kaimo-lietuvos-totoriu-kapines\/","title":{"rendered":"Senosios Rai\u017ei\u0173 kaimo Lietuvos totori\u0173 kapin\u0117s"},"content":{"rendered":"\n<p><img loading=\"lazy\" class=\"aligncenter size-medium\" src=\"https:\/\/pirmynpopasauli.files.wordpress.com\/2022\/11\/img_20221114_215658.jpg?w=500&amp;h=&amp;zoom=2\" width=\"1000\" height=\"544\" \/><\/p>\n<p style=\"text-align: center;\">Senosios Rai\u017ei\u0173 kaimo Lietuvos totori\u0173 kapin\u0117s (Alytaus r.), Zitos Stankevi\u010dien\u0117s nuotrauka<\/p>\n","protected":false},"excerpt":{"rendered":"<p>Senosios Rai\u017ei\u0173 kaimo Lietuvos totori\u0173 kapin\u0117s (Alytaus r.), Zitos Stankevi\u010dien\u0117s nuotrauka<\/p>\n","protected":false},"author":1,"featured_media":0,"parent":153,"menu_order":0,"comment_status":"closed","ping_status":"closed","template":"page-text.php","meta":[],"_links":{"self":[{"href":"https:\/\/ltim.lt\/en\/wp-json\/wp\/v2\/pages\/3652"}],"collection":[{"href":"https:\/\/ltim.lt\/en\/wp-json\/wp\/v2\/pages"}],"about":[{"href":"https:\/\/ltim.lt\/en\/wp-json\/wp\/v2\/types\/page"}],"author":[{"embeddable":true,"href":"https:\/\/ltim.lt\/en\/wp-json\/wp\/v2\/users\/1"}],"replies":[{"embeddable":true,"href":"https:\/\/ltim.lt\/en\/wp-json\/wp\/v2\/comments?post=3652"}],"version-history":[{"count":1,"href":"https:\/\/ltim.lt\/en\/wp-json\/wp\/v2\/pages\/3652\/revisions"}],"predecessor-version":[{"id":3653,"href":"https:\/\/ltim.lt\/en\/wp-json\/wp\/v2\/pages\/3652\/revisions\/3653"}],"up":[{"embeddable":true,"href":"https:\/\/ltim.lt\/en\/wp-json\/wp\/v2\/pages\/153"}],"wp:attachment":[{"href":"https:\/\/ltim.lt\/en\/wp-json\/wp\/v2\/media?parent=3652"}],"curies":[{"name":"wp","href":"https:\/\/api.w.org\/{rel}","templated":true}]}}