{"id":3646,"date":"2022-11-14T18:41:39","date_gmt":"2022-11-14T20:41:39","guid":{"rendered":"http:\/\/ltim.lt\/?page_id=3646"},"modified":"2022-11-14T18:41:40","modified_gmt":"2022-11-14T20:41:40","slug":"karaliaus-rumu-pulko-ulonas","status":"publish","type":"page","link":"https:\/\/ltim.lt\/en\/galerija\/karyba\/regimentai\/karaliaus-rumu-pulko-ulonas\/","title":{"rendered":"Karaliaus r\u016bm\u0173 pulko ulonas"},"content":{"rendered":"\n<p><img loading=\"lazy\" class=\"aligncenter size-medium\" src=\"https:\/\/pirmynpopasauli.files.wordpress.com\/2022\/11\/img_20221114_215403.jpg?w=450&amp;h=&amp;zoom=2\" width=\"899\" height=\"1296\" \/><\/p>\n<p style=\"text-align: center;\">Karaliaus r\u016bm\u0173 pulko ulonas. Pulkas 1793 m. pertvarkytas \u012f \u0161e\u0161t\u0105j\u012f prie\u0161akin\u0117s sargybos pulk\u0105<\/p>\n","protected":false},"excerpt":{"rendered":"<p>Karaliaus r\u016bm\u0173 pulko ulonas. Pulkas 1793 m. pertvarkytas \u012f \u0161e\u0161t\u0105j\u012f prie\u0161akin\u0117s sargybos pulk\u0105<\/p>\n","protected":false},"author":1,"featured_media":0,"parent":158,"menu_order":0,"comment_status":"closed","ping_status":"closed","template":"page-text.php","meta":[],"_links":{"self":[{"href":"https:\/\/ltim.lt\/en\/wp-json\/wp\/v2\/pages\/3646"}],"collection":[{"href":"https:\/\/ltim.lt\/en\/wp-json\/wp\/v2\/pages"}],"about":[{"href":"https:\/\/ltim.lt\/en\/wp-json\/wp\/v2\/types\/page"}],"author":[{"embeddable":true,"href":"https:\/\/ltim.lt\/en\/wp-json\/wp\/v2\/users\/1"}],"replies":[{"embeddable":true,"href":"https:\/\/ltim.lt\/en\/wp-json\/wp\/v2\/comments?post=3646"}],"version-history":[{"count":1,"href":"https:\/\/ltim.lt\/en\/wp-json\/wp\/v2\/pages\/3646\/revisions"}],"predecessor-version":[{"id":3647,"href":"https:\/\/ltim.lt\/en\/wp-json\/wp\/v2\/pages\/3646\/revisions\/3647"}],"up":[{"embeddable":true,"href":"https:\/\/ltim.lt\/en\/wp-json\/wp\/v2\/pages\/158"}],"wp:attachment":[{"href":"https:\/\/ltim.lt\/en\/wp-json\/wp\/v2\/media?parent=3646"}],"curies":[{"name":"wp","href":"https:\/\/api.w.org\/{rel}","templated":true}]}}