{"id":3644,"date":"2022-11-14T18:39:26","date_gmt":"2022-11-14T20:39:26","guid":{"rendered":"http:\/\/ltim.lt\/?page_id=3644"},"modified":"2022-11-14T18:39:27","modified_gmt":"2022-11-14T20:39:27","slug":"chaisadaras-rekonstrukcinis-piesinys","status":"publish","type":"page","link":"https:\/\/ltim.lt\/en\/galerija\/karyba\/regimentai\/chaisadaras-rekonstrukcinis-piesinys\/","title":{"rendered":"Chai\u0161adaras (rekonstrukcinis pie\u0161inys)"},"content":{"rendered":"\n<p><img loading=\"lazy\" class=\"aligncenter \" src=\"https:\/\/pirmynpopasauli.files.wordpress.com\/2022\/11\/img_20221114_215339.jpg?w=460&amp;h=&amp;zoom=2\" width=\"379\" height=\"533\" \/><\/p>\n<p style=\"text-align: center;\">Chai\u0161adaras (rekonstrukcinis pie\u0161inys), rekonstrukcijos autorius Arvydas Poci\u016bnas, dailininkas Marius Zavadskis. Kai\u0161iadori\u0173 muziejus, 2010 m.<\/p>\n","protected":false},"excerpt":{"rendered":"<p>Chai\u0161adaras (rekonstrukcinis pie\u0161inys), rekonstrukcijos autorius Arvydas Poci\u016bnas, dailininkas Marius Zavadskis. Kai\u0161iadori\u0173 muziejus, 2010 m.<\/p>\n","protected":false},"author":1,"featured_media":0,"parent":158,"menu_order":0,"comment_status":"closed","ping_status":"closed","template":"page-text.php","meta":[],"_links":{"self":[{"href":"https:\/\/ltim.lt\/en\/wp-json\/wp\/v2\/pages\/3644"}],"collection":[{"href":"https:\/\/ltim.lt\/en\/wp-json\/wp\/v2\/pages"}],"about":[{"href":"https:\/\/ltim.lt\/en\/wp-json\/wp\/v2\/types\/page"}],"author":[{"embeddable":true,"href":"https:\/\/ltim.lt\/en\/wp-json\/wp\/v2\/users\/1"}],"replies":[{"embeddable":true,"href":"https:\/\/ltim.lt\/en\/wp-json\/wp\/v2\/comments?post=3644"}],"version-history":[{"count":1,"href":"https:\/\/ltim.lt\/en\/wp-json\/wp\/v2\/pages\/3644\/revisions"}],"predecessor-version":[{"id":3645,"href":"https:\/\/ltim.lt\/en\/wp-json\/wp\/v2\/pages\/3644\/revisions\/3645"}],"up":[{"embeddable":true,"href":"https:\/\/ltim.lt\/en\/wp-json\/wp\/v2\/pages\/158"}],"wp:attachment":[{"href":"https:\/\/ltim.lt\/en\/wp-json\/wp\/v2\/media?parent=3644"}],"curies":[{"name":"wp","href":"https:\/\/api.w.org\/{rel}","templated":true}]}}