{"id":3593,"date":"2022-11-13T18:37:19","date_gmt":"2022-11-13T20:37:19","guid":{"rendered":"http:\/\/ltim.lt\/?page_id=3593"},"modified":"2022-11-13T18:37:20","modified_gmt":"2022-11-13T20:37:20","slug":"caraicio-uniformos-rekonstrukcija","status":"publish","type":"page","link":"https:\/\/ltim.lt\/en\/galerija\/karyba\/uniformos\/caraicio-uniformos-rekonstrukcija\/","title":{"rendered":"Carai\u010dio uniformos rekonstrukcija"},"content":{"rendered":"\n<p><img loading=\"lazy\" class=\"aligncenter size-medium\" src=\"https:\/\/pirmynpopasauli.files.wordpress.com\/2022\/11\/2-1.jpg?w=643\" width=\"643\" height=\"1023\" \/><\/p>\n<p style=\"text-align: center;\">Caraitis, v\u0117lesnis Aukso Ordos chanas D\u017eenal-ad-Dinas. Rekonstrukcija. Griunvaldo m\u016b\u0161io muziejaus Stembarke. Autorius Tomasz Palka.\u00a0<\/p>\n","protected":false},"excerpt":{"rendered":"<p>Caraitis, v\u0117lesnis Aukso Ordos chanas D\u017eenal-ad-Dinas. Rekonstrukcija. Griunvaldo m\u016b\u0161io muziejaus Stembarke. Autorius Tomasz Palka.\u00a0<\/p>\n","protected":false},"author":1,"featured_media":0,"parent":164,"menu_order":0,"comment_status":"closed","ping_status":"closed","template":"page-text.php","meta":[],"_links":{"self":[{"href":"https:\/\/ltim.lt\/en\/wp-json\/wp\/v2\/pages\/3593"}],"collection":[{"href":"https:\/\/ltim.lt\/en\/wp-json\/wp\/v2\/pages"}],"about":[{"href":"https:\/\/ltim.lt\/en\/wp-json\/wp\/v2\/types\/page"}],"author":[{"embeddable":true,"href":"https:\/\/ltim.lt\/en\/wp-json\/wp\/v2\/users\/1"}],"replies":[{"embeddable":true,"href":"https:\/\/ltim.lt\/en\/wp-json\/wp\/v2\/comments?post=3593"}],"version-history":[{"count":1,"href":"https:\/\/ltim.lt\/en\/wp-json\/wp\/v2\/pages\/3593\/revisions"}],"predecessor-version":[{"id":3594,"href":"https:\/\/ltim.lt\/en\/wp-json\/wp\/v2\/pages\/3593\/revisions\/3594"}],"up":[{"embeddable":true,"href":"https:\/\/ltim.lt\/en\/wp-json\/wp\/v2\/pages\/164"}],"wp:attachment":[{"href":"https:\/\/ltim.lt\/en\/wp-json\/wp\/v2\/media?parent=3593"}],"curies":[{"name":"wp","href":"https:\/\/api.w.org\/{rel}","templated":true}]}}