{"id":3591,"date":"2022-11-13T18:34:31","date_gmt":"2022-11-13T20:34:31","guid":{"rendered":"http:\/\/ltim.lt\/?page_id=3591"},"modified":"2022-11-13T18:34:32","modified_gmt":"2022-11-13T20:34:32","slug":"malda-vilniaus-lukiskiu-meceteje","status":"publish","type":"page","link":"https:\/\/ltim.lt\/en\/galerija\/menas\/grafika\/malda-vilniaus-lukiskiu-meceteje\/","title":{"rendered":"Malda Vilniaus Luki\u0161ki\u0173 me\u010det\u0117je"},"content":{"rendered":"\n<p><img loading=\"lazy\" class=\"aligncenter size-medium\" src=\"https:\/\/pirmynpopasauli.files.wordpress.com\/2022\/11\/4-1.jpg?w=1024\" width=\"1024\" height=\"576\" \/><\/p>\n<p style=\"text-align: center;\">Malda Vilniaus Luki\u0161ki\u0173 me\u010det\u0117je. 1781 m. F Smuglevi\u010diaus pie\u0161inys<\/p>\n","protected":false},"excerpt":{"rendered":"<p>Malda Vilniaus Luki\u0161ki\u0173 me\u010det\u0117je. 1781 m. F Smuglevi\u010diaus pie\u0161inys<\/p>\n","protected":false},"author":1,"featured_media":0,"parent":1024,"menu_order":0,"comment_status":"closed","ping_status":"closed","template":"page-text.php","meta":[],"_links":{"self":[{"href":"https:\/\/ltim.lt\/en\/wp-json\/wp\/v2\/pages\/3591"}],"collection":[{"href":"https:\/\/ltim.lt\/en\/wp-json\/wp\/v2\/pages"}],"about":[{"href":"https:\/\/ltim.lt\/en\/wp-json\/wp\/v2\/types\/page"}],"author":[{"embeddable":true,"href":"https:\/\/ltim.lt\/en\/wp-json\/wp\/v2\/users\/1"}],"replies":[{"embeddable":true,"href":"https:\/\/ltim.lt\/en\/wp-json\/wp\/v2\/comments?post=3591"}],"version-history":[{"count":1,"href":"https:\/\/ltim.lt\/en\/wp-json\/wp\/v2\/pages\/3591\/revisions"}],"predecessor-version":[{"id":3592,"href":"https:\/\/ltim.lt\/en\/wp-json\/wp\/v2\/pages\/3591\/revisions\/3592"}],"up":[{"embeddable":true,"href":"https:\/\/ltim.lt\/en\/wp-json\/wp\/v2\/pages\/1024"}],"wp:attachment":[{"href":"https:\/\/ltim.lt\/en\/wp-json\/wp\/v2\/media?parent=3591"}],"curies":[{"name":"wp","href":"https:\/\/api.w.org\/{rel}","templated":true}]}}