{"id":3585,"date":"2022-11-13T18:15:10","date_gmt":"2022-11-13T20:15:10","guid":{"rendered":"http:\/\/ltim.lt\/?page_id=3585"},"modified":"2022-11-13T18:18:58","modified_gmt":"2022-11-13T20:18:58","slug":"vokes-mecete","status":"publish","type":"page","link":"https:\/\/ltim.lt\/en\/galerija\/vietoves\/voke\/vokes-mecete\/","title":{"rendered":"Vok\u0117s me\u010det\u0117"},"content":{"rendered":"\t\t<div data-elementor-type=\"wp-page\" data-elementor-id=\"3585\" class=\"elementor elementor-3585\" data-elementor-settings=\"[]\">\n\t\t\t\t\t\t<div class=\"elementor-inner\">\n\t\t\t\t\t\t\t<div class=\"elementor-section-wrap\">\n\t\t\t\t\t\t\t<section class=\"elementor-section elementor-top-section elementor-element elementor-element-075a3b5 elementor-section-boxed elementor-section-height-default elementor-section-height-default\" data-id=\"075a3b5\" data-element_type=\"section\">\n\t\t\t\t\t\t<div class=\"elementor-container elementor-column-gap-default\">\n\t\t\t\t\t\t\t<div class=\"elementor-row\">\n\t\t\t\t\t<div class=\"elementor-column elementor-col-100 elementor-top-column elementor-element elementor-element-de1de88\" data-id=\"de1de88\" data-element_type=\"column\">\n\t\t\t<div class=\"elementor-column-wrap elementor-element-populated\">\n\t\t\t\t\t\t\t<div class=\"elementor-widget-wrap\">\n\t\t\t\t\t\t<div class=\"elementor-element elementor-element-76f06d5 elementor-view-default elementor-widget elementor-widget-icon\" data-id=\"76f06d5\" data-element_type=\"widget\" data-widget_type=\"icon.default\">\n\t\t\t\t<div class=\"elementor-widget-container\">\n\t\t\t\t\t<div class=\"elementor-icon-wrapper\">\n\t\t\t<div class=\"elementor-icon\">\n\t\t\t<i aria-hidden=\"true\" class=\"fas fa-star-and-crescent\"><\/i>\t\t\t<\/div>\n\t\t<\/div>\n\t\t\t\t<\/div>\n\t\t\t\t<\/div>\n\t\t\t\t\t\t<\/div>\n\t\t\t\t\t<\/div>\n\t\t<\/div>\n\t\t\t\t\t\t\t\t<\/div>\n\t\t\t\t\t<\/div>\n\t\t<\/section>\n\t\t\t\t<section class=\"elementor-section elementor-top-section elementor-element elementor-element-b255e91 elementor-section-boxed elementor-section-height-default elementor-section-height-default\" data-id=\"b255e91\" data-element_type=\"section\">\n\t\t\t\t\t\t<div class=\"elementor-container elementor-column-gap-default\">\n\t\t\t\t\t\t\t<div class=\"elementor-row\">\n\t\t\t\t\t<div class=\"elementor-column elementor-col-100 elementor-top-column elementor-element elementor-element-381d5a6\" data-id=\"381d5a6\" data-element_type=\"column\">\n\t\t\t<div class=\"elementor-column-wrap elementor-element-populated\">\n\t\t\t\t\t\t\t<div class=\"elementor-widget-wrap\">\n\t\t\t\t\t\t<div class=\"elementor-element elementor-element-110a3e21 elementor-widget elementor-widget-text-editor\" data-id=\"110a3e21\" data-element_type=\"widget\" data-widget_type=\"text-editor.default\">\n\t\t\t\t<div class=\"elementor-widget-container\">\n\t\t\t\t\t<div class=\"elementor-text-editor elementor-clearfix\"><!-- wp:tadv\/classic-paragraph -->\n<p>Istoriniai \u0161altiniai liudija, kad pirm\u0105 kart\u0105 Vok\u0117s vardas pamin\u0117tas 1375 m., kai pro \u0161i\u0105 vietov\u0119 \u017eygiavo kry\u017eiuo\u010di\u0173 kariuomen\u0117. Tuo metu vyko Lietuvos Did\u017eiosios Kunigaik\u0161tyst\u0117s ir kry\u017eiuo\u010di\u0173 ordino kariuomen\u0117s m\u016bsis. 1396 &#8211; 1397 m. Vytautas Didysis \u010dia apgyvendino totorius. I\u0161 i\u0161likusi\u0173 dokument\u0173 matyti, kad \u017eem\u0117s valda\u00a0 Vok\u0117 &#8211; dabartin\u0117s Trak\u0173 Vok\u0117s dalis &#8211; priklaus\u0117 totoriui Atikiezui Bezgimovi\u010diui, kuri\u0105 jis gavo i\u0161 savo \u017emonos, bet jam mirus be paveld\u0117toj\u0173, atiteko totoriui Abrahimui Zavackiui, o \u0161is XVII a. prad\u017eioje j\u0105 pardav\u0117 tuometiniam LDK arklidininkui Povilui Sapiegai.\u00a0<\/p>\n<p>Vietov\u0117 pavadinta pafal pro j\u0105 tekan\u010di\u0105 Vok\u0117s up\u0119. Vietovardis susij\u0119s su Vytauto Did\u017eiojo laikais \u012f Lietuv\u0105 atsik\u0117lusiais totoriais. Kaip ra\u0161o menotyrinink\u0117 Birut\u0117 Vitkauskien\u0117, Peterburgo universiteto tiurk\u0173 literat\u016bros profesorius Antonas Muchlinskis, vienas pirm\u0173j\u0173 \u0117m\u0119sis tyrin\u0117ti Lietuvos totori\u0173 archyvus, teig\u0117, kad Vok\u0117 &#8211; tai viena i\u0161 nedaugelio vietovi\u0173, kurioje totoriai gyveno kompakti\u0161kai ir tur\u0117jo didel\u0119 me\u010det\u0119.<\/p>\n<p>1812 m. \u017eiem\u0105 per totori\u0173 akalicas pl\u0117\u0161ikaudami ir vagiliaudami per\u0117jo pranc\u016bz\u0173 Did\u017eiosios armijos morodieriai. Anuomet kai kurios me\u010det\u0117s nukent\u0117jo, Vok\u0117s buvo sugriauta.\u00a0<\/p>\n<!-- \/wp:tadv\/classic-paragraph --><\/div>\n\t\t\t\t<\/div>\n\t\t\t\t<\/div>\n\t\t\t\t\t\t<\/div>\n\t\t\t\t\t<\/div>\n\t\t<\/div>\n\t\t\t\t\t\t\t\t<\/div>\n\t\t\t\t\t<\/div>\n\t\t<\/section>\n\t\t\t\t\t\t<\/div>\n\t\t\t\t\t\t<\/div>\n\t\t\t\t\t<\/div>\n\t\t","protected":false},"excerpt":{"rendered":"<p>Istoriniai \u0161altiniai liudija, kad pirm\u0105 kart\u0105 Vok\u0117s vardas pamin\u0117tas 1375 m., kai pro \u0161i\u0105 vietov\u0119 \u017eygiavo kry\u017eiuo\u010di\u0173 kariuomen\u0117. Tuo metu vyko Lietuvos Did\u017eiosios Kunigaik\u0161tyst\u0117s ir kry\u017eiuo\u010di\u0173 ordino kariuomen\u0117s m\u016bsis. 1396 &#8211; 1397 m. Vytautas Didysis \u010dia apgyvendino totorius. I\u0161 i\u0161likusi\u0173 dokument\u0173 matyti, kad \u017eem\u0117s valda\u00a0 Vok\u0117 &#8211; dabartin\u0117s Trak\u0173 Vok\u0117s dalis &#8211; priklaus\u0117 totoriui Atikiezui [&hellip;]<\/p>\n","protected":false},"author":1,"featured_media":0,"parent":3583,"menu_order":0,"comment_status":"closed","ping_status":"closed","template":"page-text.php","meta":[],"_links":{"self":[{"href":"https:\/\/ltim.lt\/en\/wp-json\/wp\/v2\/pages\/3585"}],"collection":[{"href":"https:\/\/ltim.lt\/en\/wp-json\/wp\/v2\/pages"}],"about":[{"href":"https:\/\/ltim.lt\/en\/wp-json\/wp\/v2\/types\/page"}],"author":[{"embeddable":true,"href":"https:\/\/ltim.lt\/en\/wp-json\/wp\/v2\/users\/1"}],"replies":[{"embeddable":true,"href":"https:\/\/ltim.lt\/en\/wp-json\/wp\/v2\/comments?post=3585"}],"version-history":[{"count":4,"href":"https:\/\/ltim.lt\/en\/wp-json\/wp\/v2\/pages\/3585\/revisions"}],"predecessor-version":[{"id":3590,"href":"https:\/\/ltim.lt\/en\/wp-json\/wp\/v2\/pages\/3585\/revisions\/3590"}],"up":[{"embeddable":true,"href":"https:\/\/ltim.lt\/en\/wp-json\/wp\/v2\/pages\/3583"}],"wp:attachment":[{"href":"https:\/\/ltim.lt\/en\/wp-json\/wp\/v2\/media?parent=3585"}],"curies":[{"name":"wp","href":"https:\/\/api.w.org\/{rel}","templated":true}]}}