{"id":3577,"date":"2022-11-13T17:54:32","date_gmt":"2022-11-13T19:54:32","guid":{"rendered":"http:\/\/ltim.lt\/?page_id=3577"},"modified":"2022-11-13T17:54:33","modified_gmt":"2022-11-13T19:54:33","slug":"totoriu-didiku-antspaudai","status":"publish","type":"page","link":"https:\/\/ltim.lt\/en\/galerija\/heraldika\/totoriu-didiku-antspaudai\/","title":{"rendered":"Totori\u0173 didik\u0173 antspaudai"},"content":{"rendered":"\n<p><img loading=\"lazy\" class=\"aligncenter size-medium\" src=\"https:\/\/pirmynpopasauli.files.wordpress.com\/2022\/11\/12.jpg?w=1024\" width=\"1024\" height=\"488\" \/><\/p>\n<p style=\"text-align: center;\">Totori\u0173 didik\u0173 carai\u010dio Azubek Soltono, kunigaik\u0161\u010di\u0173 Ivano Kady\u0161evi\u010diaus ir Janbeko Kady\u0161evi\u010diaus antspaudai ant XVI a. dokumento<\/p>\n","protected":false},"excerpt":{"rendered":"<p>Totori\u0173 didik\u0173 carai\u010dio Azubek Soltono, kunigaik\u0161\u010di\u0173 Ivano Kady\u0161evi\u010diaus ir Janbeko Kady\u0161evi\u010diaus antspaudai ant XVI a. dokumento<\/p>\n","protected":false},"author":1,"featured_media":0,"parent":144,"menu_order":0,"comment_status":"closed","ping_status":"closed","template":"page-text.php","meta":[],"_links":{"self":[{"href":"https:\/\/ltim.lt\/en\/wp-json\/wp\/v2\/pages\/3577"}],"collection":[{"href":"https:\/\/ltim.lt\/en\/wp-json\/wp\/v2\/pages"}],"about":[{"href":"https:\/\/ltim.lt\/en\/wp-json\/wp\/v2\/types\/page"}],"author":[{"embeddable":true,"href":"https:\/\/ltim.lt\/en\/wp-json\/wp\/v2\/users\/1"}],"replies":[{"embeddable":true,"href":"https:\/\/ltim.lt\/en\/wp-json\/wp\/v2\/comments?post=3577"}],"version-history":[{"count":1,"href":"https:\/\/ltim.lt\/en\/wp-json\/wp\/v2\/pages\/3577\/revisions"}],"predecessor-version":[{"id":3578,"href":"https:\/\/ltim.lt\/en\/wp-json\/wp\/v2\/pages\/3577\/revisions\/3578"}],"up":[{"embeddable":true,"href":"https:\/\/ltim.lt\/en\/wp-json\/wp\/v2\/pages\/144"}],"wp:attachment":[{"href":"https:\/\/ltim.lt\/en\/wp-json\/wp\/v2\/media?parent=3577"}],"curies":[{"name":"wp","href":"https:\/\/api.w.org\/{rel}","templated":true}]}}