{"id":3571,"date":"2022-11-13T17:46:24","date_gmt":"2022-11-13T19:46:24","guid":{"rendered":"http:\/\/ltim.lt\/?page_id=3571"},"modified":"2022-11-13T17:46:25","modified_gmt":"2022-11-13T19:46:25","slug":"totoriu-rotmistras","status":"publish","type":"page","link":"https:\/\/ltim.lt\/en\/galerija\/menas\/grafika\/totoriu-rotmistras\/","title":{"rendered":"Totori\u0173 rotmistras"},"content":{"rendered":"\n<p><img loading=\"lazy\" class=\"aligncenter size-medium\" src=\"https:\/\/pirmynpopasauli.files.wordpress.com\/2022\/11\/11.jpg?w=700&amp;h=\" width=\"700\" height=\"854\" \/><\/p>\n<p style=\"text-align: center;\">Totori\u0173 rotmistras. XVII a. antra pus\u0117. Pagal T. Korzono graviat\u016br\u0105<\/p>\n","protected":false},"excerpt":{"rendered":"<p>Totori\u0173 rotmistras. XVII a. antra pus\u0117. Pagal T. Korzono graviat\u016br\u0105<\/p>\n","protected":false},"author":1,"featured_media":0,"parent":1024,"menu_order":0,"comment_status":"closed","ping_status":"closed","template":"page-text.php","meta":[],"_links":{"self":[{"href":"https:\/\/ltim.lt\/en\/wp-json\/wp\/v2\/pages\/3571"}],"collection":[{"href":"https:\/\/ltim.lt\/en\/wp-json\/wp\/v2\/pages"}],"about":[{"href":"https:\/\/ltim.lt\/en\/wp-json\/wp\/v2\/types\/page"}],"author":[{"embeddable":true,"href":"https:\/\/ltim.lt\/en\/wp-json\/wp\/v2\/users\/1"}],"replies":[{"embeddable":true,"href":"https:\/\/ltim.lt\/en\/wp-json\/wp\/v2\/comments?post=3571"}],"version-history":[{"count":1,"href":"https:\/\/ltim.lt\/en\/wp-json\/wp\/v2\/pages\/3571\/revisions"}],"predecessor-version":[{"id":3572,"href":"https:\/\/ltim.lt\/en\/wp-json\/wp\/v2\/pages\/3571\/revisions\/3572"}],"up":[{"embeddable":true,"href":"https:\/\/ltim.lt\/en\/wp-json\/wp\/v2\/pages\/1024"}],"wp:attachment":[{"href":"https:\/\/ltim.lt\/en\/wp-json\/wp\/v2\/media?parent=3571"}],"curies":[{"name":"wp","href":"https:\/\/api.w.org\/{rel}","templated":true}]}}