{"id":3567,"date":"2022-11-13T17:38:10","date_gmt":"2022-11-13T19:38:10","guid":{"rendered":"http:\/\/ltim.lt\/?page_id=3567"},"modified":"2022-11-13T17:38:11","modified_gmt":"2022-11-13T19:38:11","slug":"rotmistro-laipsnio-patentas-suteiktas-josifui-museleviciui","status":"publish","type":"page","link":"https:\/\/ltim.lt\/en\/galerija\/dokumentai\/rotmistro-laipsnio-patentas-suteiktas-josifui-museleviciui\/","title":{"rendered":"Rotmistro laipsnio patentas, suteiktas Josifui Muselevi\u010diui"},"content":{"rendered":"\n<p><img loading=\"lazy\" class=\"aligncenter size-medium\" src=\"https:\/\/pirmynpopasauli.files.wordpress.com\/2022\/11\/7.jpg?w=1024\" width=\"1024\" height=\"691\" \/><\/p>\n<p style=\"text-align: center;\">Rotmistro laipsnio patentas, suteiktas Josifui Muselevi\u010diui. Ant dokumento matyti T. Kosciu\u0161kos sukilimo metu naujai kuriamo pulko antspaudas su u\u017era\u0161u \u201eLaisv\u0117, Vientisumas, Nepriklausomyb\u0117\u201c.<\/p>\n","protected":false},"excerpt":{"rendered":"<p>Rotmistro laipsnio patentas, suteiktas Josifui Muselevi\u010diui. Ant dokumento matyti T. Kosciu\u0161kos sukilimo metu naujai kuriamo pulko antspaudas su u\u017era\u0161u \u201eLaisv\u0117, Vientisumas, Nepriklausomyb\u0117\u201c.<\/p>\n","protected":false},"author":1,"featured_media":0,"parent":128,"menu_order":0,"comment_status":"closed","ping_status":"closed","template":"page-text.php","meta":[],"_links":{"self":[{"href":"https:\/\/ltim.lt\/en\/wp-json\/wp\/v2\/pages\/3567"}],"collection":[{"href":"https:\/\/ltim.lt\/en\/wp-json\/wp\/v2\/pages"}],"about":[{"href":"https:\/\/ltim.lt\/en\/wp-json\/wp\/v2\/types\/page"}],"author":[{"embeddable":true,"href":"https:\/\/ltim.lt\/en\/wp-json\/wp\/v2\/users\/1"}],"replies":[{"embeddable":true,"href":"https:\/\/ltim.lt\/en\/wp-json\/wp\/v2\/comments?post=3567"}],"version-history":[{"count":1,"href":"https:\/\/ltim.lt\/en\/wp-json\/wp\/v2\/pages\/3567\/revisions"}],"predecessor-version":[{"id":3568,"href":"https:\/\/ltim.lt\/en\/wp-json\/wp\/v2\/pages\/3567\/revisions\/3568"}],"up":[{"embeddable":true,"href":"https:\/\/ltim.lt\/en\/wp-json\/wp\/v2\/pages\/128"}],"wp:attachment":[{"href":"https:\/\/ltim.lt\/en\/wp-json\/wp\/v2\/media?parent=3567"}],"curies":[{"name":"wp","href":"https:\/\/api.w.org\/{rel}","templated":true}]}}