{"id":3564,"date":"2022-11-13T17:34:58","date_gmt":"2022-11-13T19:34:58","guid":{"rendered":"http:\/\/ltim.lt\/?page_id=3564"},"modified":"2022-11-13T17:35:43","modified_gmt":"2022-11-13T19:35:43","slug":"j-sabolevskio-knygos-virseli","status":"publish","type":"page","link":"https:\/\/ltim.lt\/en\/galerija\/literatura-ir-spauda\/j-sabolevskio-knygos-virseli\/","title":{"rendered":"J. Sabolevskio knygos vir\u0161elis"},"content":{"rendered":"\n<p><img loading=\"lazy\" class=\"aligncenter size-medium\" src=\"https:\/\/pirmynpopasauli.files.wordpress.com\/2022\/11\/6.jpg?w=768\" width=\"768\" height=\"1119\" \/><\/p>\n<p style=\"text-align: center;\">J. Sabolevskio knygos \u201eMahometon\u0173 arba Islamo tik\u0117jimo ai\u0161kinimas\u201c vir\u0161elis. 1830 m.<\/p>\n<p>\u00a0<\/p>\n","protected":false},"excerpt":{"rendered":"<p>J. Sabolevskio knygos \u201eMahometon\u0173 arba Islamo tik\u0117jimo ai\u0161kinimas\u201c vir\u0161elis. 1830 m. \u00a0<\/p>\n","protected":false},"author":1,"featured_media":0,"parent":142,"menu_order":0,"comment_status":"closed","ping_status":"closed","template":"page-text.php","meta":[],"_links":{"self":[{"href":"https:\/\/ltim.lt\/en\/wp-json\/wp\/v2\/pages\/3564"}],"collection":[{"href":"https:\/\/ltim.lt\/en\/wp-json\/wp\/v2\/pages"}],"about":[{"href":"https:\/\/ltim.lt\/en\/wp-json\/wp\/v2\/types\/page"}],"author":[{"embeddable":true,"href":"https:\/\/ltim.lt\/en\/wp-json\/wp\/v2\/users\/1"}],"replies":[{"embeddable":true,"href":"https:\/\/ltim.lt\/en\/wp-json\/wp\/v2\/comments?post=3564"}],"version-history":[{"count":2,"href":"https:\/\/ltim.lt\/en\/wp-json\/wp\/v2\/pages\/3564\/revisions"}],"predecessor-version":[{"id":3566,"href":"https:\/\/ltim.lt\/en\/wp-json\/wp\/v2\/pages\/3564\/revisions\/3566"}],"up":[{"embeddable":true,"href":"https:\/\/ltim.lt\/en\/wp-json\/wp\/v2\/pages\/142"}],"wp:attachment":[{"href":"https:\/\/ltim.lt\/en\/wp-json\/wp\/v2\/media?parent=3564"}],"curies":[{"name":"wp","href":"https:\/\/api.w.org\/{rel}","templated":true}]}}