{"id":3560,"date":"2022-11-13T17:30:38","date_gmt":"2022-11-13T19:30:38","guid":{"rendered":"http:\/\/ltim.lt\/?page_id=3560"},"modified":"2022-11-13T17:30:38","modified_gmt":"2022-11-13T19:30:38","slug":"ipolito-chalilio-janusevskio-kapas-bazoruose","status":"publish","type":"page","link":"https:\/\/ltim.lt\/en\/galerija\/vietoves\/bazorai\/ipolito-chalilio-janusevskio-kapas-bazoruose\/","title":{"rendered":"Ipolito (Chalilio) Janu\u0161evskio kapas Bazoruose"},"content":{"rendered":"\n<p><img loading=\"lazy\" class=\"aligncenter size-medium\" src=\"https:\/\/pirmynpopasauli.files.wordpress.com\/2022\/11\/4.jpg?w=768\" width=\"768\" height=\"1090\" \/><\/p>\n<p style=\"text-align: center;\">Simbolinis infanterijos generolo Ipolito (Chalilio) Janu\u0161evskio kapas Bazor\u0173 kaimo Lietuvos totori\u0173 kapin\u0117se<\/p>\n","protected":false},"excerpt":{"rendered":"<p>Simbolinis infanterijos generolo Ipolito (Chalilio) Janu\u0161evskio kapas Bazor\u0173 kaimo Lietuvos totori\u0173 kapin\u0117se<\/p>\n","protected":false},"author":1,"featured_media":0,"parent":3202,"menu_order":0,"comment_status":"closed","ping_status":"closed","template":"page-text.php","meta":[],"_links":{"self":[{"href":"https:\/\/ltim.lt\/en\/wp-json\/wp\/v2\/pages\/3560"}],"collection":[{"href":"https:\/\/ltim.lt\/en\/wp-json\/wp\/v2\/pages"}],"about":[{"href":"https:\/\/ltim.lt\/en\/wp-json\/wp\/v2\/types\/page"}],"author":[{"embeddable":true,"href":"https:\/\/ltim.lt\/en\/wp-json\/wp\/v2\/users\/1"}],"replies":[{"embeddable":true,"href":"https:\/\/ltim.lt\/en\/wp-json\/wp\/v2\/comments?post=3560"}],"version-history":[{"count":1,"href":"https:\/\/ltim.lt\/en\/wp-json\/wp\/v2\/pages\/3560\/revisions"}],"predecessor-version":[{"id":3561,"href":"https:\/\/ltim.lt\/en\/wp-json\/wp\/v2\/pages\/3560\/revisions\/3561"}],"up":[{"embeddable":true,"href":"https:\/\/ltim.lt\/en\/wp-json\/wp\/v2\/pages\/3202"}],"wp:attachment":[{"href":"https:\/\/ltim.lt\/en\/wp-json\/wp\/v2\/media?parent=3560"}],"curies":[{"name":"wp","href":"https:\/\/api.w.org\/{rel}","templated":true}]}}