{"id":3529,"date":"2022-11-12T17:59:01","date_gmt":"2022-11-12T19:59:01","guid":{"rendered":"http:\/\/ltim.lt\/?page_id=3529"},"modified":"2022-11-12T17:59:51","modified_gmt":"2022-11-12T19:59:51","slug":"3529-2","status":"publish","type":"page","link":"https:\/\/ltim.lt\/en\/galerija\/vietoves\/adamonys\/3529-2\/","title":{"rendered":"\u017dem\u0117s restitucija kitaip"},"content":{"rendered":"\n<p>Lietuvos nepriklausomyb\u0117s laikotarpiu turto gr\u0105\u017einimo procesas tur\u0117j\u0119s tapti teisingumo aktu virto vien\u0105 i\u0161 parodij\u0173. Negr\u0105\u017einus tikriems savininkams \u017eem\u0117s nuosavyb\u0117s, leido svetimiems\u00a0 privatizuoti \u017eem\u0117s sklypus. Buvusiems savininkams, u\u017e prarastas \u017eemes leido pasirinkti kitose vietose arba pa\u017ead\u0117jo\u00a0 kompensuoti pinigais. Tada paai\u0161k\u0117jo, kad per tiek met\u0173 nuo \u017eem\u0117s nacionalizacijos ma\u017eai liko\u00a0 tikr\u0173 gyv\u0173 \u017eem\u0117s savinink\u0173. Pretendent\u0173 ratas kelis kartus buvo ple\u010diamas iki likusi\u0173 sutuoktini\u0173, vaik\u0173, \u012fvaiki\u0173, v\u0117liau iki vaikai\u010di\u0173 ir kit\u0173 paveld\u0117toj\u0173. Per t\u0105 laik\u0105, nauji gudresni ir \u012ftakingesni turt\u0173 pretendentai, gautas valdas persik\u0117l\u0117\u00a0 prie miest\u0173 ir \u012f gra\u017eiausias gamtos vietas. Taip atsirado dabar populiar\u016bs individual\u016bs sklypai prie j\u016bros, e\u017eer\u0173, upi\u0173, tvenkini\u0173 ir pami\u0161k\u0117se su ry\u0161kiomis i\u0161kabomis \u201ePRIVATI VALDA\u201c.\u00a0\u00a0\u00a0\u00a0 <strong>\u00a0<\/strong><\/p>\n<p><strong>\u00a0<\/strong>Adamoni\u0173 kaimas netiko kurtis poilsiautojams, tod\u0117l nebuvo masin\u0117s pa\u0161alie\u010di\u0173 invazijos. Daugumas \u017eemi\u0173 per\u0117m\u0117 teis\u0117ti paveld\u0117t\u0117jai, kiti \u017eemes \u201epersik\u0117l\u0117\u201c \u012f kitas vietas. Dalis nauj\u0173 savinink\u0173, nepasirengusi\u0173 \u016bkininkauti, plotus i\u0161nuomoja kitiems \u017eemvald\u017eiams.<\/p>\n<p>Laikui b\u0117gant kaimuose toliau viskas keit\u0117si. Buv\u0119 \u017eemi\u0173 savininkai ir ar lik\u0119 pretendentai jau nedarbingi. J\u0173 r\u016bpes\u010diai jau kiti. Vald\u017eia juos pamalonino ir pasi\u016bl\u0117 likusi turt\u0105 parduoti, perra\u0161yti, padovanoti jauniems \u016bkininkams ar gauti i\u0161mokas u\u017e pasitraukim\u0105 i\u0161 aktyvios \u017eemdirbyst\u0117s ir pieno\u00a0gamybos. Senesni kaimo valstie\u010diai suvilioti i\u0161mokomis ir nuomos-pardavimo galimyb\u0117mis nustojo \u017eem\u0119 dirbti, persik\u0117l\u0117 gyventi \u012f miestus.\u00a0\u00a0\u00a0\u00a0<\/p>\n<p>Kiti gyventojai savo sodybas pusvel\u010diui pardav\u0117 naujiems \u201ekaimie\u010diams\u201c, kurie atvyko ne \u017eem\u0119 dirbti, o pagyventi i\u0161likusiose kaimo gry\u010diose iki geresni\u0173 laik\u0173.\u00a0\u00a0\u00a0\u00a0\u00a0\u00a0\u00a0\u00a0\u00a0<\/p>\n<p><img loading=\"lazy\" class=\"aligncenter size-medium\" src=\"https:\/\/pirmynpopasauli.files.wordpress.com\/2022\/11\/image-20.png\" width=\"377\" height=\"279\" \/><\/p>\n","protected":false},"excerpt":{"rendered":"<p>Lietuvos nepriklausomyb\u0117s laikotarpiu turto gr\u0105\u017einimo procesas tur\u0117j\u0119s tapti teisingumo aktu virto vien\u0105 i\u0161 parodij\u0173. Negr\u0105\u017einus tikriems savininkams \u017eem\u0117s nuosavyb\u0117s, leido svetimiems\u00a0 privatizuoti \u017eem\u0117s sklypus. Buvusiems savininkams, u\u017e prarastas \u017eemes leido pasirinkti kitose vietose arba pa\u017ead\u0117jo\u00a0 kompensuoti pinigais. Tada paai\u0161k\u0117jo, kad per tiek met\u0173 nuo \u017eem\u0117s nacionalizacijos ma\u017eai liko\u00a0 tikr\u0173 gyv\u0173 \u017eem\u0117s savinink\u0173. Pretendent\u0173 ratas kelis [&hellip;]<\/p>\n","protected":false},"author":1,"featured_media":0,"parent":3489,"menu_order":0,"comment_status":"closed","ping_status":"closed","template":"page-text.php","meta":[],"_links":{"self":[{"href":"https:\/\/ltim.lt\/en\/wp-json\/wp\/v2\/pages\/3529"}],"collection":[{"href":"https:\/\/ltim.lt\/en\/wp-json\/wp\/v2\/pages"}],"about":[{"href":"https:\/\/ltim.lt\/en\/wp-json\/wp\/v2\/types\/page"}],"author":[{"embeddable":true,"href":"https:\/\/ltim.lt\/en\/wp-json\/wp\/v2\/users\/1"}],"replies":[{"embeddable":true,"href":"https:\/\/ltim.lt\/en\/wp-json\/wp\/v2\/comments?post=3529"}],"version-history":[{"count":3,"href":"https:\/\/ltim.lt\/en\/wp-json\/wp\/v2\/pages\/3529\/revisions"}],"predecessor-version":[{"id":3532,"href":"https:\/\/ltim.lt\/en\/wp-json\/wp\/v2\/pages\/3529\/revisions\/3532"}],"up":[{"embeddable":true,"href":"https:\/\/ltim.lt\/en\/wp-json\/wp\/v2\/pages\/3489"}],"wp:attachment":[{"href":"https:\/\/ltim.lt\/en\/wp-json\/wp\/v2\/media?parent=3529"}],"curies":[{"name":"wp","href":"https:\/\/api.w.org\/{rel}","templated":true}]}}