{"id":3526,"date":"2022-11-12T17:55:26","date_gmt":"2022-11-12T19:55:26","guid":{"rendered":"http:\/\/ltim.lt\/?page_id=3526"},"modified":"2022-11-12T17:55:56","modified_gmt":"2022-11-12T19:55:56","slug":"visi-prie-knygu","status":"publish","type":"page","link":"https:\/\/ltim.lt\/en\/galerija\/vietoves\/adamonys\/visi-prie-knygu\/","title":{"rendered":"Visi prie knyg\u0173"},"content":{"rendered":"\n<p>Prie\u0161kario kartos \u017emon\u0117s buvo savamoksliai, b\u016bdami vaikais retai kuris gal\u0117jo mokytis kelias \u017eiemas mokykloje. M\u016bs\u0173 kartai pasisek\u0117 geriau &#8211; jau buvo kitas laikotarpis ir geresn\u0117s galimyb\u0117s mokytis.\u00a0\u00a0\u00a0\u00a0\u00a0\u00a0<\/p>\n<p>\u00a0\u00a0Pirm\u0173j\u0173 kaimo \u016bkinink\u0173 pokario vaikai jau gal\u0117jo lankyti pradin\u0119, keturi\u0173 klasi\u0173 mokykl\u0105 Rai\u017ei\u0173 kaime, u\u017e 3 km.\u00a0\u00a0\u00a0\u00a0<\/p>\n<p>V\u0117liau gimusiems, mokytis s\u0105lygos dar pager\u0117jo. 1948m. atsidar\u0117 pradin\u0117 mokykla dar ar\u010diau &#8211; Carev\u0161\u010diznos kaime. Mokykla buvo \u012fkurta i\u0161tremto \u012f Sibir\u0105 Stepo Chaleko gyvenamame name. Viename kambaryje buvo suformuotos visos keturios klas\u0117s. Visus mok\u0117 vienas mokytojas. \u012e mokyklos pirm\u0105 klas\u0119, i\u0161 aplinkini\u0173 kaim\u0173, at\u0117jo mokytis \u012fvairaus am\u017eiaus vaikai &#8211; nuo septyni\u0173 iki dvylikos- keturiolikos met\u0173. Pvz. I\u0161 Vali\u016bn\u0173 kaimo Vaitulevi\u010di\u0173 \u0161eimos at\u0117jo mokytis trys broliai \u201ebernai\u201d: vyriausias Pranas apie 14 \u201315 m., Jurgis &#8211; gal 12-13 m., Stasys \u2013 9-11 metu. Tokio am\u017eiaus ir jaunesni kiti vaikai buvo jau ketvirtokai.<\/p>\n<p>\u017demiau pateiktose nuotraukose Carev\u0161\u010diznos prad\u017eios mokyklos 1948-1960\u00a0\u00a0 mokslo met\u0173 mokiniai su mokytojais.<\/p>\n<div style=\"width: 533px\" class=\"wp-caption aligncenter\"><img loading=\"lazy\" class=\"size-medium\" src=\"https:\/\/pirmynpopasauli.files.wordpress.com\/2022\/11\/image-16.png\" width=\"523\" height=\"525\" \/><p class=\"wp-caption-text\">1948-1949 mokslo met\u0173 mokiniai ir mokytojas A.Bardzevi\u010dius su \u017emona<\/p><\/div>\n<div style=\"width: 904px\" class=\"wp-caption aligncenter\"><img loading=\"lazy\" class=\"size-medium\" src=\"https:\/\/pirmynpopasauli.files.wordpress.com\/2022\/11\/image-17.png\" width=\"894\" height=\"446\" \/><p class=\"wp-caption-text\">1959-1960 mokslo met\u0173 paskutin\u0117 1-4 klasi\u0173 grup\u0117<\/p><\/div>\n<p>J\u0105 baigus buvo galima toliau mokytis septinmet\u0117se ar vidurin\u0117se mokyklose. Artimiausios tokios buvo u\u017e 6 km. septynmet\u0117 mokykla Striel\u010di\u0173 kaime arba Butrimoni\u0173 vidurin\u0117 mokykla, vir\u0161 8 km.\u00a0\u00a0<\/p>\n<p>Greitai mokytis s\u0105lygos dar pager\u0117jo &#8211; atsidar\u0117 septini\u0173 klasi\u0173 mokykla Jurgelioni\u0173 dvaro talpose, u\u017e koki\u0173 3-4 km.\u00a0<\/p>\n<p>Baigus min\u0117tas mokyklas mokiniai stojo mokytis \u012fvairi\u0173 specialybi\u0173 amat\u0173 mokyklose arba \u012f specializuotus technikumus kituose miestuose. Po vidurini\u0173 mokykl\u0173 arba technikum\u0173 baigimo gal\u0117jo mokytis didmies\u010di\u0173 ir auk\u0161tosiose mokyklose.<\/p>\n","protected":false},"excerpt":{"rendered":"<p>Prie\u0161kario kartos \u017emon\u0117s buvo savamoksliai, b\u016bdami vaikais retai kuris gal\u0117jo mokytis kelias \u017eiemas mokykloje. M\u016bs\u0173 kartai pasisek\u0117 geriau &#8211; jau buvo kitas laikotarpis ir geresn\u0117s galimyb\u0117s mokytis.\u00a0\u00a0\u00a0\u00a0\u00a0\u00a0 \u00a0\u00a0Pirm\u0173j\u0173 kaimo \u016bkinink\u0173 pokario vaikai jau gal\u0117jo lankyti pradin\u0119, keturi\u0173 klasi\u0173 mokykl\u0105 Rai\u017ei\u0173 kaime, u\u017e 3 km.\u00a0\u00a0\u00a0\u00a0 V\u0117liau gimusiems, mokytis s\u0105lygos dar pager\u0117jo. 1948m. atsidar\u0117 pradin\u0117 mokykla dar [&hellip;]<\/p>\n","protected":false},"author":1,"featured_media":0,"parent":3489,"menu_order":0,"comment_status":"closed","ping_status":"closed","template":"page-text.php","meta":[],"_links":{"self":[{"href":"https:\/\/ltim.lt\/en\/wp-json\/wp\/v2\/pages\/3526"}],"collection":[{"href":"https:\/\/ltim.lt\/en\/wp-json\/wp\/v2\/pages"}],"about":[{"href":"https:\/\/ltim.lt\/en\/wp-json\/wp\/v2\/types\/page"}],"author":[{"embeddable":true,"href":"https:\/\/ltim.lt\/en\/wp-json\/wp\/v2\/users\/1"}],"replies":[{"embeddable":true,"href":"https:\/\/ltim.lt\/en\/wp-json\/wp\/v2\/comments?post=3526"}],"version-history":[{"count":2,"href":"https:\/\/ltim.lt\/en\/wp-json\/wp\/v2\/pages\/3526\/revisions"}],"predecessor-version":[{"id":3528,"href":"https:\/\/ltim.lt\/en\/wp-json\/wp\/v2\/pages\/3526\/revisions\/3528"}],"up":[{"embeddable":true,"href":"https:\/\/ltim.lt\/en\/wp-json\/wp\/v2\/pages\/3489"}],"wp:attachment":[{"href":"https:\/\/ltim.lt\/en\/wp-json\/wp\/v2\/media?parent=3526"}],"curies":[{"name":"wp","href":"https:\/\/api.w.org\/{rel}","templated":true}]}}