{"id":3524,"date":"2022-11-12T17:51:04","date_gmt":"2022-11-12T19:51:04","guid":{"rendered":"http:\/\/ltim.lt\/?page_id=3524"},"modified":"2022-11-12T17:51:05","modified_gmt":"2022-11-12T19:51:05","slug":"kaimo-kolektyvizacija","status":"publish","type":"page","link":"https:\/\/ltim.lt\/en\/galerija\/vietoves\/adamonys\/kaimo-kolektyvizacija\/","title":{"rendered":"Kaimo kolektyvizacija"},"content":{"rendered":"\n<p>\u012esitvirtinusi Lietuvoje Soviet\u0173 vald\u017eia toliau vert\u0117 valstie\u010dius vykdyti ank\u0161\u010diau min\u0117tas \u016bkio prievoles, vadinamos \u201cpyliavomis\u201d ir mok\u0117ti \u012fvairius mokes\u010dius. \u016akininkams reik\u0117jo nurodyt\u0105 kiek\u012f ir iki nustatyto termino pristatyti gr\u016bd\u0173 ir maisto produkt\u0173. Kiekvienais metais prievol\u0117s ir mokes\u010diai buvo didinami, o kontrol\u0117 grie\u017etinama. V\u0117liau \u012fved\u0117 privalom\u0105 turto ir gyvuli\u0173 draudimus, valstyb\u0117s obligacij\u0173 i\u0161pirkimo \u012fmok\u0173 prievoles.<\/p>\n<p>Kaimuose prasid\u0117jo kol\u016bki\u0173 steigimo vajus. Rinko valstie\u010dius \u012f susirinkimus ir agitavo ne vargti individualiai, o burtis bendram kolektyviniam darbui kol\u016bkyje (vad.kolchozu). Kaimie\u010diams buvo nesuprantama, nepriimtina ir vilion\u0117ms nepasidav\u0117. Po pusme\u010dio, v\u0117l agitacija, v\u0117l pa\u017eadai apie geresn\u012f kolektyvin\u012f gyvenim\u0105 kaime. Gyventojai pa\u017eadais nepatik\u0117jo.\u00a0\u00a0\u00a0<\/p>\n<p>\u00a01948 m. paskelb\u0117 buo\u017e\u0117mis ir liaudies kenk\u0117jais artimus kaimynus &#8211; Stas\u012f\u00a0 Aleknavi\u010di\u0173 (Paliepi\u0173 k.), Juoz\u0105 Baranausk\u0105 (Adamoni\u0173 k.), Step\u0105 Chaleck\u0105 (Carev\u0161\u010diznos k.) ir i\u0161tr\u0117m\u0117 \u0161eimas \u012f Sibir\u0105.\u00a0\u00a0<\/p>\n<p>Paskelb\u0117 \u017eem\u0117s, \u016bkini\u0173 pastat\u0173, \u017eem\u0117s \u016bkio technikos, padarg\u0173, arkli\u0173, ve\u017eim\u0173, rogi\u0173 ir kito turto nacionalizacija. U\u017e j\u0173 naudojim\u0105 nustat\u0117 mokes\u010dius. Bet tuo neapsiribota, kol\u016bki\u0173 steigimas nepamir\u0161tas. V\u0117l agitacija, spaudimas, bauginimas, su pa\u017eadai, kompromisais ir i\u0161imtimis. Pa\u017ead\u0117jo leisti nacionalizuotus arklius, padargus, kluonus, svirnus pasilikti ir naudotis nemokamai. Kiti agitaciniai susitikimai ir susirinkimai pana\u0161\u016bs ir su tais pa\u010diais tikslais ir kompromisais.\u00a0\u00a0\u00a0\u00a0<\/p>\n<p>Valstieti\u0161ka ir inerti\u0161ka trauka prie savo \u017eem\u0117s gaji. Kaip ir anks\u010diau valstie\u010diai ruo\u0161\u0117 dirv\u0105, s\u0117jo gr\u016bdus ir pri\u017ei\u016br\u0117jo laukus. Subrendus rugi\u0173 varpoms visi susirinko \u012f talk\u0105 greitai surinkti derli\u0173. Padirb\u0117jo, pajuokavo, i\u0161siskyrst\u0117 ir suprato, kad dirbo kol\u016bkiui. Tai buvo pirma ir paskutin\u0117 kol\u016bkin\u0117 masin\u0117 rugiapj\u016bt\u0117s talka kaime, apie 1950 m. u\u017efiksuota nuotraukoje \u017eemiau.<\/p>\n<p>Metams pasibaigus naujai i\u0161keptiems kol\u016bkie\u010diams u\u017e darbadienius liko \u201ekatino a\u0161aros\u201c. Taip kartojosi kelet\u0105 met\u0173.\u00a0\u00a0\u00a0\u00a0\u00a0\u00a0\u00a0\u00a0\u00a0\u00a0\u00a0\u00a0\u00a0\u00a0\u00a0\u00a0\u00a0\u00a0\u00a0\u00a0\u00a0\u00a0\u00a0\u00a0\u00a0\u00a0\u00a0\u00a0\u00a0\u00a0\u00a0\u00a0\u00a0\u00a0\u00a0\u00a0\u00a0\u00a0\u00a0\u00a0\u00a0\u00a0\u00a0\u00a0\u00a0\u00a0\u00a0\u00a0\u00a0\u00a0\u00a0\u00a0\u00a0\u00a0\u00a0\u00a0\u00a0\u00a0\u00a0\u00a0\u00a0\u00a0\u00a0\u00a0\u00a0\u00a0\u00a0\u00a0\u00a0\u00a0\u00a0\u00a0\u00a0\u00a0\u00a0\u00a0\u00a0\u00a0\u00a0\u00a0\u00a0\u00a0\u00a0\u00a0\u00a0\u00a0\u00a0\u00a0\u00a0\u00a0\u00a0\u00a0\u00a0\u00a0\u00a0\u00a0\u00a0<\/p>\n<p>Darb\u0173 kol\u016bkyje buvo apstu ir kasmet vis did\u0117jo, o laiko, skirto pragyventi ir i\u0161laikyti individual\u0173 \u016bk\u012f, ma\u017e\u0117jo. Laikui b\u0117gant, buvusiuose nuosavos \u017eem\u0117s plotuose kol\u016bkio dalis did\u0117jo, o asmeninio \u016bkio dalis ma\u017e\u0117jo. Buvo nustatyti ribiniai plotai kol\u016bkie\u010dio sodybiniam sklypui, vadinami \u201earais\u201c ir piev\u0173 plotai gyvuli\u0173 ganykloms bei \u0161ienavimui \u017eiemai. \u017dmones veng\u0117 dirbti kol\u016bkyje, daugiau pl\u0117tojo asmenin\u012f nam\u0173 \u016bk\u012f. Kol\u016bkie\u010diams neinantiems dirbti \u012f kol\u016bk\u012f grasino \u012fvairiomis nuobaudomis: ma\u017einimu sodybinio sklypo ribas, ma\u017einimu gyvuli\u0173 ganykl\u0173 ir \u0161ienavimo piev\u0173 plotus, ne gausiantys kol\u016bkio arkli\u0173 ir padarg\u0173 nam\u0173 sklypui \u012fdirbti ir kt. Kol\u016bkinis darbas kaime pasidar\u0117 ne naudingas, ne i\u0161vengiamas ir prievartinis.<\/p>\n<p><img loading=\"lazy\" class=\"alignnone size-medium\" src=\"https:\/\/pirmynpopasauli.files.wordpress.com\/2022\/11\/image-15.png\" width=\"1068\" height=\"514\" \/><\/p>\n<p style=\"text-align: center;\"><strong>Rugiap<\/strong><strong>j\u016bt\u0117s talkininkai<\/strong><\/p>\n<p style=\"text-align: center;\">\u00a0\u00a0\u00a0\u00a0 <strong>Stovi i\u0161 de\u0161in\u0117s<\/strong>: 1. Samuelis Chaleckas, 2. Chasienius Baira\u0161auskas, 3. Aleknavi\u010di\u0173 \u012fnamis, a\/v ne\u017einomas, 4. Stepas Baira\u0161auskas (su pjautuvu), 5. Tomas Chaleckas, 6.Adomas Chaleckas, 7. Motiejus Chackas, 8. Ibrahimas Chaleckas, 9. Dovydas Abunevi\u010dius, 10. Jonas Jablonskas, 11. Juozas Mickonis,\u00a0 12. Stepas Chaleckas.\u00a0\u00a0\u00a0\u00a0\u00a0\u00a0\u00a0 \u00a0 \u00a0 \u00a0 \u00a0 \u00a0 \u00a0 \u00a0 \u00a0 \u00a0 \u00a0 \u00a0 \u00a0 \u00a0 \u00a0 \u00a0 \u00a0 \u00a0 \u00a0 \u00a0 \u00a0 \u00a0 \u00a0 \u00a0 \u00a0 \u00a0 \u00a0 \u00a0 \u00a0 \u00a0 \u00a0 \u00a0 \u00a0 \u00a0 \u00a0 \u00a0 \u00a0 <strong>S\u0117di i\u0161 de\u0161in\u0117s<\/strong>: 1.Zofija Chaleckien\u0117, 2. Emilija Baira\u0161auskien\u0117, 3. Rozalija Chaleckait\u0117, 4. Felicija Chaleckien\u0117 A., 5. Marija Jablonskien\u0117, 6. Felicija Chaleckien\u0117 T., 7. StepasBazaravi\u010dius (brig.), 8. Juozas \u010cerniauskas, 9. Elena Abunevi\u010dien\u0117, 10. Neatpa\u017einta mergait\u0117, 11. Marija Chaleckien\u0117, 12. Aleknavi\u010di\u0173 \u012fnam\u0117, 13. Marija Jablonskien\u0117.<br \/><strong>Guli<\/strong>: Juozas Baira\u0161auskas (centre), Tomas Chaleckas (kair\u0117je). \u00a0<\/p>\n","protected":false},"excerpt":{"rendered":"<p>\u012esitvirtinusi Lietuvoje Soviet\u0173 vald\u017eia toliau vert\u0117 valstie\u010dius vykdyti ank\u0161\u010diau min\u0117tas \u016bkio prievoles, vadinamos \u201cpyliavomis\u201d ir mok\u0117ti \u012fvairius mokes\u010dius. \u016akininkams reik\u0117jo nurodyt\u0105 kiek\u012f ir iki nustatyto termino pristatyti gr\u016bd\u0173 ir maisto produkt\u0173. Kiekvienais metais prievol\u0117s ir mokes\u010diai buvo didinami, o kontrol\u0117 grie\u017etinama. V\u0117liau \u012fved\u0117 privalom\u0105 turto ir gyvuli\u0173 draudimus, valstyb\u0117s obligacij\u0173 i\u0161pirkimo \u012fmok\u0173 prievoles. Kaimuose prasid\u0117jo [&hellip;]<\/p>\n","protected":false},"author":1,"featured_media":0,"parent":3489,"menu_order":0,"comment_status":"closed","ping_status":"closed","template":"page-text.php","meta":[],"_links":{"self":[{"href":"https:\/\/ltim.lt\/en\/wp-json\/wp\/v2\/pages\/3524"}],"collection":[{"href":"https:\/\/ltim.lt\/en\/wp-json\/wp\/v2\/pages"}],"about":[{"href":"https:\/\/ltim.lt\/en\/wp-json\/wp\/v2\/types\/page"}],"author":[{"embeddable":true,"href":"https:\/\/ltim.lt\/en\/wp-json\/wp\/v2\/users\/1"}],"replies":[{"embeddable":true,"href":"https:\/\/ltim.lt\/en\/wp-json\/wp\/v2\/comments?post=3524"}],"version-history":[{"count":1,"href":"https:\/\/ltim.lt\/en\/wp-json\/wp\/v2\/pages\/3524\/revisions"}],"predecessor-version":[{"id":3525,"href":"https:\/\/ltim.lt\/en\/wp-json\/wp\/v2\/pages\/3524\/revisions\/3525"}],"up":[{"embeddable":true,"href":"https:\/\/ltim.lt\/en\/wp-json\/wp\/v2\/pages\/3489"}],"wp:attachment":[{"href":"https:\/\/ltim.lt\/en\/wp-json\/wp\/v2\/media?parent=3524"}],"curies":[{"name":"wp","href":"https:\/\/api.w.org\/{rel}","templated":true}]}}