{"id":3521,"date":"2022-11-12T17:46:08","date_gmt":"2022-11-12T19:46:08","guid":{"rendered":"http:\/\/ltim.lt\/?page_id=3521"},"modified":"2022-11-12T17:46:09","modified_gmt":"2022-11-12T19:46:09","slug":"neramus-pokario-gyvenimas","status":"publish","type":"page","link":"https:\/\/ltim.lt\/en\/galerija\/vietoves\/adamonys\/neramus-pokario-gyvenimas\/","title":{"rendered":"Neramus pokario gyvenimas"},"content":{"rendered":"\n<p>Adamoni\u0173 kaimas yra nuo\u0161alyje nuo stambesni\u0173 miest\u0173 ir strategi\u0161kai svarbi\u0173 keli\u0173, tod\u0117l per karus daug nenukent\u0117jo. I\u0161 senoli\u0173 gird\u0117jime apie patirtus karo baisumus, artim\u0173j\u0173 \u017e\u016btis, gyvenimo ne\u017einia ir kan\u010dias. M\u016bs\u0173 kartai pasiek\u0117, mes tik mat\u0117m\u0117 kaip per kaim\u0105 va\u017eiavo Vokietijos dalini\u0173 karin\u0119 technik\u0105, o po ka\u017ekiek laiko ir Raudonosios armijos ginkluotus karius su\u00a0 kitokia technika, apranga, kalba ir kitais skiriamaisiais \u017eenklais. Gird\u0117jome sviedini\u0173 sprogim\u0173 aidus tai i\u0161 Alytaus, tai nuo Kauno ar Var\u0117nos pusi\u0173 ir dar ne\u017einia i\u0161 kur. Su laiku bomb\u0173 sprogimo dundesiai ir gaisr\u0173 pa\u0161vaist\u0117s prad\u0117jo ret\u0117ti. Tuo, palaipsniiui, kaime ir baig\u0117si Antras pasaulinis karas.<\/p>\n<p>Liko tik karo p\u0117dsakai: susprogdinti miestai, tiltai, gele\u017einkelio b\u0117giai ir magistraliniai keliai. Ilgai po karo buvo atstatomi miest\u0173 ir priemies\u010dio infrastrukt\u016br\u0105, susprogdinti keliai, tiltaii ir atskiri namai.<\/p>\n<div style=\"width: 717px\" class=\"wp-caption aligncenter\"><img loading=\"lazy\" src=\"https:\/\/pirmynpopasauli.files.wordpress.com\/2022\/11\/image-13.png\" alt=\"\" width=\"707\" height=\"423\" \/><p class=\"wp-caption-text\">Alytaus A.Juozapavi\u010diaus vardo tilto griuv\u0117siai, pokaryje<\/p><\/div>\n<p><img loading=\"lazy\" class=\"size-medium\" src=\"https:\/\/pirmynpopasauli.files.wordpress.com\/2022\/11\/image-14.png\" width=\"786\" height=\"440\" \/><\/p>\n\nKeltas per Nemun\u0105 Alytuje, pokaryje\n","protected":false},"excerpt":{"rendered":"<p>Adamoni\u0173 kaimas yra nuo\u0161alyje nuo stambesni\u0173 miest\u0173 ir strategi\u0161kai svarbi\u0173 keli\u0173, tod\u0117l per karus daug nenukent\u0117jo. I\u0161 senoli\u0173 gird\u0117jime apie patirtus karo baisumus, artim\u0173j\u0173 \u017e\u016btis, gyvenimo ne\u017einia ir kan\u010dias. M\u016bs\u0173 kartai pasiek\u0117, mes tik mat\u0117m\u0117 kaip per kaim\u0105 va\u017eiavo Vokietijos dalini\u0173 karin\u0119 technik\u0105, o po ka\u017ekiek laiko ir Raudonosios armijos ginkluotus karius su\u00a0 kitokia technika, [&hellip;]<\/p>\n","protected":false},"author":1,"featured_media":0,"parent":3489,"menu_order":0,"comment_status":"closed","ping_status":"closed","template":"page-text.php","meta":[],"_links":{"self":[{"href":"https:\/\/ltim.lt\/en\/wp-json\/wp\/v2\/pages\/3521"}],"collection":[{"href":"https:\/\/ltim.lt\/en\/wp-json\/wp\/v2\/pages"}],"about":[{"href":"https:\/\/ltim.lt\/en\/wp-json\/wp\/v2\/types\/page"}],"author":[{"embeddable":true,"href":"https:\/\/ltim.lt\/en\/wp-json\/wp\/v2\/users\/1"}],"replies":[{"embeddable":true,"href":"https:\/\/ltim.lt\/en\/wp-json\/wp\/v2\/comments?post=3521"}],"version-history":[{"count":2,"href":"https:\/\/ltim.lt\/en\/wp-json\/wp\/v2\/pages\/3521\/revisions"}],"predecessor-version":[{"id":3523,"href":"https:\/\/ltim.lt\/en\/wp-json\/wp\/v2\/pages\/3521\/revisions\/3523"}],"up":[{"embeddable":true,"href":"https:\/\/ltim.lt\/en\/wp-json\/wp\/v2\/pages\/3489"}],"wp:attachment":[{"href":"https:\/\/ltim.lt\/en\/wp-json\/wp\/v2\/media?parent=3521"}],"curies":[{"name":"wp","href":"https:\/\/api.w.org\/{rel}","templated":true}]}}