{"id":3519,"date":"2022-11-12T17:36:17","date_gmt":"2022-11-12T19:36:17","guid":{"rendered":"http:\/\/ltim.lt\/?page_id=3519"},"modified":"2022-11-12T17:36:17","modified_gmt":"2022-11-12T19:36:17","slug":"adamoniu-kaimo-kavalieriai","status":"publish","type":"page","link":"https:\/\/ltim.lt\/en\/galerija\/vietoves\/adamonys\/adamoniu-kaimo-kavalieriai\/","title":{"rendered":"Adamoni\u0173 kaimo kavalieriai"},"content":{"rendered":"\n<p><img loading=\"lazy\" class=\"size-medium aligncenter\" src=\"https:\/\/pirmynpopasauli.files.wordpress.com\/2022\/11\/image-12.png\" width=\"428\" height=\"495\" \/><\/p>\n<p style=\"text-align: center;\">XX a. ketvirto de\u0161imt\u00adme\u010dio Adamoni\u0173 kaimo kavalieriai: sedi i\u0161 kair\u0117s Samuelis Chaleckas, Motiejus Abunevi\u010dius (Trakininkai), Adomas Chaleckas, stovi Stepas Bazaravi\u010dius ir Jonas Jablonskas.\u00a0\u00a0<\/p>\n","protected":false},"excerpt":{"rendered":"<p>XX a. ketvirto de\u0161imt\u00adme\u010dio Adamoni\u0173 kaimo kavalieriai: sedi i\u0161 kair\u0117s Samuelis Chaleckas, Motiejus Abunevi\u010dius (Trakininkai), Adomas Chaleckas, stovi Stepas Bazaravi\u010dius ir Jonas Jablonskas.\u00a0\u00a0<\/p>\n","protected":false},"author":1,"featured_media":0,"parent":3489,"menu_order":0,"comment_status":"closed","ping_status":"closed","template":"page-text.php","meta":[],"_links":{"self":[{"href":"https:\/\/ltim.lt\/en\/wp-json\/wp\/v2\/pages\/3519"}],"collection":[{"href":"https:\/\/ltim.lt\/en\/wp-json\/wp\/v2\/pages"}],"about":[{"href":"https:\/\/ltim.lt\/en\/wp-json\/wp\/v2\/types\/page"}],"author":[{"embeddable":true,"href":"https:\/\/ltim.lt\/en\/wp-json\/wp\/v2\/users\/1"}],"replies":[{"embeddable":true,"href":"https:\/\/ltim.lt\/en\/wp-json\/wp\/v2\/comments?post=3519"}],"version-history":[{"count":1,"href":"https:\/\/ltim.lt\/en\/wp-json\/wp\/v2\/pages\/3519\/revisions"}],"predecessor-version":[{"id":3520,"href":"https:\/\/ltim.lt\/en\/wp-json\/wp\/v2\/pages\/3519\/revisions\/3520"}],"up":[{"embeddable":true,"href":"https:\/\/ltim.lt\/en\/wp-json\/wp\/v2\/pages\/3489"}],"wp:attachment":[{"href":"https:\/\/ltim.lt\/en\/wp-json\/wp\/v2\/media?parent=3519"}],"curies":[{"name":"wp","href":"https:\/\/api.w.org\/{rel}","templated":true}]}}