{"id":3517,"date":"2022-11-12T17:32:47","date_gmt":"2022-11-12T19:32:47","guid":{"rendered":"http:\/\/ltim.lt\/?page_id=3517"},"modified":"2022-11-12T17:32:48","modified_gmt":"2022-11-12T19:32:48","slug":"adomo-ir-tomo-chalecku-vaikai","status":"publish","type":"page","link":"https:\/\/ltim.lt\/en\/galerija\/vietoves\/adamonys\/adomo-ir-tomo-chalecku-vaikai\/","title":{"rendered":"Adomo ir Tomo Chaleck\u0173 vaikai"},"content":{"rendered":"\n<p style=\"text-align: center;\"><img loading=\"lazy\" class=\"alignnone size-medium\" src=\"https:\/\/pirmynpopasauli.files.wordpress.com\/2022\/11\/image-11.png\" width=\"619\" height=\"526\" \/><strong>Adomo ir Tomo <\/strong><strong>Chaleck\u0173 vaikai<\/strong><strong> su <\/strong><strong>vie\u0161niomis, apie <\/strong><strong>1950-1952 <\/strong><strong>m.<\/strong><strong> \u00a0<\/strong> \u00a0\u00a0\u00a0\u00a0\u00a0\u00a0\u00a0\u00a0\u00a0\u00a0\u00a0<\/p>\n<p style=\"text-align: left;\">\u00a0Stovi i\u0161\u00a0 de\u0161in\u0117s: Jonas (s. Adomo) ir Aleksandras (s. Tomo) Chaleckai, Son\u0117 Chaleckait\u0117 (d. Ibrahimo, Rai\u017eiai), Stas\u0117 \u017darkauskait\u0117 (Butrimonys), Zofija Chaleckait\u0117 (d. Adomo), Marija Lebedyt\u0117 (Semeli\u0161k\u0117s), Maryt\u0117 Chaleckait\u0117 (d. Alekso, Rai\u017eiai).\u00a0 S\u0117di i\u0161 de\u0161in\u0117s: Tamara Chaleckait\u0117 (d.Adomo), Elena Chaleckait\u0117 (d. Tomo), Aleksas Chaleckas (s. Adomo), Kostas Chaleckas (s. Tomo).<\/p>\n","protected":false},"excerpt":{"rendered":"<p>Adomo ir Tomo Chaleck\u0173 vaikai su vie\u0161niomis, apie 1950-1952 m. \u00a0 \u00a0\u00a0\u00a0\u00a0\u00a0\u00a0\u00a0\u00a0\u00a0\u00a0\u00a0 \u00a0Stovi i\u0161\u00a0 de\u0161in\u0117s: Jonas (s. Adomo) ir Aleksandras (s. Tomo) Chaleckai, Son\u0117 Chaleckait\u0117 (d. Ibrahimo, Rai\u017eiai), Stas\u0117 \u017darkauskait\u0117 (Butrimonys), Zofija Chaleckait\u0117 (d. Adomo), Marija Lebedyt\u0117 (Semeli\u0161k\u0117s), Maryt\u0117 Chaleckait\u0117 (d. Alekso, Rai\u017eiai).\u00a0 S\u0117di i\u0161 de\u0161in\u0117s: Tamara Chaleckait\u0117 (d.Adomo), Elena Chaleckait\u0117 (d. Tomo), Aleksas Chaleckas [&hellip;]<\/p>\n","protected":false},"author":1,"featured_media":0,"parent":3489,"menu_order":0,"comment_status":"closed","ping_status":"closed","template":"page-text.php","meta":[],"_links":{"self":[{"href":"https:\/\/ltim.lt\/en\/wp-json\/wp\/v2\/pages\/3517"}],"collection":[{"href":"https:\/\/ltim.lt\/en\/wp-json\/wp\/v2\/pages"}],"about":[{"href":"https:\/\/ltim.lt\/en\/wp-json\/wp\/v2\/types\/page"}],"author":[{"embeddable":true,"href":"https:\/\/ltim.lt\/en\/wp-json\/wp\/v2\/users\/1"}],"replies":[{"embeddable":true,"href":"https:\/\/ltim.lt\/en\/wp-json\/wp\/v2\/comments?post=3517"}],"version-history":[{"count":1,"href":"https:\/\/ltim.lt\/en\/wp-json\/wp\/v2\/pages\/3517\/revisions"}],"predecessor-version":[{"id":3518,"href":"https:\/\/ltim.lt\/en\/wp-json\/wp\/v2\/pages\/3517\/revisions\/3518"}],"up":[{"embeddable":true,"href":"https:\/\/ltim.lt\/en\/wp-json\/wp\/v2\/pages\/3489"}],"wp:attachment":[{"href":"https:\/\/ltim.lt\/en\/wp-json\/wp\/v2\/media?parent=3517"}],"curies":[{"name":"wp","href":"https:\/\/api.w.org\/{rel}","templated":true}]}}