{"id":3514,"date":"2022-11-12T17:21:57","date_gmt":"2022-11-12T19:21:57","guid":{"rendered":"http:\/\/ltim.lt\/?page_id=3514"},"modified":"2022-11-12T17:22:24","modified_gmt":"2022-11-12T19:22:24","slug":"adamoniu-gyventojai","status":"publish","type":"page","link":"https:\/\/ltim.lt\/en\/galerija\/vietoves\/adamonys\/adamoniu-gyventojai\/","title":{"rendered":"Adamoni\u0173 gyventojai"},"content":{"rendered":"\n<p><img loading=\"lazy\" class=\"aligncenter size-medium\" src=\"https:\/\/pirmynpopasauli.files.wordpress.com\/2022\/11\/image-8.png\" width=\"648\" height=\"513\" \/><\/p>\n<p style=\"text-align: center;\">I\u0161 de\u0161in\u0117s: Tenzilija, Rozalija,\u00a0Stepas, Samuelis ir Zofija Chaleckai.<\/p>\n","protected":false},"excerpt":{"rendered":"<p>I\u0161 de\u0161in\u0117s: Tenzilija, Rozalija,\u00a0Stepas, Samuelis ir Zofija Chaleckai.<\/p>\n","protected":false},"author":1,"featured_media":0,"parent":3489,"menu_order":0,"comment_status":"closed","ping_status":"closed","template":"page-text.php","meta":[],"_links":{"self":[{"href":"https:\/\/ltim.lt\/en\/wp-json\/wp\/v2\/pages\/3514"}],"collection":[{"href":"https:\/\/ltim.lt\/en\/wp-json\/wp\/v2\/pages"}],"about":[{"href":"https:\/\/ltim.lt\/en\/wp-json\/wp\/v2\/types\/page"}],"author":[{"embeddable":true,"href":"https:\/\/ltim.lt\/en\/wp-json\/wp\/v2\/users\/1"}],"replies":[{"embeddable":true,"href":"https:\/\/ltim.lt\/en\/wp-json\/wp\/v2\/comments?post=3514"}],"version-history":[{"count":1,"href":"https:\/\/ltim.lt\/en\/wp-json\/wp\/v2\/pages\/3514\/revisions"}],"predecessor-version":[{"id":3516,"href":"https:\/\/ltim.lt\/en\/wp-json\/wp\/v2\/pages\/3514\/revisions\/3516"}],"up":[{"embeddable":true,"href":"https:\/\/ltim.lt\/en\/wp-json\/wp\/v2\/pages\/3489"}],"wp:attachment":[{"href":"https:\/\/ltim.lt\/en\/wp-json\/wp\/v2\/media?parent=3514"}],"curies":[{"name":"wp","href":"https:\/\/api.w.org\/{rel}","templated":true}]}}