{"id":3509,"date":"2022-11-12T17:13:18","date_gmt":"2022-11-12T19:13:18","guid":{"rendered":"http:\/\/ltim.lt\/?page_id=3509"},"modified":"2022-11-12T17:14:17","modified_gmt":"2022-11-12T19:14:17","slug":"nuo-kavalerijos-ulonu-iki-kaimo-artoju","status":"publish","type":"page","link":"https:\/\/ltim.lt\/en\/galerija\/vietoves\/adamonys\/nuo-kavalerijos-ulonu-iki-kaimo-artoju\/","title":{"rendered":"Nuo kavalerijos ulon\u0173 iki kaimo artoj\u0173"},"content":{"rendered":"\t\t<div data-elementor-type=\"wp-page\" data-elementor-id=\"3509\" class=\"elementor elementor-3509\" data-elementor-settings=\"[]\">\n\t\t\t\t\t\t<div class=\"elementor-inner\">\n\t\t\t\t\t\t\t<div class=\"elementor-section-wrap\">\n\t\t\t\t\t\t\t<section class=\"elementor-section elementor-top-section elementor-element elementor-element-f27029a elementor-section-boxed elementor-section-height-default elementor-section-height-default\" data-id=\"f27029a\" data-element_type=\"section\">\n\t\t\t\t\t\t<div class=\"elementor-container elementor-column-gap-default\">\n\t\t\t\t\t\t\t<div class=\"elementor-row\">\n\t\t\t\t\t<div class=\"elementor-column elementor-col-100 elementor-top-column elementor-element elementor-element-c493815\" data-id=\"c493815\" data-element_type=\"column\">\n\t\t\t<div class=\"elementor-column-wrap elementor-element-populated\">\n\t\t\t\t\t\t\t<div class=\"elementor-widget-wrap\">\n\t\t\t\t\t\t<div class=\"elementor-element elementor-element-8ffa777 elementor-view-default elementor-widget elementor-widget-icon\" data-id=\"8ffa777\" data-element_type=\"widget\" data-widget_type=\"icon.default\">\n\t\t\t\t<div class=\"elementor-widget-container\">\n\t\t\t\t\t<div class=\"elementor-icon-wrapper\">\n\t\t\t<div class=\"elementor-icon\">\n\t\t\t<i aria-hidden=\"true\" class=\"fas fa-book-open\"><\/i>\t\t\t<\/div>\n\t\t<\/div>\n\t\t\t\t<\/div>\n\t\t\t\t<\/div>\n\t\t\t\t\t\t<\/div>\n\t\t\t\t\t<\/div>\n\t\t<\/div>\n\t\t\t\t\t\t\t\t<\/div>\n\t\t\t\t\t<\/div>\n\t\t<\/section>\n\t\t\t\t<section class=\"elementor-section elementor-top-section elementor-element elementor-element-209199eb elementor-section-boxed elementor-section-height-default elementor-section-height-default\" data-id=\"209199eb\" data-element_type=\"section\">\n\t\t\t\t\t\t<div class=\"elementor-container elementor-column-gap-default\">\n\t\t\t\t\t\t\t<div class=\"elementor-row\">\n\t\t\t\t\t<div class=\"elementor-column elementor-col-100 elementor-top-column elementor-element elementor-element-5116705d\" data-id=\"5116705d\" data-element_type=\"column\">\n\t\t\t<div class=\"elementor-column-wrap elementor-element-populated\">\n\t\t\t\t\t\t\t<div class=\"elementor-widget-wrap\">\n\t\t\t\t\t\t<div class=\"elementor-element elementor-element-54a7a89d elementor-widget elementor-widget-text-editor\" data-id=\"54a7a89d\" data-element_type=\"widget\" data-widget_type=\"text-editor.default\">\n\t\t\t\t<div class=\"elementor-widget-container\">\n\t\t\t\t\t<div class=\"elementor-text-editor elementor-clearfix\"><!-- wp:tadv\/classic-paragraph -->\n<p>Adamoni\u0173 kaimo istorija atspindi daugumos totori\u0173 gyvenimo b\u016bdus, papro\u010dius ir tradicijas kituose Lietuvos kaimuose. Visi Lietuvos istorijos poky\u010diai ry\u0161kiai atsispind\u0117davo ir palikdavo p\u0117dsakus kaimo \u017emoni\u0173 gyvenime.\u00a0 \u00a0\u00a0\u00a0\u00a0\u00a0\u00a0\u00a0\u00a0\u00a0\u00a0\u00a0\u00a0\u00a0\u00a0\u00a0<em>\u00a0\u00a0\u00a0\u00a0\u00a0\u00a0\u00a0\u00a0\u00a0\u00a0\u00a0\u00a0\u00a0\u00a0\u00a0\u00a0\u00a0\u00a0\u00a0\u00a0\u00a0\u00a0\u00a0\u00a0\u00a0\u00a0\u00a0\u00a0\u00a0\u00a0\u00a0\u00a0\u00a0\u00a0<\/em>\u00a0\u00a0\u00a0\u00a0\u00a0\u00a0\u00a0\u00a0\u00a0\u00a0\u00a0\u00a0\u00a0<\/p>\n<p>XVII \u2013 XVIII am\u017eiai paliko ry\u0161kus polonizacijos p\u0117dsakus. Tame laikotarpyje LDK teritorijoje buvo sustipr\u0117jusi Lenkijos karalyst\u0117s \u012ftaka, i\u0161st\u016bm\u0117 i\u0161 ra\u0161tijos rusinu kalba ir pla\u010diai \u012fsigal\u0117jo lenk\u0173 kalba. Ji buvo vartojama pon\u0173 dvaruose, ba\u017eny\u010diose, \u012fstaigose ir mokyklose.<\/p>\n<p>Adamoni\u0173 ir artimuose totori\u0173 gyvenamuose kaimuose lenk\u0173 kalba buvo naudojama \u0161eimose ir bendravimui su artimais kaimynais. \u0160nekamoje\u00a0 kalboje\u00a0 kai\u00a0 kurie \u017eod\u017eiai, \u017emoni\u0173 vardai ir vietovi\u0173 pavadinimai ilgam i\u0161lik\u0119 lenki\u0161ki. (Pieva \u00a0prie \u012fva\u017eiavimo \u012f sen\u0105 gyvenviet\u0119 gyventojai vadino \u201ePustevnik\u201c, lenki\u0161kai pagal prasm\u0119 atitinka tu\u0161\u010dia vandens u\u017etvank\u0105, nusausint\u0105\u00a0 tvenkin\u012f ar pr\u016bd\u0105. Kita plati \u012fdubusi plyn\u0117 tarp Gemaiti\u0161ki\u0173 mi\u0161ko ir Punel\u0117s upelio vadino \u201eStaviska\u201c nuo lenki\u0161ko \u017eod\u017ei\u0173 \u201estaw\u201c, \u201estawiska\u201c \u2013 u\u017etvanka ar vandeniu u\u017esemta vieta). \u00a0<\/p>\n<p>Carin\u0117s Rusijos laikotarpyje \u017emoni\u0173 mokymas buvo vykdomas rus\u0173 kalba ir draud\u017eiamas nacionalinis \u0161vietimas. Kaime i\u0161liko \u012fvykdyta Rusijos vadinama Stolypino reforma \u2013 valstie\u010diai\u00a0 persikraust\u0117 i\u0161 centrin\u0117s kaimo gyvenviet\u0117s \u012f viensod\u017eius. Smulkiau apie tai \u017eemiau poskyriuje: \u201eK\u0117limasis \u012f vienkiemius ir \u016bki\u0173 smulk\u0117jimas\u201c.\u00a0<\/p>\n<p>Nuo t\u0173 laik\u0173 pra\u0117jo daug met\u0173 ir totoriai jau seniai nedalyvauja karali\u0173 ar kunigaik\u0161\u010di\u0173 \u017eygiuose. Dauguma j\u0173\u00a0 seniai gyveno kaimuose s\u0117sl\u0173 ir ram\u0173 \u017eemdirbi\u0173 gyvenim\u0105. Laikas ir naujos gyvenimo s\u0105lygos privert\u0117 keisti buvusi\u0173 kari\u0173 profesijas ir tapti \u017eemdirbiais, dar\u017eininkais, gr\u016bd\u0173 ir gyvuli\u0173 augintojais. Kiti nesusi\u017eav\u0117j\u0119 \u017eemdirbi\u0173 darbu t\u0119s\u0117 tarnyb\u0105 kariuomen\u0117je, tapo miestuose pa\u0161to\u00a0 ar keleivi\u0173 ve\u017e\u0117jais, tarnautojais ir amatininkais ar \u0117m\u0117si kitos veiklos. Visi prisitaik\u0117 prie vietini\u0173 s\u0105lyg\u0173, valstyb\u0117s tvarkos, per\u0117m\u0117 vietos gyventoj\u0173 patirtis ir kai kurias tradicijas. <strong><em>\u00a0\u00a0<\/em><\/strong><\/p>\n<!-- \/wp:tadv\/classic-paragraph --><\/div>\n\t\t\t\t<\/div>\n\t\t\t\t<\/div>\n\t\t\t\t\t\t<\/div>\n\t\t\t\t\t<\/div>\n\t\t<\/div>\n\t\t\t\t\t\t\t\t<\/div>\n\t\t\t\t\t<\/div>\n\t\t<\/section>\n\t\t\t\t\t\t<\/div>\n\t\t\t\t\t\t<\/div>\n\t\t\t\t\t<\/div>\n\t\t","protected":false},"excerpt":{"rendered":"<p>Adamoni\u0173 kaimo istorija atspindi daugumos totori\u0173 gyvenimo b\u016bdus, papro\u010dius ir tradicijas kituose Lietuvos kaimuose. Visi Lietuvos istorijos poky\u010diai ry\u0161kiai atsispind\u0117davo ir palikdavo p\u0117dsakus kaimo \u017emoni\u0173 gyvenime.\u00a0 \u00a0\u00a0\u00a0\u00a0\u00a0\u00a0\u00a0\u00a0\u00a0\u00a0\u00a0\u00a0\u00a0\u00a0\u00a0\u00a0\u00a0\u00a0\u00a0\u00a0\u00a0\u00a0\u00a0\u00a0\u00a0\u00a0\u00a0\u00a0\u00a0\u00a0\u00a0\u00a0\u00a0\u00a0\u00a0\u00a0\u00a0\u00a0\u00a0\u00a0\u00a0\u00a0\u00a0\u00a0\u00a0\u00a0\u00a0\u00a0\u00a0\u00a0\u00a0\u00a0\u00a0\u00a0\u00a0\u00a0\u00a0\u00a0\u00a0\u00a0\u00a0\u00a0 XVII \u2013 XVIII am\u017eiai paliko ry\u0161kus polonizacijos p\u0117dsakus. Tame laikotarpyje LDK teritorijoje buvo sustipr\u0117jusi Lenkijos karalyst\u0117s \u012ftaka, i\u0161st\u016bm\u0117 i\u0161 ra\u0161tijos rusinu kalba ir pla\u010diai \u012fsigal\u0117jo lenk\u0173 kalba. Ji [&hellip;]<\/p>\n","protected":false},"author":1,"featured_media":0,"parent":3489,"menu_order":0,"comment_status":"closed","ping_status":"closed","template":"page-text.php","meta":[],"_links":{"self":[{"href":"https:\/\/ltim.lt\/en\/wp-json\/wp\/v2\/pages\/3509"}],"collection":[{"href":"https:\/\/ltim.lt\/en\/wp-json\/wp\/v2\/pages"}],"about":[{"href":"https:\/\/ltim.lt\/en\/wp-json\/wp\/v2\/types\/page"}],"author":[{"embeddable":true,"href":"https:\/\/ltim.lt\/en\/wp-json\/wp\/v2\/users\/1"}],"replies":[{"embeddable":true,"href":"https:\/\/ltim.lt\/en\/wp-json\/wp\/v2\/comments?post=3509"}],"version-history":[{"count":4,"href":"https:\/\/ltim.lt\/en\/wp-json\/wp\/v2\/pages\/3509\/revisions"}],"predecessor-version":[{"id":3513,"href":"https:\/\/ltim.lt\/en\/wp-json\/wp\/v2\/pages\/3509\/revisions\/3513"}],"up":[{"embeddable":true,"href":"https:\/\/ltim.lt\/en\/wp-json\/wp\/v2\/pages\/3489"}],"wp:attachment":[{"href":"https:\/\/ltim.lt\/en\/wp-json\/wp\/v2\/media?parent=3509"}],"curies":[{"name":"wp","href":"https:\/\/api.w.org\/{rel}","templated":true}]}}