{"id":3503,"date":"2022-11-12T17:08:36","date_gmt":"2022-11-12T19:08:36","guid":{"rendered":"http:\/\/ltim.lt\/?page_id=3503"},"modified":"2022-11-12T17:09:34","modified_gmt":"2022-11-12T19:09:34","slug":"adamonys-kitatikiu-totoriu-kaima","status":"publish","type":"page","link":"https:\/\/ltim.lt\/en\/galerija\/vietoves\/adamonys\/adamonys-kitatikiu-totoriu-kaima\/","title":{"rendered":"Adamonys &#8211; kitatiki\u0173 totori\u0173 kaimas"},"content":{"rendered":"\t\t<div data-elementor-type=\"wp-page\" data-elementor-id=\"3503\" class=\"elementor elementor-3503\" data-elementor-settings=\"[]\">\n\t\t\t\t\t\t<div class=\"elementor-inner\">\n\t\t\t\t\t\t\t<div class=\"elementor-section-wrap\">\n\t\t\t\t\t\t\t<section class=\"elementor-section elementor-top-section elementor-element elementor-element-7b34c5b elementor-section-boxed elementor-section-height-default elementor-section-height-default\" data-id=\"7b34c5b\" data-element_type=\"section\">\n\t\t\t\t\t\t<div class=\"elementor-container elementor-column-gap-default\">\n\t\t\t\t\t\t\t<div class=\"elementor-row\">\n\t\t\t\t\t<div class=\"elementor-column elementor-col-100 elementor-top-column elementor-element elementor-element-a608417\" data-id=\"a608417\" data-element_type=\"column\">\n\t\t\t<div class=\"elementor-column-wrap elementor-element-populated\">\n\t\t\t\t\t\t\t<div class=\"elementor-widget-wrap\">\n\t\t\t\t\t\t<div class=\"elementor-element elementor-element-77575f5 elementor-view-default elementor-widget elementor-widget-icon\" data-id=\"77575f5\" data-element_type=\"widget\" data-widget_type=\"icon.default\">\n\t\t\t\t<div class=\"elementor-widget-container\">\n\t\t\t\t\t<div class=\"elementor-icon-wrapper\">\n\t\t\t<div class=\"elementor-icon\">\n\t\t\t<i aria-hidden=\"true\" class=\"fas fa-book-open\"><\/i>\t\t\t<\/div>\n\t\t<\/div>\n\t\t\t\t<\/div>\n\t\t\t\t<\/div>\n\t\t\t\t\t\t<\/div>\n\t\t\t\t\t<\/div>\n\t\t<\/div>\n\t\t\t\t\t\t\t\t<\/div>\n\t\t\t\t\t<\/div>\n\t\t<\/section>\n\t\t\t\t<section class=\"elementor-section elementor-top-section elementor-element elementor-element-642f9dea elementor-section-boxed elementor-section-height-default elementor-section-height-default\" data-id=\"642f9dea\" data-element_type=\"section\">\n\t\t\t\t\t\t<div class=\"elementor-container elementor-column-gap-default\">\n\t\t\t\t\t\t\t<div class=\"elementor-row\">\n\t\t\t\t\t<div class=\"elementor-column elementor-col-100 elementor-top-column elementor-element elementor-element-3143018b\" data-id=\"3143018b\" data-element_type=\"column\">\n\t\t\t<div class=\"elementor-column-wrap elementor-element-populated\">\n\t\t\t\t\t\t\t<div class=\"elementor-widget-wrap\">\n\t\t\t\t\t\t<div class=\"elementor-element elementor-element-2a874333 elementor-widget elementor-widget-text-editor\" data-id=\"2a874333\" data-element_type=\"widget\" data-widget_type=\"text-editor.default\">\n\t\t\t\t<div class=\"elementor-widget-container\">\n\t\t\t\t\t<div class=\"elementor-text-editor elementor-clearfix\"><!-- wp:tadv\/classic-paragraph -->\n<p>Vietovi\u0173 \u017eodynas nepateikia ai\u0161kios Adamoni\u0173 kaimo pavadinimo kilm\u0117s istorijos. Bet \u017einoma kaip ai\u0161kinama analogi\u0161k\u0173 asmenvard\u017ei\u0173 kilm\u0117 sudaryt\u0173 su priesag\u0105 <strong>adam<\/strong>: <strong>Adam<\/strong>onis, <strong>Adam<\/strong>avi\u010dius, <strong>Adam<\/strong>kovi\u010dius ir kt. Jie kildinami i\u0161 hebraj\u0173 biblini\u0173 vard\u0173 arba nuo arabi\u0161kos kilm\u0117s \u017eod\u017eio \u201e<strong>adjam<\/strong>\u201c, rei\u0161kiant\u012f kitatik\u012f ar netikint\u012f. Pastar\u0173j\u0173 \u017eod\u017ei\u0173 reik\u0161m\u0117 d\u0117l tarties skyrtum\u0173 gali atitikti <strong>Adamoni\u0173<\/strong> kaimo pavadinim\u0105 ir paai\u0161kina, kad \u010dia kitados gyveno kitos religijos i\u0161pa\u017ein\u0117jai \u2013 kitatikiai totoriai.<\/p>\n<p>Kaimo senoliai prisimena kit\u0173 pasakojimus, kad\u00a0 ank\u0161\u010diau \u0161iame ir aplinkiniuose kaimuose gyveno vien tik totoriai muslimai. Kad \u010dia seniai gyventa totori\u0173 liudija Adamoni\u0173 ir netoli esan\u010di\u0173 Ardi\u0161ki\u0173 ir Rai\u017ei\u0173 kaim\u0173 senos totori\u0173 musulmon\u0173 kapinait\u0117s \u2013 miziarai, su kapavietes \u017eenklinan\u010diais akmenimis. Artimiausios kapin\u0117s ir \u017eem\u0117s valdos priklaus\u0117 praeityje pla\u010diai ir turtingai Tuhan-Baranausk\u0173 giminei. Kaimo senoliai dar prisimena, kad Adamoni\u0173 kaime gyveno arba kil\u0119 i\u0161 jo vadinam\u0173 \u201eTuhan\u0173\u201c gimini\u0173 palikuonis: broliai Juozas, Stefanas ir Motiejus Tuhan-Baranauskai bei seserys: Ieva Tuhan-Baranauskait\u0117-Jablonskien\u0117, Felicij\u0105 Tuha-Baranauskait\u0117-Iljasevi\u010dien\u0117 ir netek\u0117jusi Marynia Tuhan-Baranauskait\u0117. Baranausk\u0173 palikuonis did\u017eiuojasi, kad visai j\u0173 giminei buvo\u00a0 suteiktas titulus \u201cTuhan\u201d, prilygstantis kunigaik\u0161\u010di\u0173 luom\u0173 kilmei. Remiasi viena i\u0161 legend\u0173, kad Tuhan-Baranausk\u0173 tolimas ainis Aukso Ordos Murz\u0173 palikuonis Tim\u016bras Tuhan-B\u0117jus s\u0117kmingai vadovavo\u00a0 totori\u0173 raiteliams \u017dalgirio kautyn\u0117se su kry\u017eiuo\u010diais. U\u017e\u00a0 karinius\u00a0 nuopelnus\u00a0 jam ir jo giminei\u00a0 buvo suteikti \u201eTuhan\u201c titulai ir kunigaik\u0161\u010di\u0173 privilegijos. Tokias privilegijas LDK tur\u0117jo: Ulan\u0173, Korick\u0173, Kri\u010dinski\u0173, Smolsk\u0173, Baranovski\u0173 (Barginski\u0173) ir kitos gimin\u0117s. \u00a0<\/p>\n<p>Rusijos ra\u0161ytiniuose \u0161altiniuose minima, kad Tuhan-Baranausk\u0173 palikuonis Rusijos imperijos Trak\u0173, Kauno ir Gardino pavietuose tur\u0117jo didelius \u017eemi\u0173 plotus, kelis dvarus ir daug samdini\u0173. Vienas i\u0161 toki\u0173, minimas Rusijos caro armijos generolas-majoras Mustafa Murza Baranovskis, kuris 1796 m. tur\u0117jo Rai\u017ei\u0173 dvar\u0105, Peck\u016bn\u0173, Tau\u010dioni\u0173 ir Ragani\u0161ki\u0173 kaimus su 69 vyrais-valstie\u010diais ir 58 moterimis. Taip pat Vaitakiemi\u0173 dvar\u0105 ir kaim\u0105 su 20 baud\u017eiauninkais ir 4 laisvais \u017emon\u0117mis bei Gus\u010dioni\u0173 dvar\u0105 su 36 vyrais-valstie\u010diais. \u00a0<\/p>\n<p>Gr\u012f\u017ekime prie totori\u0173 gyvenvie\u010di\u0173 atsiradimo istorijos.<\/p>\n<p>Adamoni\u0173 ir kitos netolimos gyvenviet\u0117s (Rai\u017ei\u0173, Bazor\u0173, Trakinink\u0173 ir kitos) gal\u0117jo atsirasti Lietuvos Did\u017eiajam Kunigaik\u0161\u010diui Vytautui apgyvendinus totorius saugoti kelius \u012f Vilni\u0173 i\u0161 Pr\u016bsijos, i\u0161 kur traukdavo Vokie\u010di\u0173 kry\u017eiuo\u010di\u0173 riteriai pulti sostin\u0119. \u010cia jiems buvo pirma kli\u016btis kelyje, i\u0161 \u010dia raiteliai ne\u0161\u0117 \u017einias valdovui apie gr\u0119sianti pavoj\u0173. Tod\u0117l \u0161i\u0173 kryp\u010di\u0173 keliai kunigaik\u0161\u010diui buvo strategi\u0161kai svarb\u016bs. Jis \u0161iose nutolusiose apylink\u0117se lank\u0117si, med\u017eiojo ir ils\u0117josi Punios \u017eiemos buvein\u0117je su pirm\u0105ja \u017emona Ona. \u010cia, pas Lietuvos Didyj\u012f kunigak\u0161t\u012f Vytaut\u0105 lank\u0117si kit\u0173 \u017eemi\u0173 kunigaik\u0161\u010diai.\u00a0\u00a0\u00a0\u00a0\u00a0\u00a0\u00a0\u00a0\u00a0\u00a0\u00a0\u00a0\u00a0\u00a0 \u00a0\u00a0\u00a0\u00a0\u00a0\u00a0\u00a0\u00a0\u00a0\u00a0\u00a0\u00a0\u00a0\u00a0\u00a0\u00a0\u00a0\u00a0\u00a0\u00a0\u00a0\u00a0\u00a0\u00a0\u00a0\u00a0\u00a0\u00a0\u00a0\u00a0\u00a0\u00a0\u00a0\u00a0\u00a0\u00a0\u00a0\u00a0\u00a0\u00a0\u00a0\u00a0\u00a0\u00a0\u00a0\u00a0\u00a0\u00a0\u00a0\u00a0\u00a0\u00a0\u00a0\u00a0\u00a0\u00a0\u00a0\u00a0\u00a0\u00a0\u00a0\u00a0\u00a0\u00a0\u00a0\u00a0\u00a0\u00a0\u00a0\u00a0\u00a0\u00a0\u00a0\u00a0\u00a0\u00a0\u00a0\u00a0\u00a0\u00a0\u00a0\u00a0\u00a0\u00a0\u00a0\u00a0\u00a0\u00a0\u00a0\u00a0\u00a0\u00a0\u00a0\u00a0\u00a0<\/p>\n<p>Dar \u017einoma, kad XV a. pabaigoje Punioje gal\u0117jo gyventi Krymo chano Chad\u017ei Gir\u0117jaus (g. Trakuose) s\u016bnus ir chano Mengli Gir\u0117jaus brolis caraitis Nur-Devletas. Tuo laikotarpiu Lenkijos karalius Kazimieras IV Jogailaitis buvo dovanoj\u0119s Trak\u0173 ir Naugarduko pavietuose \u017eemi\u0173 bei Punios rezidencij\u0105 Krymo chanui Mengli Ger\u0117jui u\u017e param\u0105 kovose su Maskvos kunigaik\u0161\u010diu Ivanu III ir paskutiniu Did\u017eiosios Ordos chanu \u0160achu (\u0160eichu) Achmedu. Po kelet\u0173 pralaim\u0117jim\u0173 Achmedas Lenkijos karaliaus Aleksandro (1501-1506) buvo \u012fkalintas. O jo \u0161eimos nariai ir giminai\u010diai\u00a0 palikti Lietuvoje. Taip vienas i\u0161 chano artim\u0173 giminai\u010di\u0173 Chalek-Sultanas tapo Punios carai\u010di\u0173 pradininku. Jo palikuonims priklaus\u0117 \u017eem\u0117s prie Punios, Carev\u0161\u010diznos polivarkas, Adamoni\u0173 ir kiti totori\u0173 gyvenami kaimai.<\/p>\n<!-- \/wp:tadv\/classic-paragraph --><\/div>\n\t\t\t\t<\/div>\n\t\t\t\t<\/div>\n\t\t\t\t\t\t<\/div>\n\t\t\t\t\t<\/div>\n\t\t<\/div>\n\t\t\t\t\t\t\t\t<\/div>\n\t\t\t\t\t<\/div>\n\t\t<\/section>\n\t\t\t\t\t\t<\/div>\n\t\t\t\t\t\t<\/div>\n\t\t\t\t\t<\/div>\n\t\t","protected":false},"excerpt":{"rendered":"<p>Vietovi\u0173 \u017eodynas nepateikia ai\u0161kios Adamoni\u0173 kaimo pavadinimo kilm\u0117s istorijos. Bet \u017einoma kaip ai\u0161kinama analogi\u0161k\u0173 asmenvard\u017ei\u0173 kilm\u0117 sudaryt\u0173 su priesag\u0105 adam: Adamonis, Adamavi\u010dius, Adamkovi\u010dius ir kt. Jie kildinami i\u0161 hebraj\u0173 biblini\u0173 vard\u0173 arba nuo arabi\u0161kos kilm\u0117s \u017eod\u017eio \u201eadjam\u201c, rei\u0161kiant\u012f kitatik\u012f ar netikint\u012f. Pastar\u0173j\u0173 \u017eod\u017ei\u0173 reik\u0161m\u0117 d\u0117l tarties skyrtum\u0173 gali atitikti Adamoni\u0173 kaimo pavadinim\u0105 ir paai\u0161kina, kad [&hellip;]<\/p>\n","protected":false},"author":1,"featured_media":0,"parent":3489,"menu_order":0,"comment_status":"closed","ping_status":"closed","template":"page-text.php","meta":[],"_links":{"self":[{"href":"https:\/\/ltim.lt\/en\/wp-json\/wp\/v2\/pages\/3503"}],"collection":[{"href":"https:\/\/ltim.lt\/en\/wp-json\/wp\/v2\/pages"}],"about":[{"href":"https:\/\/ltim.lt\/en\/wp-json\/wp\/v2\/types\/page"}],"author":[{"embeddable":true,"href":"https:\/\/ltim.lt\/en\/wp-json\/wp\/v2\/users\/1"}],"replies":[{"embeddable":true,"href":"https:\/\/ltim.lt\/en\/wp-json\/wp\/v2\/comments?post=3503"}],"version-history":[{"count":5,"href":"https:\/\/ltim.lt\/en\/wp-json\/wp\/v2\/pages\/3503\/revisions"}],"predecessor-version":[{"id":3508,"href":"https:\/\/ltim.lt\/en\/wp-json\/wp\/v2\/pages\/3503\/revisions\/3508"}],"up":[{"embeddable":true,"href":"https:\/\/ltim.lt\/en\/wp-json\/wp\/v2\/pages\/3489"}],"wp:attachment":[{"href":"https:\/\/ltim.lt\/en\/wp-json\/wp\/v2\/media?parent=3503"}],"curies":[{"name":"wp","href":"https:\/\/api.w.org\/{rel}","templated":true}]}}