{"id":3501,"date":"2022-11-12T17:06:06","date_gmt":"2022-11-12T19:06:06","guid":{"rendered":"http:\/\/ltim.lt\/?page_id=3501"},"modified":"2022-11-12T17:06:07","modified_gmt":"2022-11-12T19:06:07","slug":"alytaus-turgus","status":"publish","type":"page","link":"https:\/\/ltim.lt\/en\/galerija\/vietoves\/adamonys\/alytaus-turgus\/","title":{"rendered":"Alytaus turgus"},"content":{"rendered":"\n<p><img loading=\"lazy\" class=\"size-medium aligncenter\" src=\"https:\/\/pirmynpopasauli.files.wordpress.com\/2022\/11\/image-6.png\" width=\"898\" height=\"455\" \/><\/p>\n<p style=\"text-align: center;\">Alytaus turgus miesto centrin\u0117je aik\u0161t\u0117je apie 1931-1933 m.<\/p>\n","protected":false},"excerpt":{"rendered":"<p>Alytaus turgus miesto centrin\u0117je aik\u0161t\u0117je apie 1931-1933 m.<\/p>\n","protected":false},"author":1,"featured_media":0,"parent":3489,"menu_order":0,"comment_status":"closed","ping_status":"closed","template":"page-text.php","meta":[],"_links":{"self":[{"href":"https:\/\/ltim.lt\/en\/wp-json\/wp\/v2\/pages\/3501"}],"collection":[{"href":"https:\/\/ltim.lt\/en\/wp-json\/wp\/v2\/pages"}],"about":[{"href":"https:\/\/ltim.lt\/en\/wp-json\/wp\/v2\/types\/page"}],"author":[{"embeddable":true,"href":"https:\/\/ltim.lt\/en\/wp-json\/wp\/v2\/users\/1"}],"replies":[{"embeddable":true,"href":"https:\/\/ltim.lt\/en\/wp-json\/wp\/v2\/comments?post=3501"}],"version-history":[{"count":1,"href":"https:\/\/ltim.lt\/en\/wp-json\/wp\/v2\/pages\/3501\/revisions"}],"predecessor-version":[{"id":3502,"href":"https:\/\/ltim.lt\/en\/wp-json\/wp\/v2\/pages\/3501\/revisions\/3502"}],"up":[{"embeddable":true,"href":"https:\/\/ltim.lt\/en\/wp-json\/wp\/v2\/pages\/3489"}],"wp:attachment":[{"href":"https:\/\/ltim.lt\/en\/wp-json\/wp\/v2\/media?parent=3501"}],"curies":[{"name":"wp","href":"https:\/\/api.w.org\/{rel}","templated":true}]}}