{"id":3499,"date":"2022-11-12T17:02:25","date_gmt":"2022-11-12T19:02:25","guid":{"rendered":"http:\/\/ltim.lt\/?page_id=3499"},"modified":"2022-11-12T17:02:26","modified_gmt":"2022-11-12T19:02:26","slug":"apie-zeme-ir-darba","status":"publish","type":"page","link":"https:\/\/ltim.lt\/en\/galerija\/vietoves\/adamonys\/apie-zeme-ir-darba\/","title":{"rendered":"Apie \u017eem\u0119 ir darb\u0105"},"content":{"rendered":"\n<p>Prie kiekvienos sodybos buvo skirting\u0173 plot\u0173 vaismed\u017ei\u0173 sodai su obelimis, kriau\u0161\u0117mis, slyvomis, vy\u0161niomis ir \u012fvairi\u0173 r\u016b\u0161i\u0173 vaiskr\u016bmiais.<\/p>\n<p>\u017dem\u0117 \u010dia su priemoliu, lipni, sunkiai apdirbama. \u017dmones myl\u0117jo \u017eem\u0119, buvo darb\u0161t\u016bs ir sunkiai dirbo. Kaime darb\u0173 buvo daug, \u012fvairi\u0173 ir vis\u0173 met\u0173 laikotarpiuose. Jo u\u017etekdavo visiems \u2013 vyrams ir moterims, vaikams, vaik\u0173 seneliams ir invalidams pagal j\u0173 sugeb\u0117jimus. Darbo laikas ne fiksuojamas: nuo au\u0161ros (ka\u017ekiek po gaid\u017ei\u0173 giedojimo) iki sutem\u0173. \u016akininkai turintys didesnius \u017eem\u0117s plotus priimdavo samdinius laikiniems ar pastoviems \u016bkio darbams atlikti.<\/p>\n<p>\u00a0Vyko akivaizdus nenutr\u016bkstamas \u017eem\u0117s \u016bkio produkt\u0173 gamybos procesas pagal nera\u0161yt\u0105 met\u0173 \u017eemdirbi\u0173 kalendori\u0173 kaip liaudies patarl\u0117je \u201eDarbas darb\u0105 vej\u0105\u201c..<\/p>\n<p>Kai tik i\u0161 \u017eem\u0117s i\u0161eina pa\u0161alas prasideda jos tr\u0119\u0161imas gyvuli\u0173 m\u0117\u0161lu. Tai sunkus rankinis darbas, kai reikia i\u0161 tvarto per \u017eiem\u0105 gyvuli\u0173 supresuot\u0105 m\u0117\u0161l\u0105 pakrauti \u012f ve\u017eim\u0105 ir i\u0161ve\u017eti laukus. Po to j\u012f i\u0161krauti i\u0161 ve\u017eimo ir smulkiai i\u0161kratyti \u2013 tolygiai paskleisti dirvos pavir\u0161iuje.<\/p>\n<p>\u00a0Kai \u017eem\u0117s pavir\u0161ius prad\u017ei\u016bsta &#8211; prasideda jos purenimas ir arimas. Nuotrauka \u017eemiau.<\/p>\n<p>Kai u\u017eauga \u017eol\u0117 prasideda jos skubus pjovimas, d\u017eiovinimas ir ve\u017eimas \u012f pastoges. Subr\u0119sta pas\u0117tos gr\u016bdin\u0117s kult\u016bros &#8211; skubus pjovimas, surinkimas.<\/p>\n<p>Rudenyje \u2013 gr\u016bdini\u0173 kult\u016br\u0173 k\u016blimas, dar\u017eovi\u0173 surinkimas, apdorojimas ir kaupimas \u017eiemai. \u017diema malkaruo\u0161is, surinkto derliaus dorojimas, sandeliavimas ir saugojimas ilgesniam naudojimui.<\/p>\n<p>Tik darbo, valios ir u\u017esispyrimo d\u0117ka \u017eem\u0117je der\u0117jo gr\u016bdin\u0117s kult\u016bros, dar\u017eov\u0117s ir vaismed\u017eiai.<\/p>\n<p><img loading=\"lazy\" class=\"alignnone size-medium\" src=\"https:\/\/pirmynpopasauli.files.wordpress.com\/2022\/11\/image-5.png\" width=\"783\" height=\"336\" \/><\/p>\n","protected":false},"excerpt":{"rendered":"<p>Prie kiekvienos sodybos buvo skirting\u0173 plot\u0173 vaismed\u017ei\u0173 sodai su obelimis, kriau\u0161\u0117mis, slyvomis, vy\u0161niomis ir \u012fvairi\u0173 r\u016b\u0161i\u0173 vaiskr\u016bmiais. \u017dem\u0117 \u010dia su priemoliu, lipni, sunkiai apdirbama. \u017dmones myl\u0117jo \u017eem\u0119, buvo darb\u0161t\u016bs ir sunkiai dirbo. Kaime darb\u0173 buvo daug, \u012fvairi\u0173 ir vis\u0173 met\u0173 laikotarpiuose. Jo u\u017etekdavo visiems \u2013 vyrams ir moterims, vaikams, vaik\u0173 seneliams ir invalidams pagal j\u0173 [&hellip;]<\/p>\n","protected":false},"author":1,"featured_media":0,"parent":3489,"menu_order":0,"comment_status":"closed","ping_status":"closed","template":"page-text.php","meta":[],"_links":{"self":[{"href":"https:\/\/ltim.lt\/en\/wp-json\/wp\/v2\/pages\/3499"}],"collection":[{"href":"https:\/\/ltim.lt\/en\/wp-json\/wp\/v2\/pages"}],"about":[{"href":"https:\/\/ltim.lt\/en\/wp-json\/wp\/v2\/types\/page"}],"author":[{"embeddable":true,"href":"https:\/\/ltim.lt\/en\/wp-json\/wp\/v2\/users\/1"}],"replies":[{"embeddable":true,"href":"https:\/\/ltim.lt\/en\/wp-json\/wp\/v2\/comments?post=3499"}],"version-history":[{"count":1,"href":"https:\/\/ltim.lt\/en\/wp-json\/wp\/v2\/pages\/3499\/revisions"}],"predecessor-version":[{"id":3500,"href":"https:\/\/ltim.lt\/en\/wp-json\/wp\/v2\/pages\/3499\/revisions\/3500"}],"up":[{"embeddable":true,"href":"https:\/\/ltim.lt\/en\/wp-json\/wp\/v2\/pages\/3489"}],"wp:attachment":[{"href":"https:\/\/ltim.lt\/en\/wp-json\/wp\/v2\/media?parent=3499"}],"curies":[{"name":"wp","href":"https:\/\/api.w.org\/{rel}","templated":true}]}}