{"id":3495,"date":"2022-11-12T16:52:08","date_gmt":"2022-11-12T18:52:08","guid":{"rendered":"http:\/\/ltim.lt\/?page_id=3495"},"modified":"2022-11-12T16:54:22","modified_gmt":"2022-11-12T18:54:22","slug":"didziazemiai-ir-neturtingi","status":"publish","type":"page","link":"https:\/\/ltim.lt\/en\/galerija\/vietoves\/adamonys\/didziazemiai-ir-neturtingi\/","title":{"rendered":"Did\u017eia\u017eemiai ir neturtingi"},"content":{"rendered":"\n<p>Pagal sodyb\u0173 i\u0161sid\u0117stymo vietas ir turimus \u017eem\u0117s plotus, galima spr\u0119sti, kad pagrindiniai pastatai buvo gyvenviet\u0117je, o didesn\u012f \u017eem\u0117s plotai atokiau nam\u0173, laukuose (sakydavo \u201ekolionijose\u201d).<\/p>\n<p>Stambesni\u0173 \u016bkinink\u0173 (Tuhan-Baranausk\u0173, S.Jablonsk\u0173, J. Chalek\u0173) laukuose stov\u0117jo namas su tvartu samdini\u0173 \u0161eimai apgyvendinti, dirbti laukuose. Tokius vienkiemius vadindavo\u00a0\u00a0 \u201eordinarijomis\u201c, o gyventojus \u201eordinar\u0161\u010dikais\u201c. Tarpusavio atsiskaitymas &#8211; pasidalinant samdini\u0173 u\u017eaugint\u0105 derli\u0173 nat\u016bra su \u017eem\u0117s \u0161eimininkais. Kai kurie, tokie aptriu\u0161usi\u0173 pastat\u0173 liku\u010diai dar sulauk\u0117 \u016bki\u0173 kolektyvizacijos laikme\u010dio.<\/p>\n<p>Valstie\u010dio gyvenviet\u0117s sodyba sudarydavo i\u0161 \u017emoni\u0173 gyvenamo namo, tvarto &#8211; gyvuliams , pa\u0161arams &#8211; kluono, kl\u0117tis &#8211; gr\u016bdams ir r\u016bsys &#8211; dar\u017eov\u0117ms saugoti. Visi pastatai buvo statomi i\u0161 medienos. Namai daugiausia buvo dviej\u0173 gal\u0173 su nedideliais langais, prieangiu ir sand\u0117liu (\u201ekamara\u201c) per namo vidur\u012f.\u00a0<\/p>\n<p>Paprastai, vieno namo gale b\u016bdavo svetain\u0117, kitame virtuv\u0117. Joje buvo gaminamas ir valgomas maistas. Pagrindiniai virtuv\u0117s \u012frenginiai i\u0161 molio plyt\u0173 sum\u016bryta keliems puodams pastatyti vadinama \u201eplyta\u201c &#8211; kasdieniniam maistui gaminti ir krosnis &#8211; duonai ar pyragams kepti. Plytos \u0161iluma ir i\u0161 jos i\u0161einantys kar\u0161ti d\u016bmai per plytos sienele i\u0161naudodavo ir patalpai \u0161ildyti.<\/p>\n<p>Ma\u017ea\u017eemi\u0173 ir naujakuri\u0173 namai, ma\u017eesni &#8211; vieno galo. Pagrindinis naudojamas kuras namams \u0161ildyti ir maistui gaminti mediena, aplinkai ap\u0161viesti \u2013 \u017eibalin\u0117s lempos ir liktarn\u0117s (ne\u0161iojami \u017eibintai).<\/p>\n<p><img loading=\"lazy\" class=\"alignnone size-medium\" src=\"https:\/\/pirmynpopasauli.files.wordpress.com\/2022\/11\/image-19.png\" width=\"545\" height=\"378\" \/><\/p>\n<p>\u00a0<\/p>\n","protected":false},"excerpt":{"rendered":"<p>Pagal sodyb\u0173 i\u0161sid\u0117stymo vietas ir turimus \u017eem\u0117s plotus, galima spr\u0119sti, kad pagrindiniai pastatai buvo gyvenviet\u0117je, o didesn\u012f \u017eem\u0117s plotai atokiau nam\u0173, laukuose (sakydavo \u201ekolionijose\u201d). Stambesni\u0173 \u016bkinink\u0173 (Tuhan-Baranausk\u0173, S.Jablonsk\u0173, J. Chalek\u0173) laukuose stov\u0117jo namas su tvartu samdini\u0173 \u0161eimai apgyvendinti, dirbti laukuose. Tokius vienkiemius vadindavo\u00a0\u00a0 \u201eordinarijomis\u201c, o gyventojus \u201eordinar\u0161\u010dikais\u201c. Tarpusavio atsiskaitymas &#8211; pasidalinant samdini\u0173 u\u017eaugint\u0105 derli\u0173 nat\u016bra [&hellip;]<\/p>\n","protected":false},"author":1,"featured_media":0,"parent":3489,"menu_order":0,"comment_status":"closed","ping_status":"closed","template":"page-text.php","meta":[],"_links":{"self":[{"href":"https:\/\/ltim.lt\/en\/wp-json\/wp\/v2\/pages\/3495"}],"collection":[{"href":"https:\/\/ltim.lt\/en\/wp-json\/wp\/v2\/pages"}],"about":[{"href":"https:\/\/ltim.lt\/en\/wp-json\/wp\/v2\/types\/page"}],"author":[{"embeddable":true,"href":"https:\/\/ltim.lt\/en\/wp-json\/wp\/v2\/users\/1"}],"replies":[{"embeddable":true,"href":"https:\/\/ltim.lt\/en\/wp-json\/wp\/v2\/comments?post=3495"}],"version-history":[{"count":3,"href":"https:\/\/ltim.lt\/en\/wp-json\/wp\/v2\/pages\/3495\/revisions"}],"predecessor-version":[{"id":3498,"href":"https:\/\/ltim.lt\/en\/wp-json\/wp\/v2\/pages\/3495\/revisions\/3498"}],"up":[{"embeddable":true,"href":"https:\/\/ltim.lt\/en\/wp-json\/wp\/v2\/pages\/3489"}],"wp:attachment":[{"href":"https:\/\/ltim.lt\/en\/wp-json\/wp\/v2\/media?parent=3495"}],"curies":[{"name":"wp","href":"https:\/\/api.w.org\/{rel}","templated":true}]}}