{"id":3493,"date":"2022-11-12T16:37:25","date_gmt":"2022-11-12T18:37:25","guid":{"rendered":"http:\/\/ltim.lt\/?page_id=3493"},"modified":"2022-11-12T16:37:26","modified_gmt":"2022-11-12T18:37:26","slug":"gyvenvietes-sodybu-schema","status":"publish","type":"page","link":"https:\/\/ltim.lt\/en\/galerija\/vietoves\/adamonys\/gyvenvietes-sodybu-schema\/","title":{"rendered":"Gyvenviet\u0117s sodyb\u0173 schema"},"content":{"rendered":"\n<p>Sena gyvenviet\u0117 prasid\u0117jo nuo vietinio \u017evyruoto kelio Alytus \u2013 Butrimonys ir t\u0119siasi \u012f vakarus, Gemaiti\u0161ki\u0173 mi\u0161ko link.<\/p>\n<p><img loading=\"lazy\" class=\"alignnone size-medium\" src=\"https:\/\/pirmynpopasauli.files.wordpress.com\/2022\/11\/image-3.png\" width=\"987\" height=\"1024\" \/><\/p>\n<p>Gyvenviet\u0117je sodybos i\u0161d\u0117stytos ant kalneli\u0173, aplink piev\u0105, vietini\u0173 gyventoj\u0173 vadinam\u0105 \u201ePustevnik\u201c (lenki\u0161kai &#8211; tu\u0161\u010dia u\u017etvanka ar nusausintas pr\u016bdas).<\/p>\n<p>Tarp sodyb\u0173, palauk\u0117mis, per piev\u0105 ir griovius i\u0161va\u017ein\u0117tas arkli\u0173 kinkini\u0173 keliukas. Kelio grindinys pievoje buvo nusausintas i\u0161kasus griovius vandens nutek\u0117jimui ir i\u0161keltas pavir\u0161ius \u017evyro sluoksniu bei akmenimis. Pagrindin\u0117s \u010dia va\u017ein\u0117jan\u010dios transporto priemon\u0117s \u2013 nuo pavasario arkli\u0173 traukiami ve\u017eimai su mediniais metalo kaustytis ratai, o \u017eiema \u2013 medin\u0117s rog\u0117s. Sovietme\u010dio laikais, vietoje \u0161io vingiuoto keliuko gretimai i\u0161va\u017ein\u0117tas platus lauko kelias per S.Bazaravi\u010diaus ir S.Chalecko dirbamus laukus. Jis toks i\u0161lik\u0119s iki \u0161i\u0173 laik\u0173.\u00a0<\/p>\n","protected":false},"excerpt":{"rendered":"<p>Sena gyvenviet\u0117 prasid\u0117jo nuo vietinio \u017evyruoto kelio Alytus \u2013 Butrimonys ir t\u0119siasi \u012f vakarus, Gemaiti\u0161ki\u0173 mi\u0161ko link. Gyvenviet\u0117je sodybos i\u0161d\u0117stytos ant kalneli\u0173, aplink piev\u0105, vietini\u0173 gyventoj\u0173 vadinam\u0105 \u201ePustevnik\u201c (lenki\u0161kai &#8211; tu\u0161\u010dia u\u017etvanka ar nusausintas pr\u016bdas). Tarp sodyb\u0173, palauk\u0117mis, per piev\u0105 ir griovius i\u0161va\u017ein\u0117tas arkli\u0173 kinkini\u0173 keliukas. Kelio grindinys pievoje buvo nusausintas i\u0161kasus griovius vandens nutek\u0117jimui [&hellip;]<\/p>\n","protected":false},"author":1,"featured_media":0,"parent":3489,"menu_order":0,"comment_status":"closed","ping_status":"closed","template":"page-text.php","meta":[],"_links":{"self":[{"href":"https:\/\/ltim.lt\/en\/wp-json\/wp\/v2\/pages\/3493"}],"collection":[{"href":"https:\/\/ltim.lt\/en\/wp-json\/wp\/v2\/pages"}],"about":[{"href":"https:\/\/ltim.lt\/en\/wp-json\/wp\/v2\/types\/page"}],"author":[{"embeddable":true,"href":"https:\/\/ltim.lt\/en\/wp-json\/wp\/v2\/users\/1"}],"replies":[{"embeddable":true,"href":"https:\/\/ltim.lt\/en\/wp-json\/wp\/v2\/comments?post=3493"}],"version-history":[{"count":1,"href":"https:\/\/ltim.lt\/en\/wp-json\/wp\/v2\/pages\/3493\/revisions"}],"predecessor-version":[{"id":3494,"href":"https:\/\/ltim.lt\/en\/wp-json\/wp\/v2\/pages\/3493\/revisions\/3494"}],"up":[{"embeddable":true,"href":"https:\/\/ltim.lt\/en\/wp-json\/wp\/v2\/pages\/3489"}],"wp:attachment":[{"href":"https:\/\/ltim.lt\/en\/wp-json\/wp\/v2\/media?parent=3493"}],"curies":[{"name":"wp","href":"https:\/\/api.w.org\/{rel}","templated":true}]}}