{"id":3491,"date":"2022-11-12T16:29:58","date_gmt":"2022-11-12T18:29:58","guid":{"rendered":"http:\/\/ltim.lt\/?page_id=3491"},"modified":"2022-11-12T16:29:59","modified_gmt":"2022-11-12T18:29:59","slug":"dingusi-gyvenviete","status":"publish","type":"page","link":"https:\/\/ltim.lt\/en\/galerija\/vietoves\/adamonys\/dingusi-gyvenviete\/","title":{"rendered":"Dingusi gyvenviet\u0117"},"content":{"rendered":"\n<p>Va\u017eiuojant tiesiausiu keliu i\u0161 Alytaus \u012f Butrimonys per Vaisod\u017eius ir Rai\u017eius u\u017e keturi\u0173 kilometr\u0173 nuo Norgeli\u0161ki\u0173 kaimo pos\u016bkio \u012fsik\u016br\u0119s Adamoni\u0173 kaimas.<\/p>\n<p>Kaimas prasideda prava\u017eiavus Tau\u010dioni\u0173 kaime Punel\u0117s upel\u012f, u\u017e kokio puskilometrio, kair\u0117je pus\u0117je. Ant kalnelio prasideda kaimas ir mi\u0161kas vienodu pavadinimu. Apva\u017eiuojant kaimo kelet\u0105 sodyb\u0173, \u012fsik\u016brusi\u0173 kair\u0117je, tarp mi\u0161ko ir kelio, u\u017e \u017eol\u0117mis apaugusio Akilnos upelio, atsiduriame Adamoni\u0173 kaimo XVIII-XIX am\u017eiaus buvusioje centrin\u0117je gyvenviet\u0117.<\/p>\n<p><img loading=\"lazy\" class=\"alignnone size-medium\" src=\"https:\/\/pirmynpopasauli.files.wordpress.com\/2022\/11\/image-2.png\" width=\"728\" height=\"288\" \/><\/p>\n<p>Buvo gyvenviet\u0117, bet n\u0117ra, &#8211; dingo, i\u0161nyko gyvenviet\u0117\u2026 Dabar \u0161i vietov\u0117 atrodo visi\u0161kai kitaip. \u017dvyrkelio vingiai u\u017eapvIlinti, kelio pavir\u0161ius padengtas asfalto danga. Buvusi\u0105 kaimo centrin\u0119 gyvenviet\u0119 \u017eymi \u010dia prava\u017eiuojan\u010di\u0173 vietini\u0173 autobus\u0173 sustojimo stotel\u0117 ir plati lauk\u0173 erdv\u0117.\u00a0<\/p>\n<p><img loading=\"lazy\" class=\"alignnone size-medium\" src=\"https:\/\/pirmynpopasauli.files.wordpress.com\/2022\/11\/image-18.png\" width=\"801\" height=\"445\" \/><\/p>\n<p>\u00a0<\/p>\n","protected":false},"excerpt":{"rendered":"<p>Va\u017eiuojant tiesiausiu keliu i\u0161 Alytaus \u012f Butrimonys per Vaisod\u017eius ir Rai\u017eius u\u017e keturi\u0173 kilometr\u0173 nuo Norgeli\u0161ki\u0173 kaimo pos\u016bkio \u012fsik\u016br\u0119s Adamoni\u0173 kaimas. Kaimas prasideda prava\u017eiavus Tau\u010dioni\u0173 kaime Punel\u0117s upel\u012f, u\u017e kokio puskilometrio, kair\u0117je pus\u0117je. Ant kalnelio prasideda kaimas ir mi\u0161kas vienodu pavadinimu. Apva\u017eiuojant kaimo kelet\u0105 sodyb\u0173, \u012fsik\u016brusi\u0173 kair\u0117je, tarp mi\u0161ko ir kelio, u\u017e \u017eol\u0117mis apaugusio Akilnos [&hellip;]<\/p>\n","protected":false},"author":1,"featured_media":0,"parent":3489,"menu_order":0,"comment_status":"closed","ping_status":"closed","template":"page-text.php","meta":[],"_links":{"self":[{"href":"https:\/\/ltim.lt\/en\/wp-json\/wp\/v2\/pages\/3491"}],"collection":[{"href":"https:\/\/ltim.lt\/en\/wp-json\/wp\/v2\/pages"}],"about":[{"href":"https:\/\/ltim.lt\/en\/wp-json\/wp\/v2\/types\/page"}],"author":[{"embeddable":true,"href":"https:\/\/ltim.lt\/en\/wp-json\/wp\/v2\/users\/1"}],"replies":[{"embeddable":true,"href":"https:\/\/ltim.lt\/en\/wp-json\/wp\/v2\/comments?post=3491"}],"version-history":[{"count":1,"href":"https:\/\/ltim.lt\/en\/wp-json\/wp\/v2\/pages\/3491\/revisions"}],"predecessor-version":[{"id":3492,"href":"https:\/\/ltim.lt\/en\/wp-json\/wp\/v2\/pages\/3491\/revisions\/3492"}],"up":[{"embeddable":true,"href":"https:\/\/ltim.lt\/en\/wp-json\/wp\/v2\/pages\/3489"}],"wp:attachment":[{"href":"https:\/\/ltim.lt\/en\/wp-json\/wp\/v2\/media?parent=3491"}],"curies":[{"name":"wp","href":"https:\/\/api.w.org\/{rel}","templated":true}]}}