{"id":3474,"date":"2022-10-30T11:03:03","date_gmt":"2022-10-30T13:03:03","guid":{"rendered":"http:\/\/ltim.lt\/?page_id=3474"},"modified":"2022-10-30T11:03:03","modified_gmt":"2022-10-30T13:03:03","slug":"makaveckas-romualdas-technikos-mokslu-daktaras-kauno-technologijos-universiteto-docentas-lietuvos-totoriu-bendruomeniu-sajungos-veikejas-kauno-sachmatu-federaacijos-prezidentas","status":"publish","type":"page","link":"https:\/\/ltim.lt\/en\/galerija\/zymus-zmones\/makaveckas-romualdas-technikos-mokslu-daktaras-kauno-technologijos-universiteto-docentas-lietuvos-totoriu-bendruomeniu-sajungos-veikejas-kauno-sachmatu-federaacijos-prezidentas\/","title":{"rendered":"MAKAVECKAS ROMUALDAS, technikos moksl\u0173 daktaras, Kauno technologijos universiteto docentas, Lietuvos totori\u0173 bendruomeni\u0173 s\u0105jungos veik\u0117jas, Kauno \u0161achmat\u0173 federaacijos prezidentas"},"content":{"rendered":"\n<p>Gim\u0117 1933 m. Butrimonyse. 1952 m. su pagyrimu baig\u0117 Kauno politechnikumo Pramon\u0117s mechanikos skyri\u0173, tais pa\u010diais metais prad\u0117jo studijuoti \u0161ilumos energetikos specialyb\u0119 Kauno politechnikos instituto Mechanikos fakultete. 1957 m. big\u0117 su pagyrimu. 1964 m. Maskvoje apgyn\u0117 technikos moksl\u0173 kandidato disertacij\u0105 tema \u201eAzoto, helio ir j\u0173 mi\u0161ini\u0173 klampumo eksperimentiniai tyrimai prie padidinto sl\u0117gio ir temperat\u016bros\u201c.<\/p>\n<p>R. Makavecko mokslini\u0173 tyrim\u0173 sritys: pl\u0117vini\u0173 garo aparat\u0173 stacionaraus ir pereinamojo re\u017eimo skai\u010diavimo metodika, \u0161ilumini\u0173 proces\u0173 matematinis modeliavimas ir kompiuterizacija, \u0161ilumos ir kuro ekonomija pramon\u0117s \u012fmon\u0117se, pramon\u0117s \u012fmoni\u0173 \u0161ilumos \u016bkio efektyvumo tyrimai.<\/p>\n<p>R. Makaveckas paskelb\u0117 per 40 mokslini\u0173 straipsni\u0173, tur\u0117jo 4 pripa\u017eintus i\u0161radimus.<\/p>\n<p>R. Makaveckas bvo laikra\u0161\u010dio \u201eLietuvos totoriai\u201c iniciatorius ir steig\u0117jas.<\/p>\n<p>Atgimimo laikotarpiu Lenkijoje ir Baltarusijoje dalyvavo mokslin\u0117se praktin\u0117se konferencijose, skirtose LDK totori\u0173 problematikai.<\/p>\n<p>Taip pat nuo 1970 m. aktyviai dalyvao \u0161achmat\u0173 sporte.<\/p>\n<p>Mir\u0117 2006 metais.<\/p>\n","protected":false},"excerpt":{"rendered":"<p>Gim\u0117 1933 m. Butrimonyse. 1952 m. su pagyrimu baig\u0117 Kauno politechnikumo Pramon\u0117s mechanikos skyri\u0173, tais pa\u010diais metais prad\u0117jo studijuoti \u0161ilumos energetikos specialyb\u0119 Kauno politechnikos instituto Mechanikos fakultete. 1957 m. big\u0117 su pagyrimu. 1964 m. Maskvoje apgyn\u0117 technikos moksl\u0173 kandidato disertacij\u0105 tema \u201eAzoto, helio ir j\u0173 mi\u0161ini\u0173 klampumo eksperimentiniai tyrimai prie padidinto sl\u0117gio ir temperat\u016bros\u201c. R. [&hellip;]<\/p>\n","protected":false},"author":1,"featured_media":0,"parent":137,"menu_order":0,"comment_status":"closed","ping_status":"closed","template":"page-gallery-inside.php","meta":[],"_links":{"self":[{"href":"https:\/\/ltim.lt\/en\/wp-json\/wp\/v2\/pages\/3474"}],"collection":[{"href":"https:\/\/ltim.lt\/en\/wp-json\/wp\/v2\/pages"}],"about":[{"href":"https:\/\/ltim.lt\/en\/wp-json\/wp\/v2\/types\/page"}],"author":[{"embeddable":true,"href":"https:\/\/ltim.lt\/en\/wp-json\/wp\/v2\/users\/1"}],"replies":[{"embeddable":true,"href":"https:\/\/ltim.lt\/en\/wp-json\/wp\/v2\/comments?post=3474"}],"version-history":[{"count":1,"href":"https:\/\/ltim.lt\/en\/wp-json\/wp\/v2\/pages\/3474\/revisions"}],"predecessor-version":[{"id":3475,"href":"https:\/\/ltim.lt\/en\/wp-json\/wp\/v2\/pages\/3474\/revisions\/3475"}],"up":[{"embeddable":true,"href":"https:\/\/ltim.lt\/en\/wp-json\/wp\/v2\/pages\/137"}],"wp:attachment":[{"href":"https:\/\/ltim.lt\/en\/wp-json\/wp\/v2\/media?parent=3474"}],"curies":[{"name":"wp","href":"https:\/\/api.w.org\/{rel}","templated":true}]}}