{"id":3472,"date":"2022-10-30T10:49:10","date_gmt":"2022-10-30T12:49:10","guid":{"rendered":"http:\/\/ltim.lt\/?page_id=3472"},"modified":"2022-10-30T10:49:10","modified_gmt":"2022-10-30T12:49:10","slug":"vilcinskas-juozas-inzinierius-lietuviu-iseivijos-visuomeninis-ir-politinis-veikejas","status":"publish","type":"page","link":"https:\/\/ltim.lt\/en\/galerija\/zymus-zmones\/vilcinskas-juozas-inzinierius-lietuviu-iseivijos-visuomeninis-ir-politinis-veikejas\/","title":{"rendered":"VIL\u010cINSKAS JUOZAS, in\u017einierius, lietuvi\u0173 i\u0161eivijos visuomeninis ir politinis veik\u0117jas"},"content":{"rendered":"\n<p>Gim\u0117 1909 m. Vilniuje. Pirmojo pasaulinio karo metais gyveno Rusijoje, o 1919 m. su \u0161eima gr\u012f\u017eo \u012f Lietuv\u0105. 1930 m. baig\u0117 Kauno auk\u0161tesni\u0105j\u0105 technikos mokykl\u0105, 1942 m. &#8211; Vytauto Did\u017eiojo universiteto Technikos fakultet\u0105, tapo statybos in\u017einieriumi.<\/p>\n<p>1944 m. pasitrauk\u0117 \u012f Austrij\u0105, v\u0117liau &#8211; \u012f Italij\u0105, o 1946 m. &#8211; \u012f Anglij\u0105. 1953 m. i\u012f\u0161rinktas Did\u017eiosios Britanijos lietuvi\u0173 s\u0105jungos nariu, nuo 1957 buvo pirmininkas.<\/p>\n<p>1990 m. Socialist\u0173 internacionalo tarybos pos\u0117dyje Kaire pad\u0117jo LSDP pirmininkui prof. Kazimierui Antanavi\u010diui atkurti LSDP tikr\u0105j\u0105 naryst\u0119 socialist\u0173 internacionale.<\/p>\n<p>Nuo 16 met\u0173 bendradarbiavo \u201eLietuvos \u017einiose\u201c, \u201eDarbe\u201c. Tyrin\u0117jo Lietuvos ir Did\u017eiosios Britanijos diplomatini\u0173 santyki\u0173 istorij\u0105, para\u0161\u0117 LSDP istorij\u0105.<\/p>\n<p>Mir\u0117 1992 m. Londone, palaidotas Rai\u017ei\u0173 kapin\u0117se.<\/p>\n","protected":false},"excerpt":{"rendered":"<p>Gim\u0117 1909 m. Vilniuje. Pirmojo pasaulinio karo metais gyveno Rusijoje, o 1919 m. su \u0161eima gr\u012f\u017eo \u012f Lietuv\u0105. 1930 m. baig\u0117 Kauno auk\u0161tesni\u0105j\u0105 technikos mokykl\u0105, 1942 m. &#8211; Vytauto Did\u017eiojo universiteto Technikos fakultet\u0105, tapo statybos in\u017einieriumi. 1944 m. pasitrauk\u0117 \u012f Austrij\u0105, v\u0117liau &#8211; \u012f Italij\u0105, o 1946 m. &#8211; \u012f Anglij\u0105. 1953 m. i\u012f\u0161rinktas Did\u017eiosios [&hellip;]<\/p>\n","protected":false},"author":1,"featured_media":0,"parent":137,"menu_order":0,"comment_status":"closed","ping_status":"closed","template":"page-gallery-inside.php","meta":[],"_links":{"self":[{"href":"https:\/\/ltim.lt\/en\/wp-json\/wp\/v2\/pages\/3472"}],"collection":[{"href":"https:\/\/ltim.lt\/en\/wp-json\/wp\/v2\/pages"}],"about":[{"href":"https:\/\/ltim.lt\/en\/wp-json\/wp\/v2\/types\/page"}],"author":[{"embeddable":true,"href":"https:\/\/ltim.lt\/en\/wp-json\/wp\/v2\/users\/1"}],"replies":[{"embeddable":true,"href":"https:\/\/ltim.lt\/en\/wp-json\/wp\/v2\/comments?post=3472"}],"version-history":[{"count":1,"href":"https:\/\/ltim.lt\/en\/wp-json\/wp\/v2\/pages\/3472\/revisions"}],"predecessor-version":[{"id":3473,"href":"https:\/\/ltim.lt\/en\/wp-json\/wp\/v2\/pages\/3472\/revisions\/3473"}],"up":[{"embeddable":true,"href":"https:\/\/ltim.lt\/en\/wp-json\/wp\/v2\/pages\/137"}],"wp:attachment":[{"href":"https:\/\/ltim.lt\/en\/wp-json\/wp\/v2\/media?parent=3472"}],"curies":[{"name":"wp","href":"https:\/\/api.w.org\/{rel}","templated":true}]}}