{"id":3443,"date":"2022-10-29T22:00:54","date_gmt":"2022-10-30T00:00:54","guid":{"rendered":"http:\/\/ltim.lt\/?page_id=3443"},"modified":"2022-10-29T22:03:14","modified_gmt":"2022-10-30T00:03:14","slug":"traku-mecete","status":"publish","type":"page","link":"https:\/\/ltim.lt\/en\/galerija\/vietoves\/trakai\/traku-mecete\/","title":{"rendered":"Trak\u0173 me\u010det\u0117"},"content":{"rendered":"\t\t<div data-elementor-type=\"wp-page\" data-elementor-id=\"3443\" class=\"elementor elementor-3443\" data-elementor-settings=\"[]\">\n\t\t\t\t\t\t<div class=\"elementor-inner\">\n\t\t\t\t\t\t\t<div class=\"elementor-section-wrap\">\n\t\t\t\t\t\t\t<section class=\"elementor-section elementor-top-section elementor-element elementor-element-933e192 elementor-section-boxed elementor-section-height-default elementor-section-height-default\" data-id=\"933e192\" data-element_type=\"section\">\n\t\t\t\t\t\t<div class=\"elementor-container elementor-column-gap-default\">\n\t\t\t\t\t\t\t<div class=\"elementor-row\">\n\t\t\t\t\t<div class=\"elementor-column elementor-col-100 elementor-top-column elementor-element elementor-element-ae34e4a\" data-id=\"ae34e4a\" data-element_type=\"column\">\n\t\t\t<div class=\"elementor-column-wrap elementor-element-populated\">\n\t\t\t\t\t\t\t<div class=\"elementor-widget-wrap\">\n\t\t\t\t\t\t<div class=\"elementor-element elementor-element-25e9423 elementor-view-default elementor-widget elementor-widget-icon\" data-id=\"25e9423\" data-element_type=\"widget\" data-widget_type=\"icon.default\">\n\t\t\t\t<div class=\"elementor-widget-container\">\n\t\t\t\t\t<div class=\"elementor-icon-wrapper\">\n\t\t\t<div class=\"elementor-icon\">\n\t\t\t<i aria-hidden=\"true\" class=\"fas fa-mosque\"><\/i>\t\t\t<\/div>\n\t\t<\/div>\n\t\t\t\t<\/div>\n\t\t\t\t<\/div>\n\t\t\t\t\t\t<\/div>\n\t\t\t\t\t<\/div>\n\t\t<\/div>\n\t\t\t\t\t\t\t\t<\/div>\n\t\t\t\t\t<\/div>\n\t\t<\/section>\n\t\t\t\t<section class=\"elementor-section elementor-top-section elementor-element elementor-element-4fa44b97 elementor-section-boxed elementor-section-height-default elementor-section-height-default\" data-id=\"4fa44b97\" data-element_type=\"section\">\n\t\t\t\t\t\t<div class=\"elementor-container elementor-column-gap-default\">\n\t\t\t\t\t\t\t<div class=\"elementor-row\">\n\t\t\t\t\t<div class=\"elementor-column elementor-col-100 elementor-top-column elementor-element elementor-element-656f9ae5\" data-id=\"656f9ae5\" data-element_type=\"column\">\n\t\t\t<div class=\"elementor-column-wrap elementor-element-populated\">\n\t\t\t\t\t\t\t<div class=\"elementor-widget-wrap\">\n\t\t\t\t\t\t<div class=\"elementor-element elementor-element-2d145c80 elementor-widget elementor-widget-text-editor\" data-id=\"2d145c80\" data-element_type=\"widget\" data-widget_type=\"text-editor.default\">\n\t\t\t\t<div class=\"elementor-widget-container\">\n\t\t\t\t\t<div class=\"elementor-text-editor elementor-clearfix\"><!-- wp:tadv\/classic-paragraph -->\n<p>Trak\u0173 me\u010det\u0117 1609 m. buvo sunaikinta \u012f atlaidus susirinkusios fanatik\u0173 minios. Me\u010det\u0117 D\u016bdakalnyje buvo sudeginta. Ji nebuvo atstatyta, nes labai suma\u017e\u0117jo Trakuose totori\u0173. Prie \u0161io akto prisid\u0117jo vyskupas Benediktas Vaina, kuris buvo did\u017eiausias kitatiki\u0173 prie\u0161as ir jo po\u017ei\u016bris pasitarnavo kitatiki\u0173 nykimui. XVII a. pirmame ketvirtyje Lietuvos totorius paliet\u0117 religini\u0173 kov\u0173 atgarsiai, nors totoriai ir nebuvo \u012fvardijami tiesioginiais katalik\u0173 prie\u0161ais, bet liaudis nesigilindama atlikdavo veiksmus, nukreiptus prie\u0161 kitatikius, po kuri\u0173 ranka pakliuvo ir Lietuvos totoriai.<\/p>\n<!-- \/wp:tadv\/classic-paragraph --><\/div>\n\t\t\t\t<\/div>\n\t\t\t\t<\/div>\n\t\t\t\t\t\t<\/div>\n\t\t\t\t\t<\/div>\n\t\t<\/div>\n\t\t\t\t\t\t\t\t<\/div>\n\t\t\t\t\t<\/div>\n\t\t<\/section>\n\t\t\t\t\t\t<\/div>\n\t\t\t\t\t\t<\/div>\n\t\t\t\t\t<\/div>\n\t\t","protected":false},"excerpt":{"rendered":"<p>Trak\u0173 me\u010det\u0117 1609 m. buvo sunaikinta \u012f atlaidus susirinkusios fanatik\u0173 minios. Me\u010det\u0117 D\u016bdakalnyje buvo sudeginta. Ji nebuvo atstatyta, nes labai suma\u017e\u0117jo Trakuose totori\u0173. Prie \u0161io akto prisid\u0117jo vyskupas Benediktas Vaina, kuris buvo did\u017eiausias kitatiki\u0173 prie\u0161as ir jo po\u017ei\u016bris pasitarnavo kitatiki\u0173 nykimui. XVII a. pirmame ketvirtyje Lietuvos totorius paliet\u0117 religini\u0173 kov\u0173 atgarsiai, nors totoriai ir nebuvo [&hellip;]<\/p>\n","protected":false},"author":1,"featured_media":0,"parent":2873,"menu_order":0,"comment_status":"closed","ping_status":"closed","template":"page-text.php","meta":[],"_links":{"self":[{"href":"https:\/\/ltim.lt\/en\/wp-json\/wp\/v2\/pages\/3443"}],"collection":[{"href":"https:\/\/ltim.lt\/en\/wp-json\/wp\/v2\/pages"}],"about":[{"href":"https:\/\/ltim.lt\/en\/wp-json\/wp\/v2\/types\/page"}],"author":[{"embeddable":true,"href":"https:\/\/ltim.lt\/en\/wp-json\/wp\/v2\/users\/1"}],"replies":[{"embeddable":true,"href":"https:\/\/ltim.lt\/en\/wp-json\/wp\/v2\/comments?post=3443"}],"version-history":[{"count":4,"href":"https:\/\/ltim.lt\/en\/wp-json\/wp\/v2\/pages\/3443\/revisions"}],"predecessor-version":[{"id":3447,"href":"https:\/\/ltim.lt\/en\/wp-json\/wp\/v2\/pages\/3443\/revisions\/3447"}],"up":[{"embeddable":true,"href":"https:\/\/ltim.lt\/en\/wp-json\/wp\/v2\/pages\/2873"}],"wp:attachment":[{"href":"https:\/\/ltim.lt\/en\/wp-json\/wp\/v2\/media?parent=3443"}],"curies":[{"name":"wp","href":"https:\/\/api.w.org\/{rel}","templated":true}]}}