{"id":3414,"date":"2022-10-29T20:26:40","date_gmt":"2022-10-29T22:26:40","guid":{"rendered":"http:\/\/ltim.lt\/?page_id=3414"},"modified":"2022-10-29T20:29:05","modified_gmt":"2022-10-29T22:29:05","slug":"vilniaus-totoriu-vartai","status":"publish","type":"page","link":"https:\/\/ltim.lt\/en\/galerija\/vietoves\/vilnius\/vilniaus-totoriu-vartai\/","title":{"rendered":"Vilniaus totori\u0173 vartai"},"content":{"rendered":"\t\t<div data-elementor-type=\"wp-page\" data-elementor-id=\"3414\" class=\"elementor elementor-3414\" data-elementor-settings=\"[]\">\n\t\t\t\t\t\t<div class=\"elementor-inner\">\n\t\t\t\t\t\t\t<div class=\"elementor-section-wrap\">\n\t\t\t\t\t\t\t<section class=\"elementor-section elementor-top-section elementor-element elementor-element-6e19ca2 elementor-section-boxed elementor-section-height-default elementor-section-height-default\" data-id=\"6e19ca2\" data-element_type=\"section\">\n\t\t\t\t\t\t<div class=\"elementor-container elementor-column-gap-default\">\n\t\t\t\t\t\t\t<div class=\"elementor-row\">\n\t\t\t\t\t<div class=\"elementor-column elementor-col-100 elementor-top-column elementor-element elementor-element-2a19e88\" data-id=\"2a19e88\" data-element_type=\"column\">\n\t\t\t<div class=\"elementor-column-wrap elementor-element-populated\">\n\t\t\t\t\t\t\t<div class=\"elementor-widget-wrap\">\n\t\t\t\t\t\t<div class=\"elementor-element elementor-element-6605c44 elementor-view-default elementor-widget elementor-widget-icon\" data-id=\"6605c44\" data-element_type=\"widget\" data-widget_type=\"icon.default\">\n\t\t\t\t<div class=\"elementor-widget-container\">\n\t\t\t\t\t<div class=\"elementor-icon-wrapper\">\n\t\t\t<div class=\"elementor-icon\">\n\t\t\t<i aria-hidden=\"true\" class=\"fas fa-chess-rook\"><\/i>\t\t\t<\/div>\n\t\t<\/div>\n\t\t\t\t<\/div>\n\t\t\t\t<\/div>\n\t\t\t\t\t\t<\/div>\n\t\t\t\t\t<\/div>\n\t\t<\/div>\n\t\t\t\t\t\t\t\t<\/div>\n\t\t\t\t\t<\/div>\n\t\t<\/section>\n\t\t\t\t<section class=\"elementor-section elementor-top-section elementor-element elementor-element-6d7cafa0 elementor-section-boxed elementor-section-height-default elementor-section-height-default\" data-id=\"6d7cafa0\" data-element_type=\"section\">\n\t\t\t\t\t\t<div class=\"elementor-container elementor-column-gap-default\">\n\t\t\t\t\t\t\t<div class=\"elementor-row\">\n\t\t\t\t\t<div class=\"elementor-column elementor-col-100 elementor-top-column elementor-element elementor-element-4fde4746\" data-id=\"4fde4746\" data-element_type=\"column\">\n\t\t\t<div class=\"elementor-column-wrap elementor-element-populated\">\n\t\t\t\t\t\t\t<div class=\"elementor-widget-wrap\">\n\t\t\t\t\t\t<div class=\"elementor-element elementor-element-106cff85 elementor-widget elementor-widget-text-editor\" data-id=\"106cff85\" data-element_type=\"widget\" data-widget_type=\"text-editor.default\">\n\t\t\t\t<div class=\"elementor-widget-container\">\n\t\t\t\t\t<div class=\"elementor-text-editor elementor-clearfix\"><!-- wp:tadv\/classic-paragraph -->\n<p>Totori\u0173 vartai stov\u0117jo dabartini\u0173 Benediktin\u0173 ir Totori\u0173 g. sankry\u017eoje. \u0160ie vartai pirm\u0105 kart\u0105 buvo pamin\u0117ti 1588 m. Vart\u0173 bok\u0161tas stov\u0117jo S. \u017duko ir Totori\u0173 gatvi\u0173 susikirtimo rytin\u0117je dalyje, \u012fva\u017eiavimo a\u0161imi orientuotas i\u0161 pietry\u010di\u0173 \u012f \u0161iaurvakarius. Istoriografijoje yra nuomon\u0117, kad vart\u0173 sargyba buvo patik\u0117ta totori\u0173 kariams, d\u0117l ko ir atsirado toks pavadinimas. Vart\u0173 bok\u0161tas buvo sta\u010diakampio plano (24 m ilgio ir 12 m plo\u010dio) su 3 m plo\u010dio \u012fva\u017eiavimo anga.\u00a0<\/p>\n<p>1672 m. stiprinant gynybin\u0119 sien\u0105, Totori\u0173 vartai, kaip gynybiniu at\u017evilgiu silpni, buvo u\u017eversti r\u0105stais ir u\u017epilti \u017eem\u0117mis. Nepaisant to, dar XVIII a pabaigoje vart\u0173 bok\u0161tas buvo trij\u0173 auk\u0161t\u0173, dengtas \u010derpi\u0173 stogu. Prie sien\u0173 \u0161liejosi j\u0117zuit\u0173 pastatai. XVIII a. pabaigoje vienuolynas, taip pat ir bok\u0161tas, paversti kareivin\u0117mis. 1802 m. buvo \u012fsakyta Totori\u0173 vart\u0173 bok\u0161t\u0105 nugriauti. Vilniaus miesto ekonomijos atskirti tarnautojai si\u016bl\u0117 jo negriauti, motyvuodami tuo, kad bok\u0161tas remia buvusio vienuolyno suskilusi\u0105 sien\u0105. Vis d\u0117lto j\u012f gana greitai nugriov\u0117. 1975 m. tiesiant \u0161ilumin\u0119 tras\u0105, dalis i\u0161likusi\u0173 bok\u0161to pamat\u0173 buvo atkasti, i\u0161tirti ir u\u017efiksuoti, Yra i\u0161lik\u0119 apie tre\u010ddalis pamat\u0173.<\/p>\n<!-- \/wp:tadv\/classic-paragraph --><\/div>\n\t\t\t\t<\/div>\n\t\t\t\t<\/div>\n\t\t\t\t\t\t<\/div>\n\t\t\t\t\t<\/div>\n\t\t<\/div>\n\t\t\t\t\t\t\t\t<\/div>\n\t\t\t\t\t<\/div>\n\t\t<\/section>\n\t\t\t\t\t\t<\/div>\n\t\t\t\t\t\t<\/div>\n\t\t\t\t\t<\/div>\n\t\t","protected":false},"excerpt":{"rendered":"<p>Totori\u0173 vartai stov\u0117jo dabartini\u0173 Benediktin\u0173 ir Totori\u0173 g. sankry\u017eoje. \u0160ie vartai pirm\u0105 kart\u0105 buvo pamin\u0117ti 1588 m. Vart\u0173 bok\u0161tas stov\u0117jo S. \u017duko ir Totori\u0173 gatvi\u0173 susikirtimo rytin\u0117je dalyje, \u012fva\u017eiavimo a\u0161imi orientuotas i\u0161 pietry\u010di\u0173 \u012f \u0161iaurvakarius. Istoriografijoje yra nuomon\u0117, kad vart\u0173 sargyba buvo patik\u0117ta totori\u0173 kariams, d\u0117l ko ir atsirado toks pavadinimas. Vart\u0173 bok\u0161tas buvo sta\u010diakampio [&hellip;]<\/p>\n","protected":false},"author":1,"featured_media":0,"parent":150,"menu_order":0,"comment_status":"closed","ping_status":"closed","template":"page-text.php","meta":[],"_links":{"self":[{"href":"https:\/\/ltim.lt\/en\/wp-json\/wp\/v2\/pages\/3414"}],"collection":[{"href":"https:\/\/ltim.lt\/en\/wp-json\/wp\/v2\/pages"}],"about":[{"href":"https:\/\/ltim.lt\/en\/wp-json\/wp\/v2\/types\/page"}],"author":[{"embeddable":true,"href":"https:\/\/ltim.lt\/en\/wp-json\/wp\/v2\/users\/1"}],"replies":[{"embeddable":true,"href":"https:\/\/ltim.lt\/en\/wp-json\/wp\/v2\/comments?post=3414"}],"version-history":[{"count":4,"href":"https:\/\/ltim.lt\/en\/wp-json\/wp\/v2\/pages\/3414\/revisions"}],"predecessor-version":[{"id":3419,"href":"https:\/\/ltim.lt\/en\/wp-json\/wp\/v2\/pages\/3414\/revisions\/3419"}],"up":[{"embeddable":true,"href":"https:\/\/ltim.lt\/en\/wp-json\/wp\/v2\/pages\/150"}],"wp:attachment":[{"href":"https:\/\/ltim.lt\/en\/wp-json\/wp\/v2\/media?parent=3414"}],"curies":[{"name":"wp","href":"https:\/\/api.w.org\/{rel}","templated":true}]}}