{"id":3400,"date":"2022-10-29T19:51:26","date_gmt":"2022-10-29T21:51:26","guid":{"rendered":"http:\/\/ltim.lt\/?page_id=3400"},"modified":"2022-10-29T19:52:07","modified_gmt":"2022-10-29T21:52:07","slug":"mereslenu-mecete","status":"publish","type":"page","link":"https:\/\/ltim.lt\/en\/galerija\/vietoves\/mereslenai\/mereslenu-mecete\/","title":{"rendered":"Mere\u0161l\u0117n\u0173 me\u010det\u0117"},"content":{"rendered":"\t\t<div data-elementor-type=\"wp-page\" data-elementor-id=\"3400\" class=\"elementor elementor-3400\" data-elementor-settings=\"[]\">\n\t\t\t\t\t\t<div class=\"elementor-inner\">\n\t\t\t\t\t\t\t<div class=\"elementor-section-wrap\">\n\t\t\t\t\t\t\t<section class=\"elementor-section elementor-top-section elementor-element elementor-element-3f8bdca elementor-section-boxed elementor-section-height-default elementor-section-height-default\" data-id=\"3f8bdca\" data-element_type=\"section\">\n\t\t\t\t\t\t<div class=\"elementor-container elementor-column-gap-default\">\n\t\t\t\t\t\t\t<div class=\"elementor-row\">\n\t\t\t\t\t<div class=\"elementor-column elementor-col-100 elementor-top-column elementor-element elementor-element-5d70df4\" data-id=\"5d70df4\" data-element_type=\"column\">\n\t\t\t<div class=\"elementor-column-wrap elementor-element-populated\">\n\t\t\t\t\t\t\t<div class=\"elementor-widget-wrap\">\n\t\t\t\t\t\t<div class=\"elementor-element elementor-element-a41bc58 elementor-view-default elementor-widget elementor-widget-icon\" data-id=\"a41bc58\" data-element_type=\"widget\" data-widget_type=\"icon.default\">\n\t\t\t\t<div class=\"elementor-widget-container\">\n\t\t\t\t\t<div class=\"elementor-icon-wrapper\">\n\t\t\t<div class=\"elementor-icon\">\n\t\t\t<i aria-hidden=\"true\" class=\"fas fa-mosque\"><\/i>\t\t\t<\/div>\n\t\t<\/div>\n\t\t\t\t<\/div>\n\t\t\t\t<\/div>\n\t\t\t\t\t\t<\/div>\n\t\t\t\t\t<\/div>\n\t\t<\/div>\n\t\t\t\t\t\t\t\t<\/div>\n\t\t\t\t\t<\/div>\n\t\t<\/section>\n\t\t\t\t<section class=\"elementor-section elementor-top-section elementor-element elementor-element-4d85ce6d elementor-section-boxed elementor-section-height-default elementor-section-height-default\" data-id=\"4d85ce6d\" data-element_type=\"section\">\n\t\t\t\t\t\t<div class=\"elementor-container elementor-column-gap-default\">\n\t\t\t\t\t\t\t<div class=\"elementor-row\">\n\t\t\t\t\t<div class=\"elementor-column elementor-col-100 elementor-top-column elementor-element elementor-element-27d5ae05\" data-id=\"27d5ae05\" data-element_type=\"column\">\n\t\t\t<div class=\"elementor-column-wrap elementor-element-populated\">\n\t\t\t\t\t\t\t<div class=\"elementor-widget-wrap\">\n\t\t\t\t\t\t<div class=\"elementor-element elementor-element-197f2808 elementor-widget elementor-widget-text-editor\" data-id=\"197f2808\" data-element_type=\"widget\" data-widget_type=\"text-editor.default\">\n\t\t\t\t<div class=\"elementor-widget-container\">\n\t\t\t\t\t<div class=\"elementor-text-editor elementor-clearfix\"><!-- wp:tadv\/classic-paragraph -->\n<p>Mere\u0161l\u0117nai &#8211; kaimas Vilniaus rajone, Pagiri\u0173 seni\u016bnijoje, seni\u016bnaitijos centras. Apie 1630 m. kaime buvo 19 totori\u0173 nam\u0173, Stanislovo Kri\u010dinskio teigimu, Mere\u0161l\u0117n\u0173 me\u010det\u0117 pastatyta 1615 m. 1699 m. totoriai me\u010det\u0117s neteko.<\/p>\n<!-- \/wp:tadv\/classic-paragraph --><\/div>\n\t\t\t\t<\/div>\n\t\t\t\t<\/div>\n\t\t\t\t\t\t<\/div>\n\t\t\t\t\t<\/div>\n\t\t<\/div>\n\t\t\t\t\t\t\t\t<\/div>\n\t\t\t\t\t<\/div>\n\t\t<\/section>\n\t\t\t\t\t\t<\/div>\n\t\t\t\t\t\t<\/div>\n\t\t\t\t\t<\/div>\n\t\t","protected":false},"excerpt":{"rendered":"<p>Mere\u0161l\u0117nai &#8211; kaimas Vilniaus rajone, Pagiri\u0173 seni\u016bnijoje, seni\u016bnaitijos centras. Apie 1630 m. kaime buvo 19 totori\u0173 nam\u0173, Stanislovo Kri\u010dinskio teigimu, Mere\u0161l\u0117n\u0173 me\u010det\u0117 pastatyta 1615 m. 1699 m. totoriai me\u010det\u0117s neteko.<\/p>\n","protected":false},"author":1,"featured_media":0,"parent":3398,"menu_order":0,"comment_status":"closed","ping_status":"closed","template":"page-text.php","meta":[],"_links":{"self":[{"href":"https:\/\/ltim.lt\/en\/wp-json\/wp\/v2\/pages\/3400"}],"collection":[{"href":"https:\/\/ltim.lt\/en\/wp-json\/wp\/v2\/pages"}],"about":[{"href":"https:\/\/ltim.lt\/en\/wp-json\/wp\/v2\/types\/page"}],"author":[{"embeddable":true,"href":"https:\/\/ltim.lt\/en\/wp-json\/wp\/v2\/users\/1"}],"replies":[{"embeddable":true,"href":"https:\/\/ltim.lt\/en\/wp-json\/wp\/v2\/comments?post=3400"}],"version-history":[{"count":4,"href":"https:\/\/ltim.lt\/en\/wp-json\/wp\/v2\/pages\/3400\/revisions"}],"predecessor-version":[{"id":3404,"href":"https:\/\/ltim.lt\/en\/wp-json\/wp\/v2\/pages\/3400\/revisions\/3404"}],"up":[{"embeddable":true,"href":"https:\/\/ltim.lt\/en\/wp-json\/wp\/v2\/pages\/3398"}],"wp:attachment":[{"href":"https:\/\/ltim.lt\/en\/wp-json\/wp\/v2\/media?parent=3400"}],"curies":[{"name":"wp","href":"https:\/\/api.w.org\/{rel}","templated":true}]}}