{"id":3353,"date":"2022-10-29T18:19:00","date_gmt":"2022-10-29T20:19:00","guid":{"rendered":"http:\/\/ltim.lt\/?page_id=3353"},"modified":"2022-10-29T18:25:07","modified_gmt":"2022-10-29T20:25:07","slug":"arbuznikas","status":"publish","type":"page","link":"https:\/\/ltim.lt\/en\/galerija\/amatai\/totoriska-kulinarija\/arbuznikas\/","title":{"rendered":"Arbuznikas"},"content":{"rendered":"\t\t<div data-elementor-type=\"wp-page\" data-elementor-id=\"3353\" class=\"elementor elementor-3353\" data-elementor-settings=\"[]\">\n\t\t\t\t\t\t<div class=\"elementor-inner\">\n\t\t\t\t\t\t\t<div class=\"elementor-section-wrap\">\n\t\t\t\t\t\t\t<section class=\"elementor-section elementor-top-section elementor-element elementor-element-f1c1901 elementor-section-boxed elementor-section-height-default elementor-section-height-default\" data-id=\"f1c1901\" data-element_type=\"section\">\n\t\t\t\t\t\t<div class=\"elementor-container elementor-column-gap-default\">\n\t\t\t\t\t\t\t<div class=\"elementor-row\">\n\t\t\t\t\t<div class=\"elementor-column elementor-col-100 elementor-top-column elementor-element elementor-element-0a61fa6\" data-id=\"0a61fa6\" data-element_type=\"column\">\n\t\t\t<div class=\"elementor-column-wrap elementor-element-populated\">\n\t\t\t\t\t\t\t<div class=\"elementor-widget-wrap\">\n\t\t\t\t\t\t<div class=\"elementor-element elementor-element-ce70006 elementor-view-default elementor-widget elementor-widget-icon\" data-id=\"ce70006\" data-element_type=\"widget\" data-widget_type=\"icon.default\">\n\t\t\t\t<div class=\"elementor-widget-container\">\n\t\t\t\t\t<div class=\"elementor-icon-wrapper\">\n\t\t\t<div class=\"elementor-icon\">\n\t\t\t<i aria-hidden=\"true\" class=\"fas fa-book-open\"><\/i>\t\t\t<\/div>\n\t\t<\/div>\n\t\t\t\t<\/div>\n\t\t\t\t<\/div>\n\t\t\t\t\t\t<\/div>\n\t\t\t\t\t<\/div>\n\t\t<\/div>\n\t\t\t\t\t\t\t\t<\/div>\n\t\t\t\t\t<\/div>\n\t\t<\/section>\n\t\t\t\t<section class=\"elementor-section elementor-top-section elementor-element elementor-element-49fa21b elementor-section-boxed elementor-section-height-default elementor-section-height-default\" data-id=\"49fa21b\" data-element_type=\"section\">\n\t\t\t\t\t\t<div class=\"elementor-container elementor-column-gap-default\">\n\t\t\t\t\t\t\t<div class=\"elementor-row\">\n\t\t\t\t\t<div class=\"elementor-column elementor-col-100 elementor-top-column elementor-element elementor-element-8629f06\" data-id=\"8629f06\" data-element_type=\"column\">\n\t\t\t<div class=\"elementor-column-wrap elementor-element-populated\">\n\t\t\t\t\t\t\t<div class=\"elementor-widget-wrap\">\n\t\t\t\t\t\t<div class=\"elementor-element elementor-element-780bf16 elementor-widget elementor-widget-text-editor\" data-id=\"780bf16\" data-element_type=\"widget\" data-widget_type=\"text-editor.default\">\n\t\t\t\t<div class=\"elementor-widget-container\">\n\t\t\t\t\t<div class=\"elementor-text-editor elementor-clearfix\"><p><span style=\"font-family: 'book antiqua', palatino, serif; color: #000000;\">Arbuznikas &#8211; pyragas su moli\u016bgo ir m\u0117sos \u012fdaru. Mielin\u0117s te\u0161los i\u0161ko\u010diotas lak\u0161tas, ma\u017edaug stalo stalvir\u0161io dyd\u017eio, \u012fdarytas kapotos avienos ar jautienos ir tarkuoto moli\u016bgo mas\u0117s. M\u0117sa paruo\u0161iama su prieskoniais (petra\u017eol\u0117s, krapai, kardamonas, svog\u016bnai, druska, pipirai ir kiti). Moli\u016bgas ruo\u0161iamas, sutarkuojamas, perteklinis skystis nusunkiamas ir sumai\u0161omas su paruo\u0161tu m\u0117sos \u012fdaru. Paruo\u0161tas \u012fdaras paskleid\u017eiamas po te\u0161los lak\u0161y\u0105 ir susukamas \u012f ritin\u012f, sulenkiama pasagos forma, \u012fkeliama \u012f kepimo ind\u0105. Vir\u0161us patepamas kiau\u0161inio plakiniu, Tradici\u0161kai kepama duonkep\u0117je.<\/span><\/p><\/div>\n\t\t\t\t<\/div>\n\t\t\t\t<\/div>\n\t\t\t\t\t\t<\/div>\n\t\t\t\t\t<\/div>\n\t\t<\/div>\n\t\t\t\t\t\t\t\t<\/div>\n\t\t\t\t\t<\/div>\n\t\t<\/section>\n\t\t\t\t\t\t<\/div>\n\t\t\t\t\t\t<\/div>\n\t\t\t\t\t<\/div>\n\t\t","protected":false},"excerpt":{"rendered":"<p>Arbuznikas &#8211; pyragas su moli\u016bgo ir m\u0117sos \u012fdaru. Mielin\u0117s te\u0161los i\u0161ko\u010diotas lak\u0161tas, ma\u017edaug stalo stalvir\u0161io dyd\u017eio, \u012fdarytas kapotos avienos ar jautienos ir tarkuoto moli\u016bgo mas\u0117s. M\u0117sa paruo\u0161iama su prieskoniais (petra\u017eol\u0117s, krapai, kardamonas, svog\u016bnai, druska, pipirai ir kiti). Moli\u016bgas ruo\u0161iamas, sutarkuojamas, perteklinis skystis nusunkiamas ir sumai\u0161omas su paruo\u0161tu m\u0117sos \u012fdaru. Paruo\u0161tas \u012fdaras paskleid\u017eiamas po te\u0161los lak\u0161y\u0105 [&hellip;]<\/p>\n","protected":false},"author":1,"featured_media":0,"parent":1338,"menu_order":0,"comment_status":"closed","ping_status":"closed","template":"page-text.php","meta":[],"_links":{"self":[{"href":"https:\/\/ltim.lt\/en\/wp-json\/wp\/v2\/pages\/3353"}],"collection":[{"href":"https:\/\/ltim.lt\/en\/wp-json\/wp\/v2\/pages"}],"about":[{"href":"https:\/\/ltim.lt\/en\/wp-json\/wp\/v2\/types\/page"}],"author":[{"embeddable":true,"href":"https:\/\/ltim.lt\/en\/wp-json\/wp\/v2\/users\/1"}],"replies":[{"embeddable":true,"href":"https:\/\/ltim.lt\/en\/wp-json\/wp\/v2\/comments?post=3353"}],"version-history":[{"count":5,"href":"https:\/\/ltim.lt\/en\/wp-json\/wp\/v2\/pages\/3353\/revisions"}],"predecessor-version":[{"id":3359,"href":"https:\/\/ltim.lt\/en\/wp-json\/wp\/v2\/pages\/3353\/revisions\/3359"}],"up":[{"embeddable":true,"href":"https:\/\/ltim.lt\/en\/wp-json\/wp\/v2\/pages\/1338"}],"wp:attachment":[{"href":"https:\/\/ltim.lt\/en\/wp-json\/wp\/v2\/media?parent=3353"}],"curies":[{"name":"wp","href":"https:\/\/api.w.org\/{rel}","templated":true}]}}