{"id":3345,"date":"2022-10-29T18:04:53","date_gmt":"2022-10-29T20:04:53","guid":{"rendered":"http:\/\/ltim.lt\/?page_id=3345"},"modified":"2022-10-29T18:06:50","modified_gmt":"2022-10-29T20:06:50","slug":"salkininkai","status":"publish","type":"page","link":"https:\/\/ltim.lt\/en\/galerija\/vietoves\/salkininkai-2\/salkininkai\/","title":{"rendered":"Salkinink\u0173 me\u010det\u0117"},"content":{"rendered":"\t\t<div data-elementor-type=\"wp-page\" data-elementor-id=\"3345\" class=\"elementor elementor-3345\" data-elementor-settings=\"[]\">\n\t\t\t\t\t\t<div class=\"elementor-inner\">\n\t\t\t\t\t\t\t<div class=\"elementor-section-wrap\">\n\t\t\t\t\t\t\t<section class=\"elementor-section elementor-top-section elementor-element elementor-element-06d6c1d elementor-section-boxed elementor-section-height-default elementor-section-height-default\" data-id=\"06d6c1d\" data-element_type=\"section\">\n\t\t\t\t\t\t<div class=\"elementor-container elementor-column-gap-default\">\n\t\t\t\t\t\t\t<div class=\"elementor-row\">\n\t\t\t\t\t<div class=\"elementor-column elementor-col-100 elementor-top-column elementor-element elementor-element-5119f5d\" data-id=\"5119f5d\" data-element_type=\"column\">\n\t\t\t<div class=\"elementor-column-wrap elementor-element-populated\">\n\t\t\t\t\t\t\t<div class=\"elementor-widget-wrap\">\n\t\t\t\t\t\t<div class=\"elementor-element elementor-element-be90bb0 elementor-view-default elementor-widget elementor-widget-icon\" data-id=\"be90bb0\" data-element_type=\"widget\" data-widget_type=\"icon.default\">\n\t\t\t\t<div class=\"elementor-widget-container\">\n\t\t\t\t\t<div class=\"elementor-icon-wrapper\">\n\t\t\t<div class=\"elementor-icon\">\n\t\t\t<i aria-hidden=\"true\" class=\"fas fa-mosque\"><\/i>\t\t\t<\/div>\n\t\t<\/div>\n\t\t\t\t<\/div>\n\t\t\t\t<\/div>\n\t\t\t\t\t\t<\/div>\n\t\t\t\t\t<\/div>\n\t\t<\/div>\n\t\t\t\t\t\t\t\t<\/div>\n\t\t\t\t\t<\/div>\n\t\t<\/section>\n\t\t\t\t<section class=\"elementor-section elementor-top-section elementor-element elementor-element-17dac4d elementor-section-boxed elementor-section-height-default elementor-section-height-default\" data-id=\"17dac4d\" data-element_type=\"section\">\n\t\t\t\t\t\t<div class=\"elementor-container elementor-column-gap-default\">\n\t\t\t\t\t\t\t<div class=\"elementor-row\">\n\t\t\t\t\t<div class=\"elementor-column elementor-col-100 elementor-top-column elementor-element elementor-element-5d43fef8\" data-id=\"5d43fef8\" data-element_type=\"column\">\n\t\t\t<div class=\"elementor-column-wrap elementor-element-populated\">\n\t\t\t\t\t\t\t<div class=\"elementor-widget-wrap\">\n\t\t\t\t\t\t<div class=\"elementor-element elementor-element-409076f elementor-widget elementor-widget-text-editor\" data-id=\"409076f\" data-element_type=\"widget\" data-widget_type=\"text-editor.default\">\n\t\t\t\t<div class=\"elementor-widget-container\">\n\t\t\t\t\t<div class=\"elementor-text-editor elementor-clearfix\"><p><span style=\"font-family: 'book antiqua', palatino, serif; color: #000000;\">1615 m. Salkininkuose pastatyta totori\u0173 me\u010det\u0117. Me\u010det\u0117s sunykimo metai n\u0117ra \u017einomi. Salkinink\u0173 parapijoje tur\u0117jo gyventi pakankamai daug totori\u0173, nes me\u010det\u0117s buvo statomos vietov\u0117se, kur tikin\u010di\u0173j\u0173 skai\u010dius siekdavo apie 200 \u017emoni\u0173. Caro laikais kaimas buvo Trak\u0173 apskrityje. 1913 m. sentikiai \u012fk\u016br\u0117 savo parapij\u0105 (iki tol jie priklaus\u0117 Danili\u0161ki\u0173 bendruomenei). Kaimas XX a. tarpukariu priklaus\u0117 Lenkijai, \u010dia stov\u0117jo Salkinink\u0173 Dievo Motinos Dangun \u0117jimo cerkv\u0117, parapijoje buvo apie 500 tikin\u010di\u0173j\u0173. XX a. 6-ojo de\u0161imtme\u010dio pabaigoje cerkv\u0117 sudeg\u0117, sentikiai v\u0117l buvo priversti lankyti Danili\u0161ki\u0173 ceerkv\u0119, am\u017eiaus pabaigoje parapija sunyko.<\/span><\/p>\n<!-- wp:tadv\/classic-paragraph \/--><\/div>\n\t\t\t\t<\/div>\n\t\t\t\t<\/div>\n\t\t\t\t\t\t<\/div>\n\t\t\t\t\t<\/div>\n\t\t<\/div>\n\t\t\t\t\t\t\t\t<\/div>\n\t\t\t\t\t<\/div>\n\t\t<\/section>\n\t\t\t\t\t\t<\/div>\n\t\t\t\t\t\t<\/div>\n\t\t\t\t\t<\/div>\n\t\t","protected":false},"excerpt":{"rendered":"<p>1615 m. Salkininkuose pastatyta totori\u0173 me\u010det\u0117. Me\u010det\u0117s sunykimo metai n\u0117ra \u017einomi. Salkinink\u0173 parapijoje tur\u0117jo gyventi pakankamai daug totori\u0173, nes me\u010det\u0117s buvo statomos vietov\u0117se, kur tikin\u010di\u0173j\u0173 skai\u010dius siekdavo apie 200 \u017emoni\u0173. Caro laikais kaimas buvo Trak\u0173 apskrityje. 1913 m. sentikiai \u012fk\u016br\u0117 savo parapij\u0105 (iki tol jie priklaus\u0117 Danili\u0161ki\u0173 bendruomenei). Kaimas XX a. tarpukariu priklaus\u0117 Lenkijai, \u010dia [&hellip;]<\/p>\n","protected":false},"author":1,"featured_media":0,"parent":3350,"menu_order":0,"comment_status":"closed","ping_status":"closed","template":"page-text.php","meta":[],"_links":{"self":[{"href":"https:\/\/ltim.lt\/en\/wp-json\/wp\/v2\/pages\/3345"}],"collection":[{"href":"https:\/\/ltim.lt\/en\/wp-json\/wp\/v2\/pages"}],"about":[{"href":"https:\/\/ltim.lt\/en\/wp-json\/wp\/v2\/types\/page"}],"author":[{"embeddable":true,"href":"https:\/\/ltim.lt\/en\/wp-json\/wp\/v2\/users\/1"}],"replies":[{"embeddable":true,"href":"https:\/\/ltim.lt\/en\/wp-json\/wp\/v2\/comments?post=3345"}],"version-history":[{"count":5,"href":"https:\/\/ltim.lt\/en\/wp-json\/wp\/v2\/pages\/3345\/revisions"}],"predecessor-version":[{"id":3352,"href":"https:\/\/ltim.lt\/en\/wp-json\/wp\/v2\/pages\/3345\/revisions\/3352"}],"up":[{"embeddable":true,"href":"https:\/\/ltim.lt\/en\/wp-json\/wp\/v2\/pages\/3350"}],"wp:attachment":[{"href":"https:\/\/ltim.lt\/en\/wp-json\/wp\/v2\/media?parent=3345"}],"curies":[{"name":"wp","href":"https:\/\/api.w.org\/{rel}","templated":true}]}}