{"id":3309,"date":"2022-10-14T19:18:09","date_gmt":"2022-10-14T21:18:09","guid":{"rendered":"http:\/\/ltim.lt\/?page_id=3309"},"modified":"2022-11-12T15:27:57","modified_gmt":"2022-11-12T17:27:57","slug":"cikagoje-buvo-pagerbti-lietuvos-totoriai","status":"publish","type":"page","link":"https:\/\/ltim.lt\/en\/galerija\/vyke-renginiai\/cikagoje-buvo-pagerbti-lietuvos-totoriai\/","title":{"rendered":"\u010cikagoje buvo pagerbti Lietuvos totoriai"},"content":{"rendered":"\n<p><img loading=\"lazy\" class=\"aligncenter size-medium\" src=\"https:\/\/pirmynpopasauli.files.wordpress.com\/2022\/11\/6.png\" width=\"433\" height=\"193\" \/><\/p>\n<p>2011 m. spalio 15 \u2013 17 d. \u010cikagoje Balzeko lietuvi\u0173 kult\u016bros muziejuje vyko istorinis renginys, skirtas \u017dalgirio m\u016b\u0161io 600-\u0173j\u0173 metini\u0173 sukak\u010diai pamin\u0117ti. Bene pirm\u0105 kart\u0105 lietuvi\u0173 ir lenk\u0173 istorijoje \u017dalgirio 600 metini\u0173 sukaktis buvo minima kartu \u0161ioms bendruomen\u0117ms suorganizavus bendr\u0105 rengin\u012f. Renginio programa skirta Lietuvos ir Lenkijos bei joms talkinusi\u0173 taut\u0173 prie\u0161 600 met\u0173 pasiektai istorinei pergalei atminti.<\/p>\n<p>Spalio 15 d. nuo pat ryto buvo galima aplankyti filatelijos, numizmatikos, heraldikos, istorijos ir gausios istorin\u0117s literat\u016bros parod\u0105, ten pat netoliese \u012fruo\u0161t\u0105 \u017dalgirio m\u016b\u0161io diaram\u0105. Po to renginio dalyviai ir lankytojai buvo pakviesti \u012f susitikim\u0105 ir pokalb\u012f apie Lietuvos totorius \u2013 \u017dalgirio m\u016b\u0161io dalyvius, j\u0173 ind\u0117l\u012f \u012f istorin\u0119 pergal\u0119. Apie Lietuvos totorius gra\u017ei\u0105 kalb\u0105 pasak\u0117 ir juos pristat\u0117 \u010cikagos istorikas Ernestas Luko\u0161evi\u010dius. Ap\u017evelgdamas Lietuvos totori\u0173 istorij\u0105 nuo \u017dalgirio iki \u0161i\u0173 dien\u0173, istorikas labai i\u0161samiai papasakojo apie Lietuvos totori\u0173 ind\u0117l\u012f ginant Lietuvos valstyb\u0119, i\u0161tikimyb\u0119 Lietuvai, jos valdovams, ypa\u010d Vytautui Did\u017eiajam. Po to Ernestas Luko\u0161evi\u010dius susirinkusiems pristat\u0117 film\u0105 apie paminklo Vytautui Did\u017eiajam atidengim\u0105 Rai\u017eiuose, kur\u012f perdav\u0117 imtynininkas Valdas Malinauskas, tuo metu lank\u0119sis \u010cikagoje. Diskusijoje apie Lietuvos totorius kalb\u0117jo ir prane\u0161\u0117j\u0105 papild\u0117 doc. dr. R. Bat\u016bra \u2013 \u017einomas istorikas, specialiai \u012f \u017dalgirio m\u016b\u0161io 600 metini\u0173 i\u0161kilmes \u010cikagoje atvyk\u0119s i\u0161 Lietuvos.<\/p>\n<p>Susitikimo dalyviams sveikinimo ra\u0161t\u0105 nusiunt\u0117 LTBS pirmininkas dr. Adas Jakubauskas. Sveikinime sakoma \u201eSveikinu Jus susirinkus \u010cikagoje pamin\u0117ti \u017dalgirio m\u016b\u0161io 600-\u0105sias metines, palink\u0117ti Jums kuo geriausios kloties. Istoriniame \u017dalgirio m\u016b\u0161yje kartu su Lietuvos ir Lenkijos kariuomen\u0117mis dalyvavo totori\u0173 raiteliai, vadovaujami Aukso Ordos chano Tochtamy\u0161o s\u016bnaus carai\u010dio D\u017eelaled-Dino. Pergal\u0117 \u0161iame m\u016b\u0161yje svarbi mums visiems \u2013 lietuviams, lenkams ir totoriams, nes buvo sulaikyta tolimesn\u0117 kry\u017eiuo\u010di\u0173 ekspansija \u012f lietuvi\u0173 ir lenk\u0173 \u017eemes. Po pergalingo m\u016b\u0161io totoriai masi\u0161kai prad\u0117jo kurtis LDK, taip sutvirtindami valstyb\u0117s gynybin\u012f paj\u0117gum\u0105.\u201c<\/p>\n<p>Per \u017einom\u0105 JAV lietuvi\u0173 i\u0161eivijos veik\u0117j\u0105 Marij\u0105 Remien\u0119, vie\u0161\u0117jusi\u0105 Vilniuje 2010 m. lapkri\u010dio prad\u017eioje, istorikas Ernestas Luko\u0161evi\u010dius A. Jakubauskui perdav\u0117 \u010cikagoje i\u0161leist\u0105 \u017dalgirio m\u016b\u0161io atminimo medal\u012f.<\/p>\n","protected":false},"excerpt":{"rendered":"<p>2011 m. spalio 15 \u2013 17 d. \u010cikagoje Balzeko lietuvi\u0173 kult\u016bros muziejuje vyko istorinis renginys, skirtas \u017dalgirio m\u016b\u0161io 600-\u0173j\u0173 metini\u0173 sukak\u010diai pamin\u0117ti. Bene pirm\u0105 kart\u0105 lietuvi\u0173 ir lenk\u0173 istorijoje \u017dalgirio 600 metini\u0173 sukaktis buvo minima kartu \u0161ioms bendruomen\u0117ms suorganizavus bendr\u0105 rengin\u012f. Renginio programa skirta Lietuvos ir Lenkijos bei joms talkinusi\u0173 taut\u0173 prie\u0161 600 met\u0173 pasiektai [&hellip;]<\/p>\n","protected":false},"author":1,"featured_media":0,"parent":2935,"menu_order":0,"comment_status":"closed","ping_status":"closed","template":"page-text.php","meta":[],"_links":{"self":[{"href":"https:\/\/ltim.lt\/en\/wp-json\/wp\/v2\/pages\/3309"}],"collection":[{"href":"https:\/\/ltim.lt\/en\/wp-json\/wp\/v2\/pages"}],"about":[{"href":"https:\/\/ltim.lt\/en\/wp-json\/wp\/v2\/types\/page"}],"author":[{"embeddable":true,"href":"https:\/\/ltim.lt\/en\/wp-json\/wp\/v2\/users\/1"}],"replies":[{"embeddable":true,"href":"https:\/\/ltim.lt\/en\/wp-json\/wp\/v2\/comments?post=3309"}],"version-history":[{"count":2,"href":"https:\/\/ltim.lt\/en\/wp-json\/wp\/v2\/pages\/3309\/revisions"}],"predecessor-version":[{"id":3486,"href":"https:\/\/ltim.lt\/en\/wp-json\/wp\/v2\/pages\/3309\/revisions\/3486"}],"up":[{"embeddable":true,"href":"https:\/\/ltim.lt\/en\/wp-json\/wp\/v2\/pages\/2935"}],"wp:attachment":[{"href":"https:\/\/ltim.lt\/en\/wp-json\/wp\/v2\/media?parent=3309"}],"curies":[{"name":"wp","href":"https:\/\/api.w.org\/{rel}","templated":true}]}}