{"id":3296,"date":"2022-10-14T18:05:14","date_gmt":"2022-10-14T20:05:14","guid":{"rendered":"http:\/\/ltim.lt\/?page_id=3296"},"modified":"2022-11-23T19:31:28","modified_gmt":"2022-11-23T21:31:28","slug":"alije","status":"publish","type":"page","link":"https:\/\/ltim.lt\/en\/galerija\/kultura\/alije\/","title":{"rendered":"\u201eAlije\u201c"},"content":{"rendered":"\n<p>Lietuvos totori\u0173 ansamblis \u201eALIJE\u201c buvo \u012fkurtas 1996 metais, rengiant koncertus, skirtus totori\u0173 ir karaim\u0173 \u012fsik\u016brimo Lietuvos Did\u017eiojoje Kunigaik\u0161tyst\u0117je 600 met\u0173 jubiliejui pamin\u0117ti. Ansamblis ir toliau t\u0119s\u0117 savo koncertin\u0119 veikl\u0105. Kolektyvas koncertavo Vilniaus, Kauno miest\u0173 dienose, \u201eOrient\u0173\u201c, totori\u0173 suva\u017eiavim\u0173, metu 2001, 2002, 2003 metais, dalyvavo tarptautiniuose festivaliuose Lenkijoje \u2013 Suvalk\u0173, Mrongovo, Vengo\u017eovo, Toma\u0161ovo, Gdansko, Barto\u0161yce miestuose. Taip pat Lenkijoje 2003 metais ansamblis \u201eAlije\u201c atstovavo Lietuvai III tarptautiniame festivalyje \u201eRozto\u010de Toma\u0161uv Liubelski\u201c, kuriame dalyvavo ispanai, graikai, makedonie\u010diai, kroatai. \u0160iame festivalyje ansambliui buvo \u012fteiktas pirmas prizas &#8211; bronzin\u0117 statul\u0117l\u0117, simbolizuojanti smuikinink\u0105.<\/p>\n<p>Ansamblis buvo da\u017enai kvie\u010diamas \u012f Lietuvos televizijos rengiamas laidas, dalyvavo naujametin\u0117je BTV programoje. Ansamblis \u201eAlije\u201c yra unikalus tuo, kad vienintelis Lietuvoje atgaivino ir puosel\u0117ja Lietuvos totori\u0173 etnines tradicijas, i\u0161siskiria egzoti\u0161kais nacionaliniais r\u016bbais, dainomis ir \u0161okiais. D\u0117l to esame mielai kvie\u010diami papuo\u0161ti \u012fvairius renginius bei priminti turting\u0105 bei spalving\u0105 Lietuvos kult\u016bros istorij\u0105.<\/p>\n<p>Ansamblio vadovas \u2013 Aleksandras Melechas, choreograf\u0117 \u2013 Rimut\u0117 \u0160imk\u016bnien\u0117.<\/p>\n<p><img loading=\"lazy\" class=\"aligncenter size-medium\" src=\"https:\/\/pirmynpopasauli.files.wordpress.com\/2022\/11\/image-69.png\" width=\"375\" height=\"244\" \/><\/p>\n","protected":false},"excerpt":{"rendered":"<p>Lietuvos totori\u0173 ansamblis \u201eALIJE\u201c buvo \u012fkurtas 1996 metais, rengiant koncertus, skirtus totori\u0173 ir karaim\u0173 \u012fsik\u016brimo Lietuvos Did\u017eiojoje Kunigaik\u0161tyst\u0117je 600 met\u0173 jubiliejui pamin\u0117ti. Ansamblis ir toliau t\u0119s\u0117 savo koncertin\u0119 veikl\u0105. Kolektyvas koncertavo Vilniaus, Kauno miest\u0173 dienose, \u201eOrient\u0173\u201c, totori\u0173 suva\u017eiavim\u0173, metu 2001, 2002, 2003 metais, dalyvavo tarptautiniuose festivaliuose Lenkijoje \u2013 Suvalk\u0173, Mrongovo, Vengo\u017eovo, Toma\u0161ovo, Gdansko, Barto\u0161yce miestuose. [&hellip;]<\/p>\n","protected":false},"author":1,"featured_media":0,"parent":2801,"menu_order":0,"comment_status":"closed","ping_status":"closed","template":"page-text.php","meta":[],"_links":{"self":[{"href":"https:\/\/ltim.lt\/en\/wp-json\/wp\/v2\/pages\/3296"}],"collection":[{"href":"https:\/\/ltim.lt\/en\/wp-json\/wp\/v2\/pages"}],"about":[{"href":"https:\/\/ltim.lt\/en\/wp-json\/wp\/v2\/types\/page"}],"author":[{"embeddable":true,"href":"https:\/\/ltim.lt\/en\/wp-json\/wp\/v2\/users\/1"}],"replies":[{"embeddable":true,"href":"https:\/\/ltim.lt\/en\/wp-json\/wp\/v2\/comments?post=3296"}],"version-history":[{"count":2,"href":"https:\/\/ltim.lt\/en\/wp-json\/wp\/v2\/pages\/3296\/revisions"}],"predecessor-version":[{"id":3903,"href":"https:\/\/ltim.lt\/en\/wp-json\/wp\/v2\/pages\/3296\/revisions\/3903"}],"up":[{"embeddable":true,"href":"https:\/\/ltim.lt\/en\/wp-json\/wp\/v2\/pages\/2801"}],"wp:attachment":[{"href":"https:\/\/ltim.lt\/en\/wp-json\/wp\/v2\/media?parent=3296"}],"curies":[{"name":"wp","href":"https:\/\/api.w.org\/{rel}","templated":true}]}}