{"id":3234,"date":"2022-10-14T16:23:10","date_gmt":"2022-10-14T18:23:10","guid":{"rendered":"http:\/\/ltim.lt\/?page_id=3234"},"modified":"2022-10-14T16:25:54","modified_gmt":"2022-10-14T18:25:54","slug":"kenos-totoriu-kapines","status":"publish","type":"page","link":"https:\/\/ltim.lt\/en\/galerija\/vietoves\/kena\/kenos-totoriu-kapines\/","title":{"rendered":"Kenos totori\u0173 kapin\u0117s"},"content":{"rendered":"\t\t<div data-elementor-type=\"wp-page\" data-elementor-id=\"3234\" class=\"elementor elementor-3234\" data-elementor-settings=\"[]\">\n\t\t\t\t\t\t<div class=\"elementor-inner\">\n\t\t\t\t\t\t\t<div class=\"elementor-section-wrap\">\n\t\t\t\t\t\t\t<section class=\"elementor-section elementor-top-section elementor-element elementor-element-22d508e elementor-section-boxed elementor-section-height-default elementor-section-height-default\" data-id=\"22d508e\" data-element_type=\"section\">\n\t\t\t\t\t\t<div class=\"elementor-container elementor-column-gap-default\">\n\t\t\t\t\t\t\t<div class=\"elementor-row\">\n\t\t\t\t\t<div class=\"elementor-column elementor-col-50 elementor-top-column elementor-element elementor-element-e887815\" data-id=\"e887815\" data-element_type=\"column\">\n\t\t\t<div class=\"elementor-column-wrap elementor-element-populated\">\n\t\t\t\t\t\t\t<div class=\"elementor-widget-wrap\">\n\t\t\t\t\t\t<div class=\"elementor-element elementor-element-05a5b39 elementor-view-default elementor-widget elementor-widget-icon\" data-id=\"05a5b39\" data-element_type=\"widget\" data-widget_type=\"icon.default\">\n\t\t\t\t<div class=\"elementor-widget-container\">\n\t\t\t\t\t<div class=\"elementor-icon-wrapper\">\n\t\t\t<div class=\"elementor-icon\">\n\t\t\t<i aria-hidden=\"true\" class=\"fas fa-moon\"><\/i>\t\t\t<\/div>\n\t\t<\/div>\n\t\t\t\t<\/div>\n\t\t\t\t<\/div>\n\t\t\t\t\t\t<\/div>\n\t\t\t\t\t<\/div>\n\t\t<\/div>\n\t\t\t\t<div class=\"elementor-column elementor-col-50 elementor-top-column elementor-element elementor-element-9a6cdce\" data-id=\"9a6cdce\" data-element_type=\"column\">\n\t\t\t<div class=\"elementor-column-wrap elementor-element-populated\">\n\t\t\t\t\t\t\t<div class=\"elementor-widget-wrap\">\n\t\t\t\t\t\t<div class=\"elementor-element elementor-element-a457507 elementor-view-default elementor-widget elementor-widget-icon\" data-id=\"a457507\" data-element_type=\"widget\" data-widget_type=\"icon.default\">\n\t\t\t\t<div class=\"elementor-widget-container\">\n\t\t\t\t\t<div class=\"elementor-icon-wrapper\">\n\t\t\t<div class=\"elementor-icon\">\n\t\t\t<i aria-hidden=\"true\" class=\"fas fa-star\"><\/i>\t\t\t<\/div>\n\t\t<\/div>\n\t\t\t\t<\/div>\n\t\t\t\t<\/div>\n\t\t\t\t\t\t<\/div>\n\t\t\t\t\t<\/div>\n\t\t<\/div>\n\t\t\t\t\t\t\t\t<\/div>\n\t\t\t\t\t<\/div>\n\t\t<\/section>\n\t\t\t\t<section class=\"elementor-section elementor-top-section elementor-element elementor-element-5a10dd5 elementor-section-boxed elementor-section-height-default elementor-section-height-default\" data-id=\"5a10dd5\" data-element_type=\"section\">\n\t\t\t\t\t\t<div class=\"elementor-container elementor-column-gap-default\">\n\t\t\t\t\t\t\t<div class=\"elementor-row\">\n\t\t\t\t\t<div class=\"elementor-column elementor-col-100 elementor-top-column elementor-element elementor-element-4ca2467b\" data-id=\"4ca2467b\" data-element_type=\"column\">\n\t\t\t<div class=\"elementor-column-wrap elementor-element-populated\">\n\t\t\t\t\t\t\t<div class=\"elementor-widget-wrap\">\n\t\t\t\t\t\t<div class=\"elementor-element elementor-element-639761e7 elementor-widget elementor-widget-text-editor\" data-id=\"639761e7\" data-element_type=\"widget\" data-widget_type=\"text-editor.default\">\n\t\t\t\t<div class=\"elementor-widget-container\">\n\t\t\t\t\t<div class=\"elementor-text-editor elementor-clearfix\"><!-- wp:tadv\/classic-paragraph -->\n<p>Kena \u2013 kaimas Vilniaus rajono savivaldyb\u0117s teritorijoje, prie kelio Vilnius \u2013 \u0160umskas ir gele\u017einkelio Vilnius \u2013 Minskas, 23 km \u012f rytus nuo Vilniaus, abipus Kenos up\u0117s. Seni\u016bnaitijos centras. Netoliese yra Kenos pasienio postas. Kenoje XVII\u2013XIX a. gyveno pakankamai didel\u0117 Lietuvos totori\u0173 bendruomen\u0117. \u010cia jie tur\u0117jo medin\u0119 me\u010det\u0119, kapines. Manoma, kad benduomen\u0117je buvo ne ma\u017eiau nei 200 tikin\u010di\u0173j\u0173. \u0160iuo metu Kenoje totori\u0173 benruomen\u0117s n\u0117ra. Gyvena tik pavieniai Lietuvos totori\u0173 palikuonys. Valdemar Vi\u0161nevski, Vilniaus rajono savivaldyb\u0117s darbuotojas, atsakingas u\u017e paveldo objekt\u0173 i\u0161saugojim\u0105, nurodo: ,,totori\u0173 kapin\u0117s yra Kenoje. \u012eva\u017eiuojant \u012f Ken\u0105 de\u0161in\u0117je pus\u0117je matome pu\u0161ait\u0117mis apaugus\u012f kalnel\u012f, kurio teritorijoje ir ilsisi Lietuvos totori\u0173 palaikai\u201d. Tol\u0117liau ant Kenos up\u0117s kranto buvo me\u010det\u0117.<\/p>\n<!-- \/wp:tadv\/classic-paragraph --><\/div>\n\t\t\t\t<\/div>\n\t\t\t\t<\/div>\n\t\t\t\t\t\t<\/div>\n\t\t\t\t\t<\/div>\n\t\t<\/div>\n\t\t\t\t\t\t\t\t<\/div>\n\t\t\t\t\t<\/div>\n\t\t<\/section>\n\t\t\t\t<section class=\"elementor-section elementor-top-section elementor-element elementor-element-6f51644 elementor-section-boxed elementor-section-height-default elementor-section-height-default\" data-id=\"6f51644\" data-element_type=\"section\">\n\t\t\t\t\t\t<div class=\"elementor-container elementor-column-gap-default\">\n\t\t\t\t\t\t\t<div class=\"elementor-row\">\n\t\t\t\t\t<div class=\"elementor-column elementor-col-100 elementor-top-column elementor-element elementor-element-18c681c\" data-id=\"18c681c\" data-element_type=\"column\">\n\t\t\t<div class=\"elementor-column-wrap elementor-element-populated\">\n\t\t\t\t\t\t\t<div class=\"elementor-widget-wrap\">\n\t\t\t\t\t\t<div class=\"elementor-element elementor-element-3ea22e9 elementor-view-default elementor-widget elementor-widget-icon\" data-id=\"3ea22e9\" data-element_type=\"widget\" data-widget_type=\"icon.default\">\n\t\t\t\t<div class=\"elementor-widget-container\">\n\t\t\t\t\t<div class=\"elementor-icon-wrapper\">\n\t\t\t<div class=\"elementor-icon\">\n\t\t\t<i aria-hidden=\"true\" class=\"fas fa-mosque\"><\/i>\t\t\t<\/div>\n\t\t<\/div>\n\t\t\t\t<\/div>\n\t\t\t\t<\/div>\n\t\t\t\t\t\t<\/div>\n\t\t\t\t\t<\/div>\n\t\t<\/div>\n\t\t\t\t\t\t\t\t<\/div>\n\t\t\t\t\t<\/div>\n\t\t<\/section>\n\t\t\t\t\t\t<\/div>\n\t\t\t\t\t\t<\/div>\n\t\t\t\t\t<\/div>\n\t\t","protected":false},"excerpt":{"rendered":"<p>Kena \u2013 kaimas Vilniaus rajono savivaldyb\u0117s teritorijoje, prie kelio Vilnius \u2013 \u0160umskas ir gele\u017einkelio Vilnius \u2013 Minskas, 23 km \u012f rytus nuo Vilniaus, abipus Kenos up\u0117s. Seni\u016bnaitijos centras. Netoliese yra Kenos pasienio postas. Kenoje XVII\u2013XIX a. gyveno pakankamai didel\u0117 Lietuvos totori\u0173 bendruomen\u0117. \u010cia jie tur\u0117jo medin\u0119 me\u010det\u0119, kapines. Manoma, kad benduomen\u0117je buvo ne ma\u017eiau nei [&hellip;]<\/p>\n","protected":false},"author":1,"featured_media":0,"parent":3232,"menu_order":0,"comment_status":"closed","ping_status":"closed","template":"page-text.php","meta":[],"_links":{"self":[{"href":"https:\/\/ltim.lt\/en\/wp-json\/wp\/v2\/pages\/3234"}],"collection":[{"href":"https:\/\/ltim.lt\/en\/wp-json\/wp\/v2\/pages"}],"about":[{"href":"https:\/\/ltim.lt\/en\/wp-json\/wp\/v2\/types\/page"}],"author":[{"embeddable":true,"href":"https:\/\/ltim.lt\/en\/wp-json\/wp\/v2\/users\/1"}],"replies":[{"embeddable":true,"href":"https:\/\/ltim.lt\/en\/wp-json\/wp\/v2\/comments?post=3234"}],"version-history":[{"count":7,"href":"https:\/\/ltim.lt\/en\/wp-json\/wp\/v2\/pages\/3234\/revisions"}],"predecessor-version":[{"id":3241,"href":"https:\/\/ltim.lt\/en\/wp-json\/wp\/v2\/pages\/3234\/revisions\/3241"}],"up":[{"embeddable":true,"href":"https:\/\/ltim.lt\/en\/wp-json\/wp\/v2\/pages\/3232"}],"wp:attachment":[{"href":"https:\/\/ltim.lt\/en\/wp-json\/wp\/v2\/media?parent=3234"}],"curies":[{"name":"wp","href":"https:\/\/api.w.org\/{rel}","templated":true}]}}