{"id":3221,"date":"2022-10-14T16:11:38","date_gmt":"2022-10-14T18:11:38","guid":{"rendered":"http:\/\/ltim.lt\/?page_id=3221"},"modified":"2022-10-14T16:26:17","modified_gmt":"2022-10-14T18:26:17","slug":"vidutiskiu-totoriu-kapines","status":"publish","type":"page","link":"https:\/\/ltim.lt\/en\/galerija\/vietoves\/vidutiskes\/vidutiskiu-totoriu-kapines\/","title":{"rendered":"Viduti\u0161ki\u0173 totori\u0173 kapin\u0117s"},"content":{"rendered":"\t\t<div data-elementor-type=\"wp-page\" data-elementor-id=\"3221\" class=\"elementor elementor-3221\" data-elementor-settings=\"[]\">\n\t\t\t\t\t\t<div class=\"elementor-inner\">\n\t\t\t\t\t\t\t<div class=\"elementor-section-wrap\">\n\t\t\t\t\t\t\t<section class=\"elementor-section elementor-top-section elementor-element elementor-element-40a9e3f elementor-section-boxed elementor-section-height-default elementor-section-height-default\" data-id=\"40a9e3f\" data-element_type=\"section\">\n\t\t\t\t\t\t<div class=\"elementor-container elementor-column-gap-default\">\n\t\t\t\t\t\t\t<div class=\"elementor-row\">\n\t\t\t\t\t<div class=\"elementor-column elementor-col-50 elementor-top-column elementor-element elementor-element-2d9c7f4\" data-id=\"2d9c7f4\" data-element_type=\"column\">\n\t\t\t<div class=\"elementor-column-wrap elementor-element-populated\">\n\t\t\t\t\t\t\t<div class=\"elementor-widget-wrap\">\n\t\t\t\t\t\t<div class=\"elementor-element elementor-element-b6edd48 elementor-view-default elementor-widget elementor-widget-icon\" data-id=\"b6edd48\" data-element_type=\"widget\" data-widget_type=\"icon.default\">\n\t\t\t\t<div class=\"elementor-widget-container\">\n\t\t\t\t\t<div class=\"elementor-icon-wrapper\">\n\t\t\t<div class=\"elementor-icon\">\n\t\t\t<i aria-hidden=\"true\" class=\"fas fa-moon\"><\/i>\t\t\t<\/div>\n\t\t<\/div>\n\t\t\t\t<\/div>\n\t\t\t\t<\/div>\n\t\t\t\t\t\t<\/div>\n\t\t\t\t\t<\/div>\n\t\t<\/div>\n\t\t\t\t<div class=\"elementor-column elementor-col-50 elementor-top-column elementor-element elementor-element-cffa078\" data-id=\"cffa078\" data-element_type=\"column\">\n\t\t\t<div class=\"elementor-column-wrap elementor-element-populated\">\n\t\t\t\t\t\t\t<div class=\"elementor-widget-wrap\">\n\t\t\t\t\t\t<div class=\"elementor-element elementor-element-47ccb2e elementor-view-default elementor-widget elementor-widget-icon\" data-id=\"47ccb2e\" data-element_type=\"widget\" data-widget_type=\"icon.default\">\n\t\t\t\t<div class=\"elementor-widget-container\">\n\t\t\t\t\t<div class=\"elementor-icon-wrapper\">\n\t\t\t<div class=\"elementor-icon\">\n\t\t\t<i aria-hidden=\"true\" class=\"fas fa-star\"><\/i>\t\t\t<\/div>\n\t\t<\/div>\n\t\t\t\t<\/div>\n\t\t\t\t<\/div>\n\t\t\t\t\t\t<\/div>\n\t\t\t\t\t<\/div>\n\t\t<\/div>\n\t\t\t\t\t\t\t\t<\/div>\n\t\t\t\t\t<\/div>\n\t\t<\/section>\n\t\t\t\t<section class=\"elementor-section elementor-top-section elementor-element elementor-element-76a58f82 elementor-section-boxed elementor-section-height-default elementor-section-height-default\" data-id=\"76a58f82\" data-element_type=\"section\">\n\t\t\t\t\t\t<div class=\"elementor-container elementor-column-gap-default\">\n\t\t\t\t\t\t\t<div class=\"elementor-row\">\n\t\t\t\t\t<div class=\"elementor-column elementor-col-100 elementor-top-column elementor-element elementor-element-42f1d6a7\" data-id=\"42f1d6a7\" data-element_type=\"column\">\n\t\t\t<div class=\"elementor-column-wrap elementor-element-populated\">\n\t\t\t\t\t\t\t<div class=\"elementor-widget-wrap\">\n\t\t\t\t\t\t<div class=\"elementor-element elementor-element-1fe77853 elementor-widget elementor-widget-text-editor\" data-id=\"1fe77853\" data-element_type=\"widget\" data-widget_type=\"text-editor.default\">\n\t\t\t\t<div class=\"elementor-widget-container\">\n\t\t\t\t\t<div class=\"elementor-text-editor elementor-clearfix\"><p><!-- wp:tadv\/classic-paragraph --><\/p>\n<p>Viduti\u0161k\u0117s \u2013 kaimas, nutol\u0119s nuo Ei\u0161i\u0161ki\u0173 apie 1.5 km.<\/p>\n<p>Ei\u0161i\u0161k\u0117s \u2013 miestas \u0160al\u010dinink\u0173 rajone, 33 km \u012f pietvakarius nuo \u0160al\u010dinink\u0173, auk\u0161tumoje prie sienos su Baltarusija. Seni\u016bnijos centras. 1384 m. Vytauto sutartyje su Kry\u017eiuo\u010di\u0173 ordinu Ei\u0161i\u0161k\u0117s minimos kaip Vytauto \u017emonos Onos Vytautien\u0117s brolio Sudimanto t\u0117vonin\u0117 valda. Nors 1382\u20131392 m., vykstant vidaus kovoms tarp Vytauto ir Jogailos, Ei\u0161i\u0161ki\u0173 pilis buvo trumpam apleista, to laikotarpio Kry\u017eiuo\u010di\u0173 karo keli\u0173 \u012f Lietuv\u0105 apra\u0161ymuose Ei\u0161i\u0161k\u0117s vadinamos miestu. Sudimantui \u017euvus 1394 m., Ei\u0161i\u0161k\u0117s per\u0117jo \u012f Vytauto vald\u017ei\u0105: nuo XIV a. 2-osios pus\u0117s minimas did\u017eiojo kunigaik\u0161\u010dio Ei\u0161i\u0161ki\u0173 dvaras. XIV a. Ei\u0161i\u0161ki\u0173 piliaviet\u0117 yra daugiau kaip u\u017e kilometro nuo miesto ba\u017eny\u010dios, prie plento \u012f \u0160al\u010dininkus. I\u0161lik\u0119 pylimai, gynybinio pilies bok\u0161to pamatai. Tai XIV a. m\u016brin\u0117s pilies griuv\u0117siai. \u017dinoma, kad i\u0161 \u0161ios pilies Vytautas Didysis para\u0161\u0117 kelet\u0105 lai\u0161k\u0173.<\/p>\n<p>Valdemar Vi\u0161nevski, Vilniaus rajono savivaldyb\u0117s darbuotojas, atsakingas u\u017e paveldo objekt\u0173 i\u0161saugojim\u0105, nurodo: ,,totori\u0173 kapin\u0117s yra Viduti\u0161ki\u0173 kaime, \u0160al\u010dinink\u0173 rajone, Ei\u0161i\u0161ki\u0173 seni\u016bnijoje\u201d. Viduti\u0161kis nutol\u0119s nuo Ei\u0161i\u0161ki\u0173 apie 1.5 km. Istoriniuose \u0161altiniuose yra nurodoma, kad Ei\u0161i\u0161k\u0117se gyveno nema\u017ea totori\u0173 bendruomen\u0117. Tik\u0117tina, kad totoriai, tarnaudami Lietuvos valdovui, saugojo Ei\u0161i\u0161ki\u0173 pil\u012f ir buvo apgyvendinti \u0160al\u010dinink\u0173 apylink\u0117se.<\/p>\n<p>D\u0117l \u0161i\u0173 prie\u017ea\u0161\u010di\u0173 buvo b\u016btinyb\u0117 tur\u0117ti savo kapines. \u0160iuo metu kapini\u0173 vieta n\u0117ra visi\u0161kai tiksliai ai\u0161ki. Vietini\u0173 gyventoj\u0173 liudijimais, totori\u0173 kapini\u0173 paminkliniai akmenys buvo i\u0161grobstyti. Daugelis paminklini\u0173 akmen\u0173 buvo panaudota vietini\u0173 gyventoj\u0173 vykdyt\u0173 statyb\u0173 metu.<\/p>\n<p><!-- \/wp:tadv\/classic-paragraph --><\/p><\/div>\n\t\t\t\t<\/div>\n\t\t\t\t<\/div>\n\t\t\t\t\t\t<\/div>\n\t\t\t\t\t<\/div>\n\t\t<\/div>\n\t\t\t\t\t\t\t\t<\/div>\n\t\t\t\t\t<\/div>\n\t\t<\/section>\n\t\t\t\t\t\t<\/div>\n\t\t\t\t\t\t<\/div>\n\t\t\t\t\t<\/div>\n\t\t","protected":false},"excerpt":{"rendered":"<p>Viduti\u0161k\u0117s \u2013 kaimas, nutol\u0119s nuo Ei\u0161i\u0161ki\u0173 apie 1.5 km. Ei\u0161i\u0161k\u0117s \u2013 miestas \u0160al\u010dinink\u0173 rajone, 33 km \u012f pietvakarius nuo \u0160al\u010dinink\u0173, auk\u0161tumoje prie sienos su Baltarusija. Seni\u016bnijos centras. 1384 m. Vytauto sutartyje su Kry\u017eiuo\u010di\u0173 ordinu Ei\u0161i\u0161k\u0117s minimos kaip Vytauto \u017emonos Onos Vytautien\u0117s brolio Sudimanto t\u0117vonin\u0117 valda. Nors 1382\u20131392 m., vykstant vidaus kovoms tarp Vytauto ir Jogailos, [&hellip;]<\/p>\n","protected":false},"author":1,"featured_media":0,"parent":3219,"menu_order":0,"comment_status":"closed","ping_status":"closed","template":"page-text.php","meta":[],"_links":{"self":[{"href":"https:\/\/ltim.lt\/en\/wp-json\/wp\/v2\/pages\/3221"}],"collection":[{"href":"https:\/\/ltim.lt\/en\/wp-json\/wp\/v2\/pages"}],"about":[{"href":"https:\/\/ltim.lt\/en\/wp-json\/wp\/v2\/types\/page"}],"author":[{"embeddable":true,"href":"https:\/\/ltim.lt\/en\/wp-json\/wp\/v2\/users\/1"}],"replies":[{"embeddable":true,"href":"https:\/\/ltim.lt\/en\/wp-json\/wp\/v2\/comments?post=3221"}],"version-history":[{"count":13,"href":"https:\/\/ltim.lt\/en\/wp-json\/wp\/v2\/pages\/3221\/revisions"}],"predecessor-version":[{"id":3245,"href":"https:\/\/ltim.lt\/en\/wp-json\/wp\/v2\/pages\/3221\/revisions\/3245"}],"up":[{"embeddable":true,"href":"https:\/\/ltim.lt\/en\/wp-json\/wp\/v2\/pages\/3219"}],"wp:attachment":[{"href":"https:\/\/ltim.lt\/en\/wp-json\/wp\/v2\/media?parent=3221"}],"curies":[{"name":"wp","href":"https:\/\/api.w.org\/{rel}","templated":true}]}}