{"id":3210,"date":"2022-10-14T15:56:47","date_gmt":"2022-10-14T17:56:47","guid":{"rendered":"http:\/\/ltim.lt\/?page_id=3210"},"modified":"2022-10-14T16:03:59","modified_gmt":"2022-10-14T18:03:59","slug":"e-drozdovos-parodos-as-esu-atidarymas-kauno-ivairiu-tautu-kulturu-centre-2022-06-15","status":"publish","type":"page","link":"https:\/\/ltim.lt\/en\/galerija\/vyke-renginiai\/e-drozdovos-parodos-as-esu-atidarymas-kauno-ivairiu-tautu-kulturu-centre-2022-06-15\/","title":{"rendered":"E. Drozdovos parodos \u201eA\u0161 esu\u2026!\u201c atidarymas Kauno \u012fvairi\u0173 taut\u0173 kult\u016br\u0173 centre 2022-06-15"},"content":{"rendered":"\t\t<div data-elementor-type=\"wp-page\" data-elementor-id=\"3210\" class=\"elementor elementor-3210\" data-elementor-settings=\"[]\">\n\t\t\t\t\t\t<div class=\"elementor-inner\">\n\t\t\t\t\t\t\t<div class=\"elementor-section-wrap\">\n\t\t\t\t\t\t\t<section class=\"elementor-section elementor-top-section elementor-element elementor-element-18701e7 elementor-section-boxed elementor-section-height-default elementor-section-height-default\" data-id=\"18701e7\" data-element_type=\"section\">\n\t\t\t\t\t\t<div class=\"elementor-container elementor-column-gap-default\">\n\t\t\t\t\t\t\t<div class=\"elementor-row\">\n\t\t\t\t\t<div class=\"elementor-column elementor-col-50 elementor-top-column elementor-element elementor-element-a10213f\" data-id=\"a10213f\" data-element_type=\"column\">\n\t\t\t<div class=\"elementor-column-wrap elementor-element-populated\">\n\t\t\t\t\t\t\t<div class=\"elementor-widget-wrap\">\n\t\t\t\t\t\t<div class=\"elementor-element elementor-element-f92cbe1 elementor-view-default elementor-widget elementor-widget-icon\" data-id=\"f92cbe1\" data-element_type=\"widget\" data-widget_type=\"icon.default\">\n\t\t\t\t<div class=\"elementor-widget-container\">\n\t\t\t\t\t<div class=\"elementor-icon-wrapper\">\n\t\t\t<div class=\"elementor-icon\">\n\t\t\t<i aria-hidden=\"true\" class=\"fas fa-paint-brush\"><\/i>\t\t\t<\/div>\n\t\t<\/div>\n\t\t\t\t<\/div>\n\t\t\t\t<\/div>\n\t\t\t\t\t\t<\/div>\n\t\t\t\t\t<\/div>\n\t\t<\/div>\n\t\t\t\t<div class=\"elementor-column elementor-col-50 elementor-top-column elementor-element elementor-element-412bf64\" data-id=\"412bf64\" data-element_type=\"column\">\n\t\t\t<div class=\"elementor-column-wrap elementor-element-populated\">\n\t\t\t\t\t\t\t<div class=\"elementor-widget-wrap\">\n\t\t\t\t\t\t<div class=\"elementor-element elementor-element-8a366d1 elementor-view-default elementor-widget elementor-widget-icon\" data-id=\"8a366d1\" data-element_type=\"widget\" data-widget_type=\"icon.default\">\n\t\t\t\t<div class=\"elementor-widget-container\">\n\t\t\t\t\t<div class=\"elementor-icon-wrapper\">\n\t\t\t<div class=\"elementor-icon\">\n\t\t\t<i aria-hidden=\"true\" class=\"fas fa-palette\"><\/i>\t\t\t<\/div>\n\t\t<\/div>\n\t\t\t\t<\/div>\n\t\t\t\t<\/div>\n\t\t\t\t\t\t<\/div>\n\t\t\t\t\t<\/div>\n\t\t<\/div>\n\t\t\t\t\t\t\t\t<\/div>\n\t\t\t\t\t<\/div>\n\t\t<\/section>\n\t\t\t\t<section class=\"elementor-section elementor-top-section elementor-element elementor-element-cee4be5 elementor-section-boxed elementor-section-height-default elementor-section-height-default\" data-id=\"cee4be5\" data-element_type=\"section\">\n\t\t\t\t\t\t<div class=\"elementor-container elementor-column-gap-default\">\n\t\t\t\t\t\t\t<div class=\"elementor-row\">\n\t\t\t\t\t<div class=\"elementor-column elementor-col-100 elementor-top-column elementor-element elementor-element-1b1128a5\" data-id=\"1b1128a5\" data-element_type=\"column\">\n\t\t\t<div class=\"elementor-column-wrap elementor-element-populated\">\n\t\t\t\t\t\t\t<div class=\"elementor-widget-wrap\">\n\t\t\t\t\t\t<div class=\"elementor-element elementor-element-6f0ec590 elementor-widget elementor-widget-text-editor\" data-id=\"6f0ec590\" data-element_type=\"widget\" data-widget_type=\"text-editor.default\">\n\t\t\t\t<div class=\"elementor-widget-container\">\n\t\t\t\t\t<div class=\"elementor-text-editor elementor-clearfix\"><p><!-- wp:tadv\/classic-paragraph --><\/p>\n<p>Elvira Drozdova. Gim\u0117 1984 m. bir\u017eelio 28 d. Samarkande, Uzbekistane. 1995 m. su t\u0117vais ir broliu persik\u0117l\u0117 gyventi \u012f Eupatorij\u0105 Kryme. 2014 m. ji buvo priversta i\u0161vykti su \u0161eima i\u0161 Krymo d\u0117l Rusijos kariuomen\u0117s \u012fvykdytos pusiasalio okupacijos. Nuo 2016 m. bir\u017eelio m\u0117n. gyvena Lietuvoje.\u00a0<\/p>\n<p>Elvira Drozdova \u2013 Krymo totori\u0173 kilm\u0117s meninink\u0117, liaudies meninink\u0117, profesionali siuvin\u0117toja, Eupatorijos amatinink\u0173 artel\u0117s nar\u0117. Profesionaliai siuvin\u0117ja, pasitelkdama \u012fvairias technikas, ypating\u0105 d\u0117mes\u012f skiria Krymo totoriams b\u016bdingai siuvin\u0117jimo auksu technikai ir ornamentui Ornek.<\/p>\n<p>Krymo totori\u0173 ra\u0161to technika Ornek atliktas darbas \u201eLaim\u0117\u201c (ukr. \u201e\u0429\u0430\u0441\u0442\u044f\u201c), 40X50 cm, 2021 m., akrilas, drob\u0117.<\/p>\n<p>Gana da\u017enas stilizuotas migdol\u0173 atvaizdas (Badem \u2013 Krymo totori\u0173 kalba rei\u0161kia jaun\u0105 mergait\u0119). Dekoratyvinio gimin\u0117s med\u017eio strukt\u016broje vaizduojama jos \u0161eima: t\u0117vai, seneliai, \u0161eima kaip did\u017eiausia visuomenin\u0117 vertyb\u0117 ir kt. bei palink\u0117jimai atei\u010diai, siejamai su \u0161eima, vaik\u0173 gimimu. Ro\u017e\u0117s \u017eiedas simbolizuoja mam\u0105, tulp\u0117 \u2013 t\u0117v\u0105, migdolas \u2013 dukr\u0105, ma\u017eos tulp\u0117s \u2013 s\u016bnus. Stilizuotos g\u0117l\u0117s simbolizuoja \u0161eimos narius, pagarb\u0105, meil\u0119 ir j\u0173 draugyst\u0119.<\/p>\n<p>Ma\u017ei vaisiai vadinami bereket. Krymo totori\u0173 kalba tai rei\u0161kia kasdienin\u012f darb\u0105, kuris ne\u0161a ir materialin\u0119, ir dvasin\u0119 gerov\u0119. Tai yra laim\u0117.<\/p>\n<p>Ornek \u2013 unikalus Krymo totori\u0173 ornamentas, kuriame pagal kompozicij\u0105 \u012f vien\u0105 sistem\u0105 sujungiami ma\u017edaug 35 smulk\u016bs botaniniai ir geometriniai elementai.<\/p>\n<p>Daug met\u0173 \u0161is ornamentas naudotas siuvin\u0117jant, aud\u017eiant, graviruojant, keramikoje, gaminant papuo\u0161alus, med\u017eio dro\u017eyboje, stiklui, freskoms ir kt.<\/p>\n<p>Krymo totori\u0173 ornamentas ornek 2018 m. vasario m\u0117n. \u012ftrauktas \u012f Ukrainos nematerialaus kult\u016bros paveldo element\u0173 nacionalin\u012f s\u0105ra\u0161\u0105, o 2021 m. gruod\u017eio m\u0117n. oficialiai \u012ftrauktas \u012f UNESCO Pasaulio nematerialaus kult\u016bros paveldo s\u0105ra\u0161\u0105.<\/p>\n<p><!-- \/wp:tadv\/classic-paragraph --><\/p><\/div>\n\t\t\t\t<\/div>\n\t\t\t\t<\/div>\n\t\t\t\t\t\t<\/div>\n\t\t\t\t\t<\/div>\n\t\t<\/div>\n\t\t\t\t\t\t\t\t<\/div>\n\t\t\t\t\t<\/div>\n\t\t<\/section>\n\t\t\t\t\t\t<\/div>\n\t\t\t\t\t\t<\/div>\n\t\t\t\t\t<\/div>\n\t\t","protected":false},"excerpt":{"rendered":"<p>Elvira Drozdova. Gim\u0117 1984 m. bir\u017eelio 28 d. Samarkande, Uzbekistane. 1995 m. su t\u0117vais ir broliu persik\u0117l\u0117 gyventi \u012f Eupatorij\u0105 Kryme. 2014 m. ji buvo priversta i\u0161vykti su \u0161eima i\u0161 Krymo d\u0117l Rusijos kariuomen\u0117s \u012fvykdytos pusiasalio okupacijos. Nuo 2016 m. bir\u017eelio m\u0117n. gyvena Lietuvoje.\u00a0 Elvira Drozdova \u2013 Krymo totori\u0173 kilm\u0117s meninink\u0117, liaudies meninink\u0117, profesionali siuvin\u0117toja, [&hellip;]<\/p>\n","protected":false},"author":1,"featured_media":0,"parent":2935,"menu_order":0,"comment_status":"closed","ping_status":"closed","template":"page-text.php","meta":[],"_links":{"self":[{"href":"https:\/\/ltim.lt\/en\/wp-json\/wp\/v2\/pages\/3210"}],"collection":[{"href":"https:\/\/ltim.lt\/en\/wp-json\/wp\/v2\/pages"}],"about":[{"href":"https:\/\/ltim.lt\/en\/wp-json\/wp\/v2\/types\/page"}],"author":[{"embeddable":true,"href":"https:\/\/ltim.lt\/en\/wp-json\/wp\/v2\/users\/1"}],"replies":[{"embeddable":true,"href":"https:\/\/ltim.lt\/en\/wp-json\/wp\/v2\/comments?post=3210"}],"version-history":[{"count":7,"href":"https:\/\/ltim.lt\/en\/wp-json\/wp\/v2\/pages\/3210\/revisions"}],"predecessor-version":[{"id":3218,"href":"https:\/\/ltim.lt\/en\/wp-json\/wp\/v2\/pages\/3210\/revisions\/3218"}],"up":[{"embeddable":true,"href":"https:\/\/ltim.lt\/en\/wp-json\/wp\/v2\/pages\/2935"}],"wp:attachment":[{"href":"https:\/\/ltim.lt\/en\/wp-json\/wp\/v2\/media?parent=3210"}],"curies":[{"name":"wp","href":"https:\/\/api.w.org\/{rel}","templated":true}]}}